{"id":57,"date":"2026-03-28T01:12:23","date_gmt":"2026-03-28T00:12:23","guid":{"rendered":"https:\/\/snkrstore.shop\/katherin\/?post_type=product&#038;p=57"},"modified":"2026-05-09T15:25:03","modified_gmt":"2026-05-09T13:25:03","slug":"tenis-new-balance-327","status":"publish","type":"product","link":"https:\/\/snkrstore.shop\/katherin\/producto\/tenis-new-balance-327\/","title":{"rendered":"New Balance 327"},"content":{"rendered":"","protected":false},"excerpt":{"rendered":"<p>Entra en un estilo atemporal con nuestro referencia New Balance 327, con una parte superior blanca n\u00edtida combinada con una rica suela marr\u00f3n. Estas zapatillas combinan sin esfuerzo comodidad y sofisticaci\u00f3n, convirti\u00e9ndolas en el complemento perfecto para cualquier ocasi\u00f3n.<\/p>\n","protected":false},"featured_media":55,"comment_status":"open","ping_status":"closed","template":"","meta":{"_joinchat":[]},"product_brand":[],"product_cat":[18],"product_tag":[],"class_list":{"0":"post-57","1":"product","2":"type-product","3":"status-publish","4":"has-post-thumbnail","6":"product_cat-tenis-clasicos","8":"first","9":"instock","10":"sale","11":"shipping-taxable","12":"purchasable","13":"product-type-simple"},"yoast_head":"<!-- This site is optimized with the Yoast SEO plugin v27.5 - https:\/\/yoast.com\/product\/yoast-seo-wordpress\/ -->\n<title>New Balance 327 - SNKR STORE<\/title>\n<meta name=\"robots\" content=\"index, follow, max-snippet:-1, max-image-preview:large, max-video-preview:-1\" \/>\n<link rel=\"canonical\" href=\"https:\/\/snkrstore.shop\/katherin\/producto\/tenis-new-balance-327\/\" \/>\n<meta property=\"og:locale\" content=\"es_ES\" \/>\n<meta property=\"og:type\" content=\"article\" \/>\n<meta property=\"og:title\" content=\"New Balance 327 - SNKR STORE\" \/>\n<meta property=\"og:description\" content=\"Entra en un estilo atemporal con nuestro referencia New Balance 327, con una parte superior blanca n\u00edtida combinada con una rica suela marr\u00f3n. Estas zapatillas combinan sin esfuerzo comodidad y sofisticaci\u00f3n, convirti\u00e9ndolas en el complemento perfecto para cualquier ocasi\u00f3n.\" \/>\n<meta property=\"og:url\" content=\"https:\/\/snkrstore.shop\/katherin\/producto\/tenis-new-balance-327\/\" \/>\n<meta property=\"og:site_name\" content=\"SNKR STORE\" \/>\n<meta property=\"article:modified_time\" content=\"2026-05-09T13:25:03+00:00\" \/>\n<meta name=\"twitter:card\" content=\"summary_large_image\" \/>\n<meta name=\"twitter:label1\" content=\"Tiempo de lectura\" \/>\n\t<meta name=\"twitter:data1\" content=\"1 minuto\" \/>\n<script type=\"application\/ld+json\" class=\"yoast-schema-graph\">{\"@context\":\"https:\\\/\\\/schema.org\",\"@graph\":[{\"@type\":\"WebPage\",\"@id\":\"https:\\\/\\\/snkrstore.shop\\\/katherin\\\/producto\\\/tenis-new-balance-327\\\/\",\"url\":\"https:\\\/\\\/snkrstore.shop\\\/katherin\\\/producto\\\/tenis-new-balance-327\\\/\",\"name\":\"New Balance 327 - SNKR STORE\",\"isPartOf\":{\"@id\":\"https:\\\/\\\/snkrstore.shop\\\/katherin\\\/#website\"},\"primaryImageOfPage\":{\"@id\":\"https:\\\/\\\/snkrstore.shop\\\/katherin\\\/producto\\\/tenis-new-balance-327\\\/#primaryimage\"},\"image\":{\"@id\":\"https:\\\/\\\/snkrstore.shop\\\/katherin\\\/producto\\\/tenis-new-balance-327\\\/#primaryimage\"},\"thumbnailUrl\":\"https:\\\/\\\/snkrstore.shop\\\/katherin\\\/wp-content\\\/uploads\\\/2026\\\/03\\\/1_converted-2.avif\",\"datePublished\":\"2026-03-28T00:12:23+00:00\",\"dateModified\":\"2026-05-09T13:25:03+00:00\",\"breadcrumb\":{\"@id\":\"https:\\\/\\\/snkrstore.shop\\\/katherin\\\/producto\\\/tenis-new-balance-327\\\/#breadcrumb\"},\"inLanguage\":\"es\",\"potentialAction\":[{\"@type\":\"ReadAction\",\"target\":[\"https:\\\/\\\/snkrstore.shop\\\/katherin\\\/producto\\\/tenis-new-balance-327\\\/\"]}]},{\"@type\":\"ImageObject\",\"inLanguage\":\"es\",\"@id\":\"https:\\\/\\\/snkrstore.shop\\\/katherin\\\/producto\\\/tenis-new-balance-327\\\/#primaryimage\",\"url\":\"https:\\\/\\\/snkrstore.shop\\\/katherin\\\/wp-content\\\/uploads\\\/2026\\\/03\\\/1_converted-2.avif\",\"contentUrl\":\"https:\\\/\\\/snkrstore.shop\\\/katherin\\\/wp-content\\\/uploads\\\/2026\\\/03\\\/1_converted-2.avif\",\"width\":1000,\"height\":1000,\"caption\":\"Tenis cl\u00e1sicos referencia 327\"},{\"@type\":\"BreadcrumbList\",\"@id\":\"https:\\\/\\\/snkrstore.shop\\\/katherin\\\/producto\\\/tenis-new-balance-327\\\/#breadcrumb\",\"itemListElement\":[{\"@type\":\"ListItem\",\"position\":1,\"name\":\"Portada\",\"item\":\"https:\\\/\\\/snkrstore.shop\\\/katherin\\\/\"},{\"@type\":\"ListItem\",\"position\":2,\"name\":\"Tienda\",\"item\":\"https:\\\/\\\/snkrstore.shop\\\/katherin\\\/tienda\\\/\"},{\"@type\":\"ListItem\",\"position\":3,\"name\":\"New Balance 327\"}]},{\"@type\":\"WebSite\",\"@id\":\"https:\\\/\\\/snkrstore.shop\\\/katherin\\\/#website\",\"url\":\"https:\\\/\\\/snkrstore.shop\\\/katherin\\\/\",\"name\":\"SNKR STORE\",\"description\":\"\",\"potentialAction\":[{\"@type\":\"SearchAction\",\"target\":{\"@type\":\"EntryPoint\",\"urlTemplate\":\"https:\\\/\\\/snkrstore.shop\\\/katherin\\\/?s={search_term_string}\"},\"query-input\":{\"@type\":\"PropertyValueSpecification\",\"valueRequired\":true,\"valueName\":\"search_term_string\"}}],\"inLanguage\":\"es\"}]}<\/script>\n<!-- \/ Yoast SEO plugin. -->","yoast_head_json":{"title":"New Balance 327 - SNKR STORE","robots":{"index":"index","follow":"follow","max-snippet":"max-snippet:-1","max-image-preview":"max-image-preview:large","max-video-preview":"max-video-preview:-1"},"canonical":"https:\/\/snkrstore.shop\/katherin\/producto\/tenis-new-balance-327\/","og_locale":"es_ES","og_type":"article","og_title":"New Balance 327 - SNKR STORE","og_description":"Entra en un estilo atemporal con nuestro referencia New Balance 327, con una parte superior blanca n\u00edtida combinada con una rica suela marr\u00f3n. Estas zapatillas combinan sin esfuerzo comodidad y sofisticaci\u00f3n, convirti\u00e9ndolas en el complemento perfecto para cualquier ocasi\u00f3n.","og_url":"https:\/\/snkrstore.shop\/katherin\/producto\/tenis-new-balance-327\/","og_site_name":"SNKR STORE","article_modified_time":"2026-05-09T13:25:03+00:00","twitter_card":"summary_large_image","twitter_misc":{"Tiempo de lectura":"1 minuto"},"schema":{"@context":"https:\/\/schema.org","@graph":[{"@type":"WebPage","@id":"https:\/\/snkrstore.shop\/katherin\/producto\/tenis-new-balance-327\/","url":"https:\/\/snkrstore.shop\/katherin\/producto\/tenis-new-balance-327\/","name":"New Balance 327 - SNKR STORE","isPartOf":{"@id":"https:\/\/snkrstore.shop\/katherin\/#website"},"primaryImageOfPage":{"@id":"https:\/\/snkrstore.shop\/katherin\/producto\/tenis-new-balance-327\/#primaryimage"},"image":{"@id":"https:\/\/snkrstore.shop\/katherin\/producto\/tenis-new-balance-327\/#primaryimage"},"thumbnailUrl":"https:\/\/snkrstore.shop\/katherin\/wp-content\/uploads\/2026\/03\/1_converted-2.avif","datePublished":"2026-03-28T00:12:23+00:00","dateModified":"2026-05-09T13:25:03+00:00","breadcrumb":{"@id":"https:\/\/snkrstore.shop\/katherin\/producto\/tenis-new-balance-327\/#breadcrumb"},"inLanguage":"es","potentialAction":[{"@type":"ReadAction","target":["https:\/\/snkrstore.shop\/katherin\/producto\/tenis-new-balance-327\/"]}]},{"@type":"ImageObject","inLanguage":"es","@id":"https:\/\/snkrstore.shop\/katherin\/producto\/tenis-new-balance-327\/#primaryimage","url":"https:\/\/snkrstore.shop\/katherin\/wp-content\/uploads\/2026\/03\/1_converted-2.avif","contentUrl":"https:\/\/snkrstore.shop\/katherin\/wp-content\/uploads\/2026\/03\/1_converted-2.avif","width":1000,"height":1000,"caption":"Tenis cl\u00e1sicos referencia 327"},{"@type":"BreadcrumbList","@id":"https:\/\/snkrstore.shop\/katherin\/producto\/tenis-new-balance-327\/#breadcrumb","itemListElement":[{"@type":"ListItem","position":1,"name":"Portada","item":"https:\/\/snkrstore.shop\/katherin\/"},{"@type":"ListItem","position":2,"name":"Tienda","item":"https:\/\/snkrstore.shop\/katherin\/tienda\/"},{"@type":"ListItem","position":3,"name":"New Balance 327"}]},{"@type":"WebSite","@id":"https:\/\/snkrstore.shop\/katherin\/#website","url":"https:\/\/snkrstore.shop\/katherin\/","name":"SNKR STORE","description":"","potentialAction":[{"@type":"SearchAction","target":{"@type":"EntryPoint","urlTemplate":"https:\/\/snkrstore.shop\/katherin\/?s={search_term_string}"},"query-input":{"@type":"PropertyValueSpecification","valueRequired":true,"valueName":"search_term_string"}}],"inLanguage":"es"}]}},"_links":{"self":[{"href":"https:\/\/snkrstore.shop\/katherin\/wp-json\/wp\/v2\/product\/57","targetHints":{"allow":["GET"]}}],"collection":[{"href":"https:\/\/snkrstore.shop\/katherin\/wp-json\/wp\/v2\/product"}],"about":[{"href":"https:\/\/snkrstore.shop\/katherin\/wp-json\/wp\/v2\/types\/product"}],"replies":[{"embeddable":true,"href":"https:\/\/snkrstore.shop\/katherin\/wp-json\/wp\/v2\/comments?post=57"}],"wp:featuredmedia":[{"embeddable":true,"href":"https:\/\/snkrstore.shop\/katherin\/wp-json\/wp\/v2\/media\/55"}],"wp:attachment":[{"href":"https:\/\/snkrstore.shop\/katherin\/wp-json\/wp\/v2\/media?parent=57"}],"wp:term":[{"taxonomy":"product_brand","embeddable":true,"href":"https:\/\/snkrstore.shop\/katherin\/wp-json\/wp\/v2\/product_brand?post=57"},{"taxonomy":"product_cat","embeddable":true,"href":"https:\/\/snkrstore.shop\/katherin\/wp-json\/wp\/v2\/product_cat?post=57"},{"taxonomy":"product_tag","embeddable":true,"href":"https:\/\/snkrstore.shop\/katherin\/wp-json\/wp\/v2\/product_tag?post=57"}],"curies":[{"name":"wp","href":"https:\/\/api.w.org\/{rel}","templated":true}]}}