{"id":26,"date":"2026-03-21T17:08:46","date_gmt":"2026-03-21T16:08:46","guid":{"rendered":"https:\/\/snkrstore.shop\/katherin\/?page_id=26"},"modified":"2026-05-09T02:21:18","modified_gmt":"2026-05-09T00:21:18","slug":"cambios-y-devoluciones","status":"publish","type":"page","link":"https:\/\/snkrstore.shop\/katherin\/cambios-y-devoluciones\/","title":{"rendered":"Cambios y devoluci\u00f3nes"},"content":{"rendered":"<p>En SNKR STORE queremos que tengas la mejor experiencia con tu compra. Por eso, contamos con una pol\u00edtica de cambios clara y sencilla para nuestros clientes en Cali y todo el pa\u00eds.<\/p>\r\n<p><strong>Cambios<\/strong><\/p>\r\n<p>Los cambios pueden solicitarse dentro de los primeros 5 d\u00edas calendario despu\u00e9s de recibir el pedido.El producto debe estar sin uso, en perfecto estado, limpio y con su caja original.<\/p>\r\n<p>Solo se realizan cambios por: Talla, referencia disponible, producto con defecto de fabrica<\/p>\r\n<p><strong>Importante<\/strong><\/p>\r\n<p>No realizamos devoluci\u00f3n de dinero, excepto en casos contemplados por garant\u00eda, los costos de env\u00edo por cambio corren por cuenta del cliente, salvo que el producto presente un defecto de f\u00e1brica. Las referencias en promoci\u00f3n o con descuento no tienen cambio.<\/p>\r\n<p><strong>\u00bfC\u00f3mo solicitar un cambio?<\/strong><\/p>\r\n<p>Puedes comunicarte con nosotros a trav\u00e9s de: WhatsApp, Instagram, Correo de electr\u00f3nico\u00a0<\/p>\r\n<p>Indicando: N\u00famero de pedido, Nombre de pedido, nombre completo, motivo del cambio, fotos del producto ( si aplica)<\/p>\r\n<p><em><strong>SNKR STORE se reserva el derecho de aceptar cambios que no cumplan con las condiciones anteriormente mencionadas.<\/strong><\/em><\/p>\r\n","protected":false},"excerpt":{"rendered":"<p>En SNKR STORE queremos que tengas la mejor experiencia con tu compra. Por eso, contamos con una pol\u00edtica de cambios clara y sencilla para nuestros clientes en Cali y todo el pa\u00eds. Cambios Los cambios pueden solicitarse dentro de los primeros 5 d\u00edas calendario despu\u00e9s de recibir el pedido.El producto debe estar sin uso, en [&#8230;]\n","protected":false},"author":1,"featured_media":0,"parent":0,"menu_order":0,"comment_status":"closed","ping_status":"closed","template":"","meta":{"_joinchat":[],"footnotes":""},"class_list":["post-26","page","type-page","status-publish","hentry"],"yoast_head":"<!-- This site is optimized with the Yoast SEO plugin v27.5 - https:\/\/yoast.com\/product\/yoast-seo-wordpress\/ -->\n<title>Cambios y devoluci\u00f3nes - SNKR STORE<\/title>\n<meta name=\"robots\" content=\"index, follow, max-snippet:-1, max-image-preview:large, max-video-preview:-1\" \/>\n<link rel=\"canonical\" href=\"https:\/\/snkrstore.shop\/katherin\/cambios-y-devoluciones\/\" \/>\n<meta property=\"og:locale\" content=\"es_ES\" \/>\n<meta property=\"og:type\" content=\"article\" \/>\n<meta property=\"og:title\" content=\"Cambios y devoluci\u00f3nes - SNKR STORE\" \/>\n<meta property=\"og:description\" content=\"En SNKR STORE queremos que tengas la mejor experiencia con tu compra. Por eso, contamos con una pol\u00edtica de cambios clara y sencilla para nuestros clientes en Cali y todo el pa\u00eds. Cambios Los cambios pueden solicitarse dentro de los primeros 5 d\u00edas calendario despu\u00e9s de recibir el pedido.El producto debe estar sin uso, en [...]\" \/>\n<meta property=\"og:url\" content=\"https:\/\/snkrstore.shop\/katherin\/cambios-y-devoluciones\/\" \/>\n<meta property=\"og:site_name\" content=\"SNKR STORE\" \/>\n<meta property=\"article:modified_time\" content=\"2026-05-09T00:21:18+00:00\" \/>\n<meta name=\"twitter:card\" content=\"summary_large_image\" \/>\n<meta name=\"twitter:label1\" content=\"Tiempo de lectura\" \/>\n\t<meta name=\"twitter:data1\" content=\"1 minuto\" \/>\n<script type=\"application\/ld+json\" class=\"yoast-schema-graph\">{\"@context\":\"https:\\\/\\\/schema.org\",\"@graph\":[{\"@type\":\"WebPage\",\"@id\":\"https:\\\/\\\/snkrstore.shop\\\/katherin\\\/cambios-y-devoluciones\\\/\",\"url\":\"https:\\\/\\\/snkrstore.shop\\\/katherin\\\/cambios-y-devoluciones\\\/\",\"name\":\"Cambios y devoluci\u00f3nes - SNKR STORE\",\"isPartOf\":{\"@id\":\"https:\\\/\\\/snkrstore.shop\\\/katherin\\\/#website\"},\"datePublished\":\"2026-03-21T16:08:46+00:00\",\"dateModified\":\"2026-05-09T00:21:18+00:00\",\"breadcrumb\":{\"@id\":\"https:\\\/\\\/snkrstore.shop\\\/katherin\\\/cambios-y-devoluciones\\\/#breadcrumb\"},\"inLanguage\":\"es\",\"potentialAction\":[{\"@type\":\"ReadAction\",\"target\":[\"https:\\\/\\\/snkrstore.shop\\\/katherin\\\/cambios-y-devoluciones\\\/\"]}]},{\"@type\":\"BreadcrumbList\",\"@id\":\"https:\\\/\\\/snkrstore.shop\\\/katherin\\\/cambios-y-devoluciones\\\/#breadcrumb\",\"itemListElement\":[{\"@type\":\"ListItem\",\"position\":1,\"name\":\"Portada\",\"item\":\"https:\\\/\\\/snkrstore.shop\\\/katherin\\\/\"},{\"@type\":\"ListItem\",\"position\":2,\"name\":\"Cambios y devoluci\u00f3nes\"}]},{\"@type\":\"WebSite\",\"@id\":\"https:\\\/\\\/snkrstore.shop\\\/katherin\\\/#website\",\"url\":\"https:\\\/\\\/snkrstore.shop\\\/katherin\\\/\",\"name\":\"SNKR STORE\",\"description\":\"\",\"potentialAction\":[{\"@type\":\"SearchAction\",\"target\":{\"@type\":\"EntryPoint\",\"urlTemplate\":\"https:\\\/\\\/snkrstore.shop\\\/katherin\\\/?s={search_term_string}\"},\"query-input\":{\"@type\":\"PropertyValueSpecification\",\"valueRequired\":true,\"valueName\":\"search_term_string\"}}],\"inLanguage\":\"es\"}]}<\/script>\n<!-- \/ Yoast SEO plugin. -->","yoast_head_json":{"title":"Cambios y devoluci\u00f3nes - SNKR STORE","robots":{"index":"index","follow":"follow","max-snippet":"max-snippet:-1","max-image-preview":"max-image-preview:large","max-video-preview":"max-video-preview:-1"},"canonical":"https:\/\/snkrstore.shop\/katherin\/cambios-y-devoluciones\/","og_locale":"es_ES","og_type":"article","og_title":"Cambios y devoluci\u00f3nes - SNKR STORE","og_description":"En SNKR STORE queremos que tengas la mejor experiencia con tu compra. Por eso, contamos con una pol\u00edtica de cambios clara y sencilla para nuestros clientes en Cali y todo el pa\u00eds. Cambios Los cambios pueden solicitarse dentro de los primeros 5 d\u00edas calendario despu\u00e9s de recibir el pedido.El producto debe estar sin uso, en [...]","og_url":"https:\/\/snkrstore.shop\/katherin\/cambios-y-devoluciones\/","og_site_name":"SNKR STORE","article_modified_time":"2026-05-09T00:21:18+00:00","twitter_card":"summary_large_image","twitter_misc":{"Tiempo de lectura":"1 minuto"},"schema":{"@context":"https:\/\/schema.org","@graph":[{"@type":"WebPage","@id":"https:\/\/snkrstore.shop\/katherin\/cambios-y-devoluciones\/","url":"https:\/\/snkrstore.shop\/katherin\/cambios-y-devoluciones\/","name":"Cambios y devoluci\u00f3nes - SNKR STORE","isPartOf":{"@id":"https:\/\/snkrstore.shop\/katherin\/#website"},"datePublished":"2026-03-21T16:08:46+00:00","dateModified":"2026-05-09T00:21:18+00:00","breadcrumb":{"@id":"https:\/\/snkrstore.shop\/katherin\/cambios-y-devoluciones\/#breadcrumb"},"inLanguage":"es","potentialAction":[{"@type":"ReadAction","target":["https:\/\/snkrstore.shop\/katherin\/cambios-y-devoluciones\/"]}]},{"@type":"BreadcrumbList","@id":"https:\/\/snkrstore.shop\/katherin\/cambios-y-devoluciones\/#breadcrumb","itemListElement":[{"@type":"ListItem","position":1,"name":"Portada","item":"https:\/\/snkrstore.shop\/katherin\/"},{"@type":"ListItem","position":2,"name":"Cambios y devoluci\u00f3nes"}]},{"@type":"WebSite","@id":"https:\/\/snkrstore.shop\/katherin\/#website","url":"https:\/\/snkrstore.shop\/katherin\/","name":"SNKR STORE","description":"","potentialAction":[{"@type":"SearchAction","target":{"@type":"EntryPoint","urlTemplate":"https:\/\/snkrstore.shop\/katherin\/?s={search_term_string}"},"query-input":{"@type":"PropertyValueSpecification","valueRequired":true,"valueName":"search_term_string"}}],"inLanguage":"es"}]}},"_links":{"self":[{"href":"https:\/\/snkrstore.shop\/katherin\/wp-json\/wp\/v2\/pages\/26","targetHints":{"allow":["GET"]}}],"collection":[{"href":"https:\/\/snkrstore.shop\/katherin\/wp-json\/wp\/v2\/pages"}],"about":[{"href":"https:\/\/snkrstore.shop\/katherin\/wp-json\/wp\/v2\/types\/page"}],"author":[{"embeddable":true,"href":"https:\/\/snkrstore.shop\/katherin\/wp-json\/wp\/v2\/users\/1"}],"replies":[{"embeddable":true,"href":"https:\/\/snkrstore.shop\/katherin\/wp-json\/wp\/v2\/comments?post=26"}],"version-history":[{"count":4,"href":"https:\/\/snkrstore.shop\/katherin\/wp-json\/wp\/v2\/pages\/26\/revisions"}],"predecessor-version":[{"id":326,"href":"https:\/\/snkrstore.shop\/katherin\/wp-json\/wp\/v2\/pages\/26\/revisions\/326"}],"wp:attachment":[{"href":"https:\/\/snkrstore.shop\/katherin\/wp-json\/wp\/v2\/media?parent=26"}],"curies":[{"name":"wp","href":"https:\/\/api.w.org\/{rel}","templated":true}]}}