{"id":24,"date":"2026-03-21T17:08:03","date_gmt":"2026-03-21T16:08:03","guid":{"rendered":"https:\/\/snkrstore.shop\/katherin\/?page_id=24"},"modified":"2026-04-11T17:50:27","modified_gmt":"2026-04-11T15:50:27","slug":"preguntas-frecuentes","status":"publish","type":"page","link":"https:\/\/snkrstore.shop\/katherin\/preguntas-frecuentes\/","title":{"rendered":"Preguntas frecuentes"},"content":{"rendered":"<div class=\"container section-title-container\" ><h1 class=\"section-title section-title-center\"><b aria-hidden=\"true\"><\/b><span class=\"section-title-main\" style=\"color:rgb(19, 96, 153);\"><i class=\"icon-search\" aria-hidden=\"true\"><\/i>PREGUNTAS FRECUENTES<\/span><b aria-hidden=\"true\"><\/b><\/h1><\/div>\n<div class=\"accordion\">\n\t<div id=\"accordion-1375301318\" class=\"accordion-item\">\n\t\t<a id=\"accordion-1375301318-label\" class=\"accordion-title plain\" href=\"#accordion-item-\u00bfcu\u00e1nto-tarda-en-llegar-mi-pedido?\" aria-expanded=\"false\" aria-controls=\"accordion-1375301318-content\">\n\t\t\t<button class=\"toggle\" aria-label=\"Toggle\"><i class=\"icon-angle-down\" aria-hidden=\"true\"><\/i><\/button>\n\t\t\t<span>\u00bfCu\u00e1nto tarda en llegar mi pedido?<\/span>\n\t\t<\/a>\n\t\t<div id=\"accordion-1375301318-content\" class=\"accordion-inner\" aria-labelledby=\"accordion-1375301318-label\">\n\t\t\t\n<p>Tu pedido llegar\u00e1 entre 1 a 5 d\u00edas h\u00e1biles.\u00a0<\/p>\n\t\t<\/div>\n\t<\/div>\n\t\n\t<div id=\"accordion-2666499259\" class=\"accordion-item\">\n\t\t<a id=\"accordion-2666499259-label\" class=\"accordion-title plain\" href=\"#accordion-item-\u00bflos-tenis-son-originales?\" aria-expanded=\"false\" aria-controls=\"accordion-2666499259-content\">\n\t\t\t<button class=\"toggle\" aria-label=\"Toggle\"><i class=\"icon-angle-down\" aria-hidden=\"true\"><\/i><\/button>\n\t\t\t<span>\u00bfLos tenis son originales?<\/span>\n\t\t<\/a>\n\t\t<div id=\"accordion-2666499259-content\" class=\"accordion-inner\" aria-labelledby=\"accordion-2666499259-label\">\n\t\t\t\n<p>Nuestros tenis son<strong> replica AAA, <\/strong>con una\u00a0excelente calidad, durabilidad y confort.\u00a0<\/p>\n\t\t<\/div>\n\t<\/div>\n\t\n\t<div id=\"accordion-830625438\" class=\"accordion-item\">\n\t\t<a id=\"accordion-830625438-label\" class=\"accordion-title plain\" href=\"#accordion-item-\u00bfcomo-elijo-mi-talla-correcta?\" aria-expanded=\"false\" aria-controls=\"accordion-830625438-content\">\n\t\t\t<button class=\"toggle\" aria-label=\"Toggle\"><i class=\"icon-angle-down\" aria-hidden=\"true\"><\/i><\/button>\n\t\t\t<span>\u00bfComo elijo mi talla correcta?<\/span>\n\t\t<\/a>\n\t\t<div id=\"accordion-830625438-content\" class=\"accordion-inner\" aria-labelledby=\"accordion-830625438-label\">\n\t\t\t\n<p>Escr\u00edbenos para mayor informaci\u00f3n y asesor\u00eda personalizada por medio de nuestro <a href=\"https:\/\/wa.me\/573187686287\" target=\"_blank\" rel=\"noopener\">WhatsApp<\/a>. Nosotros te ayudaremos a elegir tu talla correcta.\u00a0<\/p>\n\t\t<\/div>\n\t<\/div>\n\t\n\t<div id=\"accordion-989585884\" class=\"accordion-item\">\n\t\t<a id=\"accordion-989585884-label\" class=\"accordion-title plain\" href=\"#accordion-item-\u00bfque-medios-de-pago-manejan?\" aria-expanded=\"false\" aria-controls=\"accordion-989585884-content\">\n\t\t\t<button class=\"toggle\" aria-label=\"Toggle\"><i class=\"icon-angle-down\" aria-hidden=\"true\"><\/i><\/button>\n\t\t\t<span>\u00bfQue medios de pago manejan?<\/span>\n\t\t<\/a>\n\t\t<div id=\"accordion-989585884-content\" class=\"accordion-inner\" aria-labelledby=\"accordion-989585884-label\">\n\t\t\t\n<p>Nuestros medios de pagos son: Efectivo, Cuenta Bancolombia, Nequi y Daviplata<\/p>\n\t\t<\/div>\n\t<\/div>\n\t\n\t<div id=\"accordion-952473352\" class=\"accordion-item\">\n\t\t<a id=\"accordion-952473352-label\" class=\"accordion-title plain\" href=\"#accordion-item-\u00bfhacen-env\u00edos-a-todo-el-pa\u00eds?\" aria-expanded=\"false\" aria-controls=\"accordion-952473352-content\">\n\t\t\t<button class=\"toggle\" aria-label=\"Toggle\"><i class=\"icon-angle-down\" aria-hidden=\"true\"><\/i><\/button>\n\t\t\t<span>\u00bfHacen env\u00edos a todo el pa\u00eds?<\/span>\n\t\t<\/a>\n\t\t<div id=\"accordion-952473352-content\" class=\"accordion-inner\" aria-labelledby=\"accordion-952473352-label\">\n\t\t\t\n<p>Si! hacemos env\u00edos a nivel a nacionales, una vez despachado te enviaremos tu numero de gu\u00eda, para que sepas donde esta tu pedido en todo momento.<\/p>\n\t\t<\/div>\n\t<\/div>\n\t\n<\/div>\n","protected":false},"excerpt":{"rendered":"","protected":false},"author":1,"featured_media":0,"parent":0,"menu_order":0,"comment_status":"closed","ping_status":"closed","template":"","meta":{"_joinchat":[],"footnotes":""},"class_list":["post-24","page","type-page","status-publish","hentry"],"yoast_head":"<!-- This site is optimized with the Yoast SEO plugin v27.5 - https:\/\/yoast.com\/product\/yoast-seo-wordpress\/ -->\n<title>Preguntas frecuentes - SNKR STORE<\/title>\n<meta name=\"robots\" content=\"index, follow, max-snippet:-1, max-image-preview:large, max-video-preview:-1\" \/>\n<link rel=\"canonical\" href=\"https:\/\/snkrstore.shop\/katherin\/preguntas-frecuentes\/\" \/>\n<meta property=\"og:locale\" content=\"es_ES\" \/>\n<meta property=\"og:type\" content=\"article\" \/>\n<meta property=\"og:title\" content=\"Preguntas frecuentes - SNKR STORE\" \/>\n<meta property=\"og:url\" content=\"https:\/\/snkrstore.shop\/katherin\/preguntas-frecuentes\/\" \/>\n<meta property=\"og:site_name\" content=\"SNKR STORE\" \/>\n<meta property=\"article:modified_time\" content=\"2026-04-11T15:50:27+00:00\" \/>\n<meta name=\"twitter:card\" content=\"summary_large_image\" \/>\n<meta name=\"twitter:label1\" content=\"Tiempo de lectura\" \/>\n\t<meta name=\"twitter:data1\" content=\"1 minuto\" \/>\n<script type=\"application\/ld+json\" class=\"yoast-schema-graph\">{\"@context\":\"https:\\\/\\\/schema.org\",\"@graph\":[{\"@type\":\"WebPage\",\"@id\":\"https:\\\/\\\/snkrstore.shop\\\/katherin\\\/preguntas-frecuentes\\\/\",\"url\":\"https:\\\/\\\/snkrstore.shop\\\/katherin\\\/preguntas-frecuentes\\\/\",\"name\":\"Preguntas frecuentes - SNKR STORE\",\"isPartOf\":{\"@id\":\"https:\\\/\\\/snkrstore.shop\\\/katherin\\\/#website\"},\"datePublished\":\"2026-03-21T16:08:03+00:00\",\"dateModified\":\"2026-04-11T15:50:27+00:00\",\"breadcrumb\":{\"@id\":\"https:\\\/\\\/snkrstore.shop\\\/katherin\\\/preguntas-frecuentes\\\/#breadcrumb\"},\"inLanguage\":\"es\",\"potentialAction\":[{\"@type\":\"ReadAction\",\"target\":[\"https:\\\/\\\/snkrstore.shop\\\/katherin\\\/preguntas-frecuentes\\\/\"]}]},{\"@type\":\"BreadcrumbList\",\"@id\":\"https:\\\/\\\/snkrstore.shop\\\/katherin\\\/preguntas-frecuentes\\\/#breadcrumb\",\"itemListElement\":[{\"@type\":\"ListItem\",\"position\":1,\"name\":\"Portada\",\"item\":\"https:\\\/\\\/snkrstore.shop\\\/katherin\\\/\"},{\"@type\":\"ListItem\",\"position\":2,\"name\":\"Preguntas frecuentes\"}]},{\"@type\":\"WebSite\",\"@id\":\"https:\\\/\\\/snkrstore.shop\\\/katherin\\\/#website\",\"url\":\"https:\\\/\\\/snkrstore.shop\\\/katherin\\\/\",\"name\":\"SNKR STORE\",\"description\":\"\",\"potentialAction\":[{\"@type\":\"SearchAction\",\"target\":{\"@type\":\"EntryPoint\",\"urlTemplate\":\"https:\\\/\\\/snkrstore.shop\\\/katherin\\\/?s={search_term_string}\"},\"query-input\":{\"@type\":\"PropertyValueSpecification\",\"valueRequired\":true,\"valueName\":\"search_term_string\"}}],\"inLanguage\":\"es\"}]}<\/script>\n<!-- \/ Yoast SEO plugin. -->","yoast_head_json":{"title":"Preguntas frecuentes - SNKR STORE","robots":{"index":"index","follow":"follow","max-snippet":"max-snippet:-1","max-image-preview":"max-image-preview:large","max-video-preview":"max-video-preview:-1"},"canonical":"https:\/\/snkrstore.shop\/katherin\/preguntas-frecuentes\/","og_locale":"es_ES","og_type":"article","og_title":"Preguntas frecuentes - SNKR STORE","og_url":"https:\/\/snkrstore.shop\/katherin\/preguntas-frecuentes\/","og_site_name":"SNKR STORE","article_modified_time":"2026-04-11T15:50:27+00:00","twitter_card":"summary_large_image","twitter_misc":{"Tiempo de lectura":"1 minuto"},"schema":{"@context":"https:\/\/schema.org","@graph":[{"@type":"WebPage","@id":"https:\/\/snkrstore.shop\/katherin\/preguntas-frecuentes\/","url":"https:\/\/snkrstore.shop\/katherin\/preguntas-frecuentes\/","name":"Preguntas frecuentes - SNKR STORE","isPartOf":{"@id":"https:\/\/snkrstore.shop\/katherin\/#website"},"datePublished":"2026-03-21T16:08:03+00:00","dateModified":"2026-04-11T15:50:27+00:00","breadcrumb":{"@id":"https:\/\/snkrstore.shop\/katherin\/preguntas-frecuentes\/#breadcrumb"},"inLanguage":"es","potentialAction":[{"@type":"ReadAction","target":["https:\/\/snkrstore.shop\/katherin\/preguntas-frecuentes\/"]}]},{"@type":"BreadcrumbList","@id":"https:\/\/snkrstore.shop\/katherin\/preguntas-frecuentes\/#breadcrumb","itemListElement":[{"@type":"ListItem","position":1,"name":"Portada","item":"https:\/\/snkrstore.shop\/katherin\/"},{"@type":"ListItem","position":2,"name":"Preguntas frecuentes"}]},{"@type":"WebSite","@id":"https:\/\/snkrstore.shop\/katherin\/#website","url":"https:\/\/snkrstore.shop\/katherin\/","name":"SNKR STORE","description":"","potentialAction":[{"@type":"SearchAction","target":{"@type":"EntryPoint","urlTemplate":"https:\/\/snkrstore.shop\/katherin\/?s={search_term_string}"},"query-input":{"@type":"PropertyValueSpecification","valueRequired":true,"valueName":"search_term_string"}}],"inLanguage":"es"}]}},"_links":{"self":[{"href":"https:\/\/snkrstore.shop\/katherin\/wp-json\/wp\/v2\/pages\/24","targetHints":{"allow":["GET"]}}],"collection":[{"href":"https:\/\/snkrstore.shop\/katherin\/wp-json\/wp\/v2\/pages"}],"about":[{"href":"https:\/\/snkrstore.shop\/katherin\/wp-json\/wp\/v2\/types\/page"}],"author":[{"embeddable":true,"href":"https:\/\/snkrstore.shop\/katherin\/wp-json\/wp\/v2\/users\/1"}],"replies":[{"embeddable":true,"href":"https:\/\/snkrstore.shop\/katherin\/wp-json\/wp\/v2\/comments?post=24"}],"version-history":[{"count":6,"href":"https:\/\/snkrstore.shop\/katherin\/wp-json\/wp\/v2\/pages\/24\/revisions"}],"predecessor-version":[{"id":150,"href":"https:\/\/snkrstore.shop\/katherin\/wp-json\/wp\/v2\/pages\/24\/revisions\/150"}],"wp:attachment":[{"href":"https:\/\/snkrstore.shop\/katherin\/wp-json\/wp\/v2\/media?parent=24"}],"curies":[{"name":"wp","href":"https:\/\/api.w.org\/{rel}","templated":true}]}}