{"id":214,"date":"2026-04-18T17:43:19","date_gmt":"2026-04-18T15:43:19","guid":{"rendered":"https:\/\/snkrstore.shop\/katherin\/?page_id=214"},"modified":"2026-05-07T23:07:09","modified_gmt":"2026-05-07T21:07:09","slug":"landing-page","status":"publish","type":"page","link":"https:\/\/snkrstore.shop\/katherin\/landing-page\/","title":{"rendered":"Media Maraton Cali 2026"},"content":{"rendered":"\t\t<div data-elementor-type=\"wp-page\" data-elementor-id=\"214\" class=\"elementor elementor-214\" data-elementor-post-type=\"page\">\n\t\t\t\t<div class=\"elementor-element elementor-element-dd5f231 e-grid e-con-boxed e-con e-parent\" data-id=\"dd5f231\" data-element_type=\"container\" data-e-type=\"container\">\n\t\t\t\t\t<div class=\"e-con-inner\">\n\t\t\t\t\t\t\t\n\t\t<img class=\"e-image-base \" \n\t\t\t\t\tdata-interaction-id=\"ed49350\" \n\t\t \n\t\t \n\t\t\t\t\t\t\t\t\tid=\"223\"\n\t\t\t\t\t\t\t\t\t\t\t\tsrc=\"https:\/\/snkrstore.shop\/katherin\/wp-content\/uploads\/2026\/04\/IMG_1277.jpg\"\n\t\t\t\t\t\t\t\t\t\t\t\twidth=\"1200\"\n\t\t\t\t\t\t\t\t\t\t\t\theight=\"1500\"\n\t\t\t\t\t\t\t\t\t\t\t\tsrcset=\"https:\/\/snkrstore.shop\/katherin\/wp-content\/uploads\/2026\/04\/IMG_1277.jpg 1200w, https:\/\/snkrstore.shop\/katherin\/wp-content\/uploads\/2026\/04\/IMG_1277-240x300.jpg 240w, https:\/\/snkrstore.shop\/katherin\/wp-content\/uploads\/2026\/04\/IMG_1277-819x1024.jpg 819w, https:\/\/snkrstore.shop\/katherin\/wp-content\/uploads\/2026\/04\/IMG_1277-768x960.jpg 768w, https:\/\/snkrstore.shop\/katherin\/wp-content\/uploads\/2026\/04\/IMG_1277-600x750.jpg 600w\"\n\t\t\t\t\t\t\t\t\t\t\t\talt=\"tu pisada deja huella\"\n\t\t\t\t\t\t\/>\n\t\t\t\t\t<div class=\"elementor-element elementor-element-4b432aa elementor-widget elementor-widget-text-editor\" data-id=\"4b432aa\" data-element_type=\"widget\" data-e-type=\"widget\" data-widget_type=\"text-editor.default\">\n\t\t\t\t\t\t\t\t\t<h1 style=\"text-align: center;\"><img decoding=\"async\" class=\"alignnone wp-image-167 aligncenter\" src=\"https:\/\/snkrstore.shop\/katherin\/wp-content\/uploads\/2026\/04\/1-1-e1776286228271-300x278.png\" alt=\"logo con fondo blanco\" width=\"113\" height=\"105\" srcset=\"https:\/\/snkrstore.shop\/katherin\/wp-content\/uploads\/2026\/04\/1-1-e1776286228271-300x278.png 300w, https:\/\/snkrstore.shop\/katherin\/wp-content\/uploads\/2026\/04\/1-1-e1776286228271-1024x948.png 1024w, https:\/\/snkrstore.shop\/katherin\/wp-content\/uploads\/2026\/04\/1-1-e1776286228271-768x711.png 768w, https:\/\/snkrstore.shop\/katherin\/wp-content\/uploads\/2026\/04\/1-1-e1776286228271-1536x1422.png 1536w, https:\/\/snkrstore.shop\/katherin\/wp-content\/uploads\/2026\/04\/1-1-e1776286228271-600x556.png 600w, https:\/\/snkrstore.shop\/katherin\/wp-content\/uploads\/2026\/04\/1-1-e1776286228271.png 1620w\" sizes=\"(max-width: 113px) 100vw, 113px\" \/>\u00a0<\/h1><h1 style=\"text-align: center;\"><span style=\"font-size: 130%;\"><strong>CADA PASO CUENTA:<\/strong><\/span><\/h1><p style=\"text-align: center;\"><span style=\"color: #333333;\"><strong><span style=\"font-size: 140%;\"><em>Equ\u00edpate para conquistar la Media Marat\u00f3n de Cali 2026. <\/em><\/span><\/strong><\/span><\/p><p style=\"text-align: center;\"><span style=\"font-size: 200%; background-color: #ffffff; color: #d83131;\"><strong>21K &#8211; 10K &#8211; 5K<\/strong><\/span><\/p><p style=\"text-align: center;\" data-start=\"217\" data-end=\"375\"><span style=\"font-size: 140%; color: #3f6d91;\">Encuentra en <strong>SNKR STORE <\/strong>los tenis ideales para rendir al m\u00e1ximo en cada kil\u00f3metro.<\/span><\/p><p data-start=\"217\" data-end=\"375\"><img fetchpriority=\"high\" decoding=\"async\" class=\"alignnone size-medium wp-image-224 aligncenter\" src=\"https:\/\/snkrstore.shop\/katherin\/wp-content\/uploads\/2026\/04\/logo-MMC25-300x300.png\" alt=\"logo media maratona cali\" width=\"300\" height=\"300\" srcset=\"https:\/\/snkrstore.shop\/katherin\/wp-content\/uploads\/2026\/04\/logo-MMC25-300x300.png 300w, https:\/\/snkrstore.shop\/katherin\/wp-content\/uploads\/2026\/04\/logo-MMC25-150x150.png 150w, https:\/\/snkrstore.shop\/katherin\/wp-content\/uploads\/2026\/04\/logo-MMC25-600x600.png 600w, https:\/\/snkrstore.shop\/katherin\/wp-content\/uploads\/2026\/04\/logo-MMC25-100x100.png 100w, https:\/\/snkrstore.shop\/katherin\/wp-content\/uploads\/2026\/04\/logo-MMC25.png 700w\" sizes=\"(max-width: 300px) 100vw, 300px\" \/><\/p>\t\t\t\t\t\t\t\t<\/div>\n\t\t\t\t<div class=\"elementor-element elementor-element-daa95eb elementor-widget elementor-widget-heading\" data-id=\"daa95eb\" data-element_type=\"widget\" data-e-type=\"widget\" data-widget_type=\"heading.default\">\n\t\t\t\t\t<h2 class=\"elementor-heading-title elementor-size-default\"><a href=\"https:\/\/snkrstore.shop\/katherin\/\" target=\"_blank\">\u00a1Inscrib\u00e9te y te daremos el 10% de descuento en tu  primera compra!<\/a><\/h2>\t\t\t\t<\/div>\n\t\t\t\t\t\t\t\t<p class=\"e-3cc41d6-8ed7ab3 e-paragraph-base\" data-interaction-id=\"3cc41d6\"  >\n\t\t\t\t\t\t\t\tFormulario:\n\t\t\t\t\t<\/p>\n\t\t\t\t\t<\/div>\n\t\t\t\t<\/div>\n\t\t<div class=\"elementor-element elementor-element-d20c0a3 e-grid e-con-boxed e-con e-parent\" data-id=\"d20c0a3\" data-element_type=\"container\" data-e-type=\"container\">\n\t\t\t\t\t<div class=\"e-con-inner\">\n\t\t\t\t\t\t\t\t\t<div data-id=\"a0c07b2\" data-interaction-id=\"a0c07b2\" data-e-type=\"e-youtube\"  class=\"e-youtube-base\"  data-settings=\"&#x7B;&quot;source&quot;&#x3A;&quot;https&#x3A;&#x5C;&#x2F;&#x5C;&#x2F;youtu.be&#x5C;&#x2F;ygz6_zcL2xw&quot;,&quot;autoplay&quot;&#x3A;false,&quot;mute&quot;&#x3A;false,&quot;controls&quot;&#x3A;true,&quot;cc_load_policy&quot;&#x3A;false,&quot;loop&quot;&#x3A;false,&quot;rel&quot;&#x3A;true,&quot;start&quot;&#x3A;null,&quot;end&quot;&#x3A;null,&quot;privacy&quot;&#x3A;false,&quot;lazyload&quot;&#x3A;false&#x7D;\"><\/div>\n\t\t\t\t<div class=\"elementor-element elementor-element-7139415 elementor-button-align-stretch elementor-widget elementor-widget-form\" data-id=\"7139415\" data-element_type=\"widget\" data-e-type=\"widget\" data-settings=\"{&quot;step_next_label&quot;:&quot;Next&quot;,&quot;step_previous_label&quot;:&quot;Previous&quot;,&quot;button_width&quot;:&quot;100&quot;,&quot;step_type&quot;:&quot;number_text&quot;,&quot;step_icon_shape&quot;:&quot;circle&quot;}\" data-widget_type=\"form.default\">\n\t\t\t\t\t\t\t<form class=\"elementor-form\" method=\"post\" name=\"New Form\" aria-label=\"New Form\">\n\t\t\t<input type=\"hidden\" name=\"post_id\" value=\"214\"\/>\n\t\t\t<input type=\"hidden\" name=\"form_id\" value=\"7139415\"\/>\n\t\t\t<input type=\"hidden\" name=\"referer_title\" value=\"Media Maraton Cali 2026 - SNKR STORE\" \/>\n\n\t\t\t\t\t\t\t<input type=\"hidden\" name=\"queried_id\" value=\"214\"\/>\n\t\t\t\n\t\t\t<div class=\"elementor-form-fields-wrapper elementor-labels-above\">\n\t\t\t\t\t\t\t\t<div class=\"elementor-field-type-text elementor-field-group elementor-column elementor-field-group-name elementor-col-100\">\n\t\t\t\t\t\t\t\t\t\t\t\t<label for=\"form-field-name\" class=\"elementor-field-label\">\n\t\t\t\t\t\t\t\tNombre\t\t\t\t\t\t\t<\/label>\n\t\t\t\t\t\t\t\t\t\t\t\t\t\t<input size=\"1\" type=\"text\" name=\"form_fields[name]\" id=\"form-field-name\" class=\"elementor-field elementor-size-sm  elementor-field-textual\" placeholder=\"Nombre\">\n\t\t\t\t\t\t\t\t\t\t\t<\/div>\n\t\t\t\t\t\t\t\t<div class=\"elementor-field-type-email elementor-field-group elementor-column elementor-field-group-email elementor-col-100 elementor-field-required\">\n\t\t\t\t\t\t\t\t\t\t\t\t<label for=\"form-field-email\" class=\"elementor-field-label\">\n\t\t\t\t\t\t\t\tCorreo electr\u00f3nico \t\t\t\t\t\t\t<\/label>\n\t\t\t\t\t\t\t\t\t\t\t\t\t\t<input size=\"1\" type=\"email\" name=\"form_fields[email]\" id=\"form-field-email\" class=\"elementor-field elementor-size-sm  elementor-field-textual\" placeholder=\"Correo electronico\" required=\"required\">\n\t\t\t\t\t\t\t\t\t\t\t<\/div>\n\t\t\t\t\t\t\t\t<div class=\"elementor-field-type-textarea elementor-field-group elementor-column elementor-field-group-message elementor-col-100\">\n\t\t\t\t\t\t\t\t\t\t\t\t<label for=\"form-field-message\" class=\"elementor-field-label\">\n\t\t\t\t\t\t\t\tMensaje\t\t\t\t\t\t\t<\/label>\n\t\t\t\t\t\t<textarea class=\"elementor-field-textual elementor-field  elementor-size-sm\" name=\"form_fields[message]\" id=\"form-field-message\" rows=\"4\" placeholder=\"Mensaje\"><\/textarea>\t\t\t\t<\/div>\n\t\t\t\t\t\t\t\t<div class=\"elementor-field-group elementor-column elementor-field-type-submit elementor-col-100 e-form__buttons\">\n\t\t\t\t\t<button class=\"elementor-button elementor-size-sm\" type=\"submit\">\n\t\t\t\t\t\t<span class=\"elementor-button-content-wrapper\">\n\t\t\t\t\t\t\t\t\t\t\t\t\t\t\t\t\t\t\t\t\t\t<span class=\"elementor-button-text\">Enviar<\/span>\n\t\t\t\t\t\t\t\t\t\t\t\t\t<\/span>\n\t\t\t\t\t<\/button>\n\t\t\t\t<\/div>\n\t\t\t<\/div>\n\t\t<\/form>\n\t\t\t\t\t\t<\/div>\n\t\t\t\t\t<\/div>\n\t\t\t\t<\/div>\n\t\t\t\t<div class=\"elementor-element elementor-element-8593e8b e-con e-atomic-element e-flexbox-base\" data-id=\"8593e8b\" data-element_type=\"e-flexbox\" data-e-type=\"e-flexbox\" data-interaction-id=\"8593e8b\">\n\t\t\t\t\t\t\t\n\t\t<img class=\"e-image-base \" \n\t\t\t\t\tdata-interaction-id=\"e157b8a\" \n\t\t \n\t\t \n\t\t\t\t\t\t\t\t\tid=\"268\"\n\t\t\t\t\t\t\t\t\t\t\t\tsrc=\"https:\/\/snkrstore.shop\/katherin\/wp-content\/uploads\/2026\/04\/4Bxt2zV_media-maraton-cali.jpg\"\n\t\t\t\t\t\t\t\t\t\t\t\twidth=\"1440\"\n\t\t\t\t\t\t\t\t\t\t\t\theight=\"801\"\n\t\t\t\t\t\t\t\t\t\t\t\tsrcset=\"https:\/\/snkrstore.shop\/katherin\/wp-content\/uploads\/2026\/04\/4Bxt2zV_media-maraton-cali.jpg 1440w, https:\/\/snkrstore.shop\/katherin\/wp-content\/uploads\/2026\/04\/4Bxt2zV_media-maraton-cali-300x167.jpg 300w, https:\/\/snkrstore.shop\/katherin\/wp-content\/uploads\/2026\/04\/4Bxt2zV_media-maraton-cali-1024x570.jpg 1024w, https:\/\/snkrstore.shop\/katherin\/wp-content\/uploads\/2026\/04\/4Bxt2zV_media-maraton-cali-768x427.jpg 768w, https:\/\/snkrstore.shop\/katherin\/wp-content\/uploads\/2026\/04\/4Bxt2zV_media-maraton-cali-600x334.jpg 600w\"\n\t\t\t\t\t\t\t\t\t\t\t\talt=\"media maraton cali\"\n\t\t\t\t\t\t\/>\n\t\t\t\t\t<\/div>\n\t\t\t\t<\/div>\n\t\t","protected":false},"excerpt":{"rendered":"<p>CADA PASO CUENTA: Equ\u00edpate para conquistar la Media Marat\u00f3n de Cali 2026. 21K &#8211; 10K &#8211; 5K Encuentra en SNKR STORE los tenis ideales para rendir al m\u00e1ximo en cada kil\u00f3metro. \u00a1Inscrib\u00e9te y te daremos el 10% de descuento en tu primera compra! Formulario:<\/p>\n","protected":false},"author":1,"featured_media":0,"parent":0,"menu_order":0,"comment_status":"closed","ping_status":"closed","template":"page-blank-landingpage.php","meta":{"_joinchat":[],"footnotes":""},"class_list":["post-214","page","type-page","status-publish","hentry"],"yoast_head":"<!-- This site is optimized with the Yoast SEO plugin v27.5 - https:\/\/yoast.com\/product\/yoast-seo-wordpress\/ -->\n<title>Media Maraton Cali 2026 - SNKR STORE<\/title>\n<meta name=\"robots\" content=\"index, follow, max-snippet:-1, max-image-preview:large, max-video-preview:-1\" \/>\n<link rel=\"canonical\" href=\"https:\/\/snkrstore.shop\/katherin\/landing-page\/\" \/>\n<meta property=\"og:locale\" content=\"es_ES\" \/>\n<meta property=\"og:type\" content=\"article\" \/>\n<meta property=\"og:title\" content=\"Media Maraton Cali 2026 - SNKR STORE\" \/>\n<meta property=\"og:description\" content=\"CADA PASO CUENTA: Equ\u00edpate para conquistar la Media Marat\u00f3n de Cali 2026. 21K &#8211; 10K &#8211; 5K Encuentra en SNKR STORE los tenis ideales para rendir al m\u00e1ximo en cada kil\u00f3metro. \u00a1Inscrib\u00e9te y te daremos el 10% de descuento en tu primera compra! Formulario:\" \/>\n<meta property=\"og:url\" content=\"https:\/\/snkrstore.shop\/katherin\/landing-page\/\" \/>\n<meta property=\"og:site_name\" content=\"SNKR STORE\" \/>\n<meta property=\"article:modified_time\" content=\"2026-05-07T21:07:09+00:00\" \/>\n<meta property=\"og:image\" content=\"https:\/\/snkrstore.shop\/katherin\/wp-content\/uploads\/2026\/04\/IMG_1277.jpg\" \/>\n<meta name=\"twitter:card\" content=\"summary_large_image\" \/>\n<meta name=\"twitter:label1\" content=\"Tiempo de lectura\" \/>\n\t<meta name=\"twitter:data1\" content=\"1 minuto\" \/>\n<script type=\"application\/ld+json\" class=\"yoast-schema-graph\">{\"@context\":\"https:\\\/\\\/schema.org\",\"@graph\":[{\"@type\":\"WebPage\",\"@id\":\"https:\\\/\\\/snkrstore.shop\\\/katherin\\\/landing-page\\\/\",\"url\":\"https:\\\/\\\/snkrstore.shop\\\/katherin\\\/landing-page\\\/\",\"name\":\"Media Maraton Cali 2026 - SNKR STORE\",\"isPartOf\":{\"@id\":\"https:\\\/\\\/snkrstore.shop\\\/katherin\\\/#website\"},\"primaryImageOfPage\":{\"@id\":\"https:\\\/\\\/snkrstore.shop\\\/katherin\\\/landing-page\\\/#primaryimage\"},\"image\":{\"@id\":\"https:\\\/\\\/snkrstore.shop\\\/katherin\\\/landing-page\\\/#primaryimage\"},\"thumbnailUrl\":\"https:\\\/\\\/snkrstore.shop\\\/katherin\\\/wp-content\\\/uploads\\\/2026\\\/04\\\/IMG_1277.jpg\",\"datePublished\":\"2026-04-18T15:43:19+00:00\",\"dateModified\":\"2026-05-07T21:07:09+00:00\",\"breadcrumb\":{\"@id\":\"https:\\\/\\\/snkrstore.shop\\\/katherin\\\/landing-page\\\/#breadcrumb\"},\"inLanguage\":\"es\",\"potentialAction\":[{\"@type\":\"ReadAction\",\"target\":[\"https:\\\/\\\/snkrstore.shop\\\/katherin\\\/landing-page\\\/\"]}]},{\"@type\":\"ImageObject\",\"inLanguage\":\"es\",\"@id\":\"https:\\\/\\\/snkrstore.shop\\\/katherin\\\/landing-page\\\/#primaryimage\",\"url\":\"https:\\\/\\\/snkrstore.shop\\\/katherin\\\/wp-content\\\/uploads\\\/2026\\\/04\\\/IMG_1277.jpg\",\"contentUrl\":\"https:\\\/\\\/snkrstore.shop\\\/katherin\\\/wp-content\\\/uploads\\\/2026\\\/04\\\/IMG_1277.jpg\",\"width\":1200,\"height\":1500,\"caption\":\"tu pisada deja huella\"},{\"@type\":\"BreadcrumbList\",\"@id\":\"https:\\\/\\\/snkrstore.shop\\\/katherin\\\/landing-page\\\/#breadcrumb\",\"itemListElement\":[{\"@type\":\"ListItem\",\"position\":1,\"name\":\"Portada\",\"item\":\"https:\\\/\\\/snkrstore.shop\\\/katherin\\\/\"},{\"@type\":\"ListItem\",\"position\":2,\"name\":\"Media Maraton Cali 2026\"}]},{\"@type\":\"WebSite\",\"@id\":\"https:\\\/\\\/snkrstore.shop\\\/katherin\\\/#website\",\"url\":\"https:\\\/\\\/snkrstore.shop\\\/katherin\\\/\",\"name\":\"SNKR STORE\",\"description\":\"\",\"potentialAction\":[{\"@type\":\"SearchAction\",\"target\":{\"@type\":\"EntryPoint\",\"urlTemplate\":\"https:\\\/\\\/snkrstore.shop\\\/katherin\\\/?s={search_term_string}\"},\"query-input\":{\"@type\":\"PropertyValueSpecification\",\"valueRequired\":true,\"valueName\":\"search_term_string\"}}],\"inLanguage\":\"es\"}]}<\/script>\n<!-- \/ Yoast SEO plugin. -->","yoast_head_json":{"title":"Media Maraton Cali 2026 - SNKR STORE","robots":{"index":"index","follow":"follow","max-snippet":"max-snippet:-1","max-image-preview":"max-image-preview:large","max-video-preview":"max-video-preview:-1"},"canonical":"https:\/\/snkrstore.shop\/katherin\/landing-page\/","og_locale":"es_ES","og_type":"article","og_title":"Media Maraton Cali 2026 - SNKR STORE","og_description":"CADA PASO CUENTA: Equ\u00edpate para conquistar la Media Marat\u00f3n de Cali 2026. 21K &#8211; 10K &#8211; 5K Encuentra en SNKR STORE los tenis ideales para rendir al m\u00e1ximo en cada kil\u00f3metro. \u00a1Inscrib\u00e9te y te daremos el 10% de descuento en tu primera compra! Formulario:","og_url":"https:\/\/snkrstore.shop\/katherin\/landing-page\/","og_site_name":"SNKR STORE","article_modified_time":"2026-05-07T21:07:09+00:00","og_image":[{"url":"https:\/\/snkrstore.shop\/katherin\/wp-content\/uploads\/2026\/04\/IMG_1277.jpg","type":"","width":"","height":""}],"twitter_card":"summary_large_image","twitter_misc":{"Tiempo de lectura":"1 minuto"},"schema":{"@context":"https:\/\/schema.org","@graph":[{"@type":"WebPage","@id":"https:\/\/snkrstore.shop\/katherin\/landing-page\/","url":"https:\/\/snkrstore.shop\/katherin\/landing-page\/","name":"Media Maraton Cali 2026 - SNKR STORE","isPartOf":{"@id":"https:\/\/snkrstore.shop\/katherin\/#website"},"primaryImageOfPage":{"@id":"https:\/\/snkrstore.shop\/katherin\/landing-page\/#primaryimage"},"image":{"@id":"https:\/\/snkrstore.shop\/katherin\/landing-page\/#primaryimage"},"thumbnailUrl":"https:\/\/snkrstore.shop\/katherin\/wp-content\/uploads\/2026\/04\/IMG_1277.jpg","datePublished":"2026-04-18T15:43:19+00:00","dateModified":"2026-05-07T21:07:09+00:00","breadcrumb":{"@id":"https:\/\/snkrstore.shop\/katherin\/landing-page\/#breadcrumb"},"inLanguage":"es","potentialAction":[{"@type":"ReadAction","target":["https:\/\/snkrstore.shop\/katherin\/landing-page\/"]}]},{"@type":"ImageObject","inLanguage":"es","@id":"https:\/\/snkrstore.shop\/katherin\/landing-page\/#primaryimage","url":"https:\/\/snkrstore.shop\/katherin\/wp-content\/uploads\/2026\/04\/IMG_1277.jpg","contentUrl":"https:\/\/snkrstore.shop\/katherin\/wp-content\/uploads\/2026\/04\/IMG_1277.jpg","width":1200,"height":1500,"caption":"tu pisada deja huella"},{"@type":"BreadcrumbList","@id":"https:\/\/snkrstore.shop\/katherin\/landing-page\/#breadcrumb","itemListElement":[{"@type":"ListItem","position":1,"name":"Portada","item":"https:\/\/snkrstore.shop\/katherin\/"},{"@type":"ListItem","position":2,"name":"Media Maraton Cali 2026"}]},{"@type":"WebSite","@id":"https:\/\/snkrstore.shop\/katherin\/#website","url":"https:\/\/snkrstore.shop\/katherin\/","name":"SNKR STORE","description":"","potentialAction":[{"@type":"SearchAction","target":{"@type":"EntryPoint","urlTemplate":"https:\/\/snkrstore.shop\/katherin\/?s={search_term_string}"},"query-input":{"@type":"PropertyValueSpecification","valueRequired":true,"valueName":"search_term_string"}}],"inLanguage":"es"}]}},"_links":{"self":[{"href":"https:\/\/snkrstore.shop\/katherin\/wp-json\/wp\/v2\/pages\/214","targetHints":{"allow":["GET"]}}],"collection":[{"href":"https:\/\/snkrstore.shop\/katherin\/wp-json\/wp\/v2\/pages"}],"about":[{"href":"https:\/\/snkrstore.shop\/katherin\/wp-json\/wp\/v2\/types\/page"}],"author":[{"embeddable":true,"href":"https:\/\/snkrstore.shop\/katherin\/wp-json\/wp\/v2\/users\/1"}],"replies":[{"embeddable":true,"href":"https:\/\/snkrstore.shop\/katherin\/wp-json\/wp\/v2\/comments?post=214"}],"version-history":[{"count":48,"href":"https:\/\/snkrstore.shop\/katherin\/wp-json\/wp\/v2\/pages\/214\/revisions"}],"predecessor-version":[{"id":322,"href":"https:\/\/snkrstore.shop\/katherin\/wp-json\/wp\/v2\/pages\/214\/revisions\/322"}],"wp:attachment":[{"href":"https:\/\/snkrstore.shop\/katherin\/wp-json\/wp\/v2\/media?parent=214"}],"curies":[{"name":"wp","href":"https:\/\/api.w.org\/{rel}","templated":true}]}}