{"id":18,"date":"2026-03-21T17:06:08","date_gmt":"2026-03-21T16:06:08","guid":{"rendered":"https:\/\/snkrstore.shop\/katherin\/?page_id=18"},"modified":"2026-04-10T16:17:03","modified_gmt":"2026-04-10T14:17:03","slug":"quienes-somos","status":"publish","type":"page","link":"https:\/\/snkrstore.shop\/katherin\/quienes-somos\/","title":{"rendered":"\u00bfQuienes somos?"},"content":{"rendered":"\n\t<section class=\"section\" id=\"section_118416545\">\n\t\t<div class=\"section-bg fill\" >\n\t\t\t\t\t\t\t\t\t\n\t\t\t\n\n\t\t<\/div>\n\n\t\t\n\n\t\t<div class=\"section-content relative\">\n\t\t\t\n\t<div id=\"gap-308650471\" class=\"gap-element clearfix\" style=\"display:block; height:auto;\">\n\t\t\n<style>\n#gap-308650471 {\n  padding-top: 30px;\n}\n<\/style>\n\t<\/div>\n\t\n<div class=\"row row-small align-middle\"  id=\"row-1365978002\">\n\n\t<div id=\"col-1028595012\" class=\"col medium-6 small-12 large-3\"  >\n\t\t\t\t<div class=\"col-inner\"  >\n\t\t\t\n\t\t\t\n\n  <div class=\"banner has-hover\" id=\"banner-92743740\">\n          <div class=\"banner-inner fill\">\n        <div class=\"banner-bg fill\" >\n            <img fetchpriority=\"high\" decoding=\"async\" width=\"774\" height=\"1024\" src=\"https:\/\/snkrstore.shop\/katherin\/wp-content\/uploads\/2026\/04\/IMG_0990-774x1024.jpg\" class=\"bg attachment-large size-large\" alt=\"tenis deportivos\" \/>                                    \n                    <\/div>\n\t\t\n        <div class=\"banner-layers container\">\n            <div class=\"fill banner-link\"><\/div>            \n   <div id=\"text-box-301299015\" class=\"text-box banner-layer x50 md-x50 lg-x50 y50 md-y50 lg-y50 res-text\">\n                                <div class=\"text-box-content text dark\">\n              \n              <div class=\"text-inner text-center\">\n                  \n              <\/div>\n           <\/div>\n                            \n<style>\n#text-box-301299015 {\n  width: 60%;\n}\n#text-box-301299015 .text-box-content {\n  font-size: 100%;\n}\n@media (min-width:550px) {\n  #text-box-301299015 {\n    width: 60%;\n  }\n}\n<\/style>\n    <\/div>\n \n        <\/div>\n      <\/div>\n\n            \n<style>\n#banner-92743740 {\n  padding-top: 99.99%;\n  background-color: rgb(255, 255, 255);\n}\n#banner-92743740 .banner-bg img {\n  object-position: 42% 21%;\n}\n@media (min-width:550px) {\n  #banner-92743740 {\n    padding-top: 400px;\n  }\n}\n@media (min-width:850px) {\n  #banner-92743740 {\n    padding-top: 300px;\n  }\n}\n<\/style>\n  <\/div>\n\n\n\t\t<\/div>\n\t\t\t\t\t<\/div>\n\n\t\n\n\t<div id=\"col-244215892\" class=\"col medium-6 small-12 large-3\"  >\n\t\t\t\t<div class=\"col-inner\"  >\n\t\t\t\n\t\t\t\n\n  <div class=\"banner has-hover\" id=\"banner-1628367835\">\n          <div class=\"banner-inner fill\">\n        <div class=\"banner-bg fill\" >\n            <img decoding=\"async\" width=\"683\" height=\"1024\" src=\"https:\/\/snkrstore.shop\/katherin\/wp-content\/uploads\/2026\/04\/IMG_0993-683x1024.jpg\" class=\"bg attachment-large size-large\" alt=\"tenis cl\u00e1sicos\" \/>                                    \n                    <\/div>\n\t\t\n        <div class=\"banner-layers container\">\n            <div class=\"fill banner-link\"><\/div>            \n   <div id=\"text-box-329390023\" class=\"text-box banner-layer x50 md-x50 lg-x50 y50 md-y50 lg-y50 res-text\">\n                                <div class=\"text-box-content text dark\">\n              \n              <div class=\"text-inner text-center\">\n                  \n              <\/div>\n           <\/div>\n                            \n<style>\n#text-box-329390023 {\n  width: 60%;\n}\n#text-box-329390023 .text-box-content {\n  font-size: 100%;\n}\n@media (min-width:550px) {\n  #text-box-329390023 {\n    width: 60%;\n  }\n}\n<\/style>\n    <\/div>\n \n        <\/div>\n      <\/div>\n\n            \n<style>\n#banner-1628367835 {\n  padding-top: 99.99%;\n  background-color: rgb(255,255,255);\n}\n#banner-1628367835 .banner-bg img {\n  object-position: 50% 78%;\n}\n@media (min-width:550px) {\n  #banner-1628367835 {\n    padding-top: 400px;\n  }\n}\n@media (min-width:850px) {\n  #banner-1628367835 {\n    padding-top: 420px;\n  }\n}\n<\/style>\n  <\/div>\n\n\n\t\t<\/div>\n\t\t\t\t\t<\/div>\n\n\t\n\n\t<div id=\"col-1224746261\" class=\"col medium-12 small-12 large-6\"  >\n\t\t\t\t<div class=\"col-inner\"  >\n\t\t\t\n\t\t\t\n\t<div id=\"gap-1143884759\" class=\"gap-element clearfix\" style=\"display:block; height:auto;\">\n\t\t\n<style>\n#gap-1143884759 {\n  padding-top: 15px;\n}\n@media (min-width:850px) {\n  #gap-1143884759 {\n    padding-top: 30px;\n  }\n}\n<\/style>\n\t<\/div>\n\t\n\t<div id=\"text-588104345\" class=\"text\">\n\t\t\n<h1>\u00bfQuienes somos?<\/h1>\n\t\t\n<style>\n#text-588104345 {\n  font-size: 1.5rem;\n  color: rgb(68, 96, 132);\n}\n#text-588104345 > * {\n  color: rgb(68, 96, 132);\n}\n<\/style>\n\t<\/div>\n\t\n\t<div id=\"text-2483607951\" class=\"text\">\n\t\t\n<p data-start=\"79\" data-end=\"308\">En <strong data-start=\"82\" data-end=\"96\">SNKR STORE<\/strong>\u00a0encuentras zapatillas deportivas y cl\u00e1sicas que combinan estilo, comodidad y calidad. Descubre modelos en tendencia, dise\u00f1ados para acompa\u00f1arte en tu d\u00eda a d\u00eda o en tus actividades, siempre con el mejor confort.<\/p>\n<p data-start=\"310\" data-end=\"382\">Camina con seguridad, destaca tu estilo y elige el par perfecto para ti.<\/p>\n<p data-start=\"310\" data-end=\"382\"><strong data-start=\"387\" data-end=\"448\" data-is-last-node=\"\">SNKR STORE: donde el estilo y la comodidad se encuentran.<\/strong><\/p>\n\t\t\n<style>\n#text-2483607951 {\n  color: rgb(0,0,0);\n}\n#text-2483607951 > * {\n  color: rgb(0,0,0);\n}\n<\/style>\n\t<\/div>\n\t\n\t\t<\/div>\n\t\t\t\t\n<style>\n#col-1224746261 > .col-inner {\n  padding: 0px 0px 0px 0;\n}\n@media (min-width:850px) {\n  #col-1224746261 > .col-inner {\n    padding: 0px 0px 0px 10%;\n  }\n}\n<\/style>\n\t<\/div>\n\n\t\n<\/div>\n\t\t<\/div>\n\n\t\t\n<style>\n#section_118416545 {\n  padding-top: 30px;\n  padding-bottom: 30px;\n}\n<\/style>\n\t<\/section>\n\t\n","protected":false},"excerpt":{"rendered":"","protected":false},"author":1,"featured_media":0,"parent":0,"menu_order":0,"comment_status":"closed","ping_status":"closed","template":"","meta":{"_joinchat":[],"footnotes":""},"class_list":["post-18","page","type-page","status-publish","hentry"],"yoast_head":"<!-- This site is optimized with the Yoast SEO plugin v27.5 - https:\/\/yoast.com\/product\/yoast-seo-wordpress\/ -->\n<title>\u00bfQuienes somos? - SNKR STORE<\/title>\n<meta name=\"robots\" content=\"index, follow, max-snippet:-1, max-image-preview:large, max-video-preview:-1\" \/>\n<link rel=\"canonical\" href=\"https:\/\/snkrstore.shop\/katherin\/quienes-somos\/\" \/>\n<meta property=\"og:locale\" content=\"es_ES\" \/>\n<meta property=\"og:type\" content=\"article\" \/>\n<meta property=\"og:title\" content=\"\u00bfQuienes somos? - SNKR STORE\" \/>\n<meta property=\"og:url\" content=\"https:\/\/snkrstore.shop\/katherin\/quienes-somos\/\" \/>\n<meta property=\"og:site_name\" content=\"SNKR STORE\" \/>\n<meta property=\"article:modified_time\" content=\"2026-04-10T14:17:03+00:00\" \/>\n<meta name=\"twitter:card\" content=\"summary_large_image\" \/>\n<meta name=\"twitter:label1\" content=\"Tiempo de lectura\" \/>\n\t<meta name=\"twitter:data1\" content=\"1 minuto\" \/>\n<script type=\"application\/ld+json\" class=\"yoast-schema-graph\">{\"@context\":\"https:\\\/\\\/schema.org\",\"@graph\":[{\"@type\":\"WebPage\",\"@id\":\"https:\\\/\\\/snkrstore.shop\\\/katherin\\\/quienes-somos\\\/\",\"url\":\"https:\\\/\\\/snkrstore.shop\\\/katherin\\\/quienes-somos\\\/\",\"name\":\"\u00bfQuienes somos? - SNKR STORE\",\"isPartOf\":{\"@id\":\"https:\\\/\\\/snkrstore.shop\\\/katherin\\\/#website\"},\"datePublished\":\"2026-03-21T16:06:08+00:00\",\"dateModified\":\"2026-04-10T14:17:03+00:00\",\"breadcrumb\":{\"@id\":\"https:\\\/\\\/snkrstore.shop\\\/katherin\\\/quienes-somos\\\/#breadcrumb\"},\"inLanguage\":\"es\",\"potentialAction\":[{\"@type\":\"ReadAction\",\"target\":[\"https:\\\/\\\/snkrstore.shop\\\/katherin\\\/quienes-somos\\\/\"]}]},{\"@type\":\"BreadcrumbList\",\"@id\":\"https:\\\/\\\/snkrstore.shop\\\/katherin\\\/quienes-somos\\\/#breadcrumb\",\"itemListElement\":[{\"@type\":\"ListItem\",\"position\":1,\"name\":\"Portada\",\"item\":\"https:\\\/\\\/snkrstore.shop\\\/katherin\\\/\"},{\"@type\":\"ListItem\",\"position\":2,\"name\":\"\u00bfQuienes somos?\"}]},{\"@type\":\"WebSite\",\"@id\":\"https:\\\/\\\/snkrstore.shop\\\/katherin\\\/#website\",\"url\":\"https:\\\/\\\/snkrstore.shop\\\/katherin\\\/\",\"name\":\"SNKR STORE\",\"description\":\"\",\"potentialAction\":[{\"@type\":\"SearchAction\",\"target\":{\"@type\":\"EntryPoint\",\"urlTemplate\":\"https:\\\/\\\/snkrstore.shop\\\/katherin\\\/?s={search_term_string}\"},\"query-input\":{\"@type\":\"PropertyValueSpecification\",\"valueRequired\":true,\"valueName\":\"search_term_string\"}}],\"inLanguage\":\"es\"}]}<\/script>\n<!-- \/ Yoast SEO plugin. -->","yoast_head_json":{"title":"\u00bfQuienes somos? - SNKR STORE","robots":{"index":"index","follow":"follow","max-snippet":"max-snippet:-1","max-image-preview":"max-image-preview:large","max-video-preview":"max-video-preview:-1"},"canonical":"https:\/\/snkrstore.shop\/katherin\/quienes-somos\/","og_locale":"es_ES","og_type":"article","og_title":"\u00bfQuienes somos? - SNKR STORE","og_url":"https:\/\/snkrstore.shop\/katherin\/quienes-somos\/","og_site_name":"SNKR STORE","article_modified_time":"2026-04-10T14:17:03+00:00","twitter_card":"summary_large_image","twitter_misc":{"Tiempo de lectura":"1 minuto"},"schema":{"@context":"https:\/\/schema.org","@graph":[{"@type":"WebPage","@id":"https:\/\/snkrstore.shop\/katherin\/quienes-somos\/","url":"https:\/\/snkrstore.shop\/katherin\/quienes-somos\/","name":"\u00bfQuienes somos? - SNKR STORE","isPartOf":{"@id":"https:\/\/snkrstore.shop\/katherin\/#website"},"datePublished":"2026-03-21T16:06:08+00:00","dateModified":"2026-04-10T14:17:03+00:00","breadcrumb":{"@id":"https:\/\/snkrstore.shop\/katherin\/quienes-somos\/#breadcrumb"},"inLanguage":"es","potentialAction":[{"@type":"ReadAction","target":["https:\/\/snkrstore.shop\/katherin\/quienes-somos\/"]}]},{"@type":"BreadcrumbList","@id":"https:\/\/snkrstore.shop\/katherin\/quienes-somos\/#breadcrumb","itemListElement":[{"@type":"ListItem","position":1,"name":"Portada","item":"https:\/\/snkrstore.shop\/katherin\/"},{"@type":"ListItem","position":2,"name":"\u00bfQuienes somos?"}]},{"@type":"WebSite","@id":"https:\/\/snkrstore.shop\/katherin\/#website","url":"https:\/\/snkrstore.shop\/katherin\/","name":"SNKR STORE","description":"","potentialAction":[{"@type":"SearchAction","target":{"@type":"EntryPoint","urlTemplate":"https:\/\/snkrstore.shop\/katherin\/?s={search_term_string}"},"query-input":{"@type":"PropertyValueSpecification","valueRequired":true,"valueName":"search_term_string"}}],"inLanguage":"es"}]}},"_links":{"self":[{"href":"https:\/\/snkrstore.shop\/katherin\/wp-json\/wp\/v2\/pages\/18","targetHints":{"allow":["GET"]}}],"collection":[{"href":"https:\/\/snkrstore.shop\/katherin\/wp-json\/wp\/v2\/pages"}],"about":[{"href":"https:\/\/snkrstore.shop\/katherin\/wp-json\/wp\/v2\/types\/page"}],"author":[{"embeddable":true,"href":"https:\/\/snkrstore.shop\/katherin\/wp-json\/wp\/v2\/users\/1"}],"replies":[{"embeddable":true,"href":"https:\/\/snkrstore.shop\/katherin\/wp-json\/wp\/v2\/comments?post=18"}],"version-history":[{"count":5,"href":"https:\/\/snkrstore.shop\/katherin\/wp-json\/wp\/v2\/pages\/18\/revisions"}],"predecessor-version":[{"id":112,"href":"https:\/\/snkrstore.shop\/katherin\/wp-json\/wp\/v2\/pages\/18\/revisions\/112"}],"wp:attachment":[{"href":"https:\/\/snkrstore.shop\/katherin\/wp-json\/wp\/v2\/media?parent=18"}],"curies":[{"name":"wp","href":"https:\/\/api.w.org\/{rel}","templated":true}]}}