{"id":48,"date":"2026-03-28T01:11:23","date_gmt":"2026-03-28T00:11:23","guid":{"rendered":"https:\/\/snkrstore.shop\/jhon\/?post_type=product&#038;p=48"},"modified":"2026-05-09T23:08:07","modified_gmt":"2026-05-09T21:08:07","slug":"sneaker-nike-air-zoom-2","status":"publish","type":"product","link":"https:\/\/snkrstore.shop\/jhon\/producto\/sneaker-nike-air-zoom-2\/","title":{"rendered":"Sneaker Nike Air Zoom 2"},"content":{"rendered":"","protected":false},"excerpt":{"rendered":"<p>Mejora tu rendimiento al correr con las zapatillas Nike Air Zoom 2 en un llamativo color azul. Dise\u00f1adas para ofrecer la m\u00e1xima comodidad y rendimiento, estas zapatillas cuentan con una amortiguaci\u00f3n reactiva que se adapta a tu zancada, garantizando una pisada suave tanto en la calle como en la cinta de correr. La parte superior de malla ligera proporciona transpirabilidad, manteniendo tus pies frescos durante los entrenamientos m\u00e1s intensos. Con un dise\u00f1o elegante y un color vibrante, no solo te sentir\u00e1s genial, sino que tambi\u00e9n lucir\u00e1s genial. \u00a1Mejora tu carrera y consigue las tuyas hoy mismo!<\/p>\n","protected":false},"featured_media":49,"comment_status":"open","ping_status":"closed","template":"","meta":{"_joinchat":[]},"product_brand":[],"product_cat":[18],"product_tag":[],"class_list":{"0":"post-48","1":"product","2":"type-product","3":"status-publish","4":"has-post-thumbnail","6":"product_cat-deportivo","8":"first","9":"instock","10":"shipping-taxable","11":"purchasable","12":"product-type-simple"},"yoast_head":"<!-- This site is optimized with the Yoast SEO plugin v27.5 - https:\/\/yoast.com\/product\/yoast-seo-wordpress\/ -->\n<title>Sneaker Nike Air Zoom 2 - SNKR Store<\/title>\n<meta name=\"robots\" content=\"index, follow, max-snippet:-1, max-image-preview:large, max-video-preview:-1\" \/>\n<link rel=\"canonical\" href=\"https:\/\/snkrstore.shop\/jhon\/producto\/sneaker-nike-air-zoom-2\/\" \/>\n<meta property=\"og:locale\" content=\"es_ES\" \/>\n<meta property=\"og:type\" content=\"article\" \/>\n<meta property=\"og:title\" content=\"Sneaker Nike Air Zoom 2 - SNKR Store\" \/>\n<meta property=\"og:description\" content=\"Mejora tu rendimiento al correr con las zapatillas Nike Air Zoom 2 en un llamativo color azul. Dise\u00f1adas para ofrecer la m\u00e1xima comodidad y rendimiento, estas zapatillas cuentan con una amortiguaci\u00f3n reactiva que se adapta a tu zancada, garantizando una pisada suave tanto en la calle como en la cinta de correr. La parte superior de malla ligera proporciona transpirabilidad, manteniendo tus pies frescos durante los entrenamientos m\u00e1s intensos. Con un dise\u00f1o elegante y un color vibrante, no solo te sentir\u00e1s genial, sino que tambi\u00e9n lucir\u00e1s genial. \u00a1Mejora tu carrera y consigue las tuyas hoy mismo!\" \/>\n<meta property=\"og:url\" content=\"https:\/\/snkrstore.shop\/jhon\/producto\/sneaker-nike-air-zoom-2\/\" \/>\n<meta property=\"og:site_name\" content=\"SNKR Store\" \/>\n<meta property=\"article:modified_time\" content=\"2026-05-09T21:08:07+00:00\" \/>\n<meta name=\"twitter:card\" content=\"summary_large_image\" \/>\n<script type=\"application\/ld+json\" class=\"yoast-schema-graph\">{\"@context\":\"https:\\\/\\\/schema.org\",\"@graph\":[{\"@type\":\"WebPage\",\"@id\":\"https:\\\/\\\/snkrstore.shop\\\/jhon\\\/producto\\\/sneaker-nike-air-zoom-2\\\/\",\"url\":\"https:\\\/\\\/snkrstore.shop\\\/jhon\\\/producto\\\/sneaker-nike-air-zoom-2\\\/\",\"name\":\"Sneaker Nike Air Zoom 2 - SNKR Store\",\"isPartOf\":{\"@id\":\"https:\\\/\\\/snkrstore.shop\\\/jhon\\\/#website\"},\"primaryImageOfPage\":{\"@id\":\"https:\\\/\\\/snkrstore.shop\\\/jhon\\\/producto\\\/sneaker-nike-air-zoom-2\\\/#primaryimage\"},\"image\":{\"@id\":\"https:\\\/\\\/snkrstore.shop\\\/jhon\\\/producto\\\/sneaker-nike-air-zoom-2\\\/#primaryimage\"},\"thumbnailUrl\":\"https:\\\/\\\/snkrstore.shop\\\/jhon\\\/wp-content\\\/uploads\\\/2026\\\/03\\\/910960-1200-auto_converted.avif\",\"datePublished\":\"2026-03-28T00:11:23+00:00\",\"dateModified\":\"2026-05-09T21:08:07+00:00\",\"breadcrumb\":{\"@id\":\"https:\\\/\\\/snkrstore.shop\\\/jhon\\\/producto\\\/sneaker-nike-air-zoom-2\\\/#breadcrumb\"},\"inLanguage\":\"es\",\"potentialAction\":[{\"@type\":\"ReadAction\",\"target\":[\"https:\\\/\\\/snkrstore.shop\\\/jhon\\\/producto\\\/sneaker-nike-air-zoom-2\\\/\"]}]},{\"@type\":\"ImageObject\",\"inLanguage\":\"es\",\"@id\":\"https:\\\/\\\/snkrstore.shop\\\/jhon\\\/producto\\\/sneaker-nike-air-zoom-2\\\/#primaryimage\",\"url\":\"https:\\\/\\\/snkrstore.shop\\\/jhon\\\/wp-content\\\/uploads\\\/2026\\\/03\\\/910960-1200-auto_converted.avif\",\"contentUrl\":\"https:\\\/\\\/snkrstore.shop\\\/jhon\\\/wp-content\\\/uploads\\\/2026\\\/03\\\/910960-1200-auto_converted.avif\",\"width\":1000,\"height\":1000,\"caption\":\"Sneaker Dragon\"},{\"@type\":\"BreadcrumbList\",\"@id\":\"https:\\\/\\\/snkrstore.shop\\\/jhon\\\/producto\\\/sneaker-nike-air-zoom-2\\\/#breadcrumb\",\"itemListElement\":[{\"@type\":\"ListItem\",\"position\":1,\"name\":\"Portada\",\"item\":\"https:\\\/\\\/snkrstore.shop\\\/jhon\\\/\"},{\"@type\":\"ListItem\",\"position\":2,\"name\":\"Tienda\",\"item\":\"https:\\\/\\\/snkrstore.shop\\\/jhon\\\/tienda\\\/\"},{\"@type\":\"ListItem\",\"position\":3,\"name\":\"Sneaker Nike Air Zoom 2\"}]},{\"@type\":\"WebSite\",\"@id\":\"https:\\\/\\\/snkrstore.shop\\\/jhon\\\/#website\",\"url\":\"https:\\\/\\\/snkrstore.shop\\\/jhon\\\/\",\"name\":\"SNKR Store\",\"description\":\"\",\"potentialAction\":[{\"@type\":\"SearchAction\",\"target\":{\"@type\":\"EntryPoint\",\"urlTemplate\":\"https:\\\/\\\/snkrstore.shop\\\/jhon\\\/?s={search_term_string}\"},\"query-input\":{\"@type\":\"PropertyValueSpecification\",\"valueRequired\":true,\"valueName\":\"search_term_string\"}}],\"inLanguage\":\"es\"}]}<\/script>\n<!-- \/ Yoast SEO plugin. -->","yoast_head_json":{"title":"Sneaker Nike Air Zoom 2 - SNKR Store","robots":{"index":"index","follow":"follow","max-snippet":"max-snippet:-1","max-image-preview":"max-image-preview:large","max-video-preview":"max-video-preview:-1"},"canonical":"https:\/\/snkrstore.shop\/jhon\/producto\/sneaker-nike-air-zoom-2\/","og_locale":"es_ES","og_type":"article","og_title":"Sneaker Nike Air Zoom 2 - SNKR Store","og_description":"Mejora tu rendimiento al correr con las zapatillas Nike Air Zoom 2 en un llamativo color azul. Dise\u00f1adas para ofrecer la m\u00e1xima comodidad y rendimiento, estas zapatillas cuentan con una amortiguaci\u00f3n reactiva que se adapta a tu zancada, garantizando una pisada suave tanto en la calle como en la cinta de correr. La parte superior de malla ligera proporciona transpirabilidad, manteniendo tus pies frescos durante los entrenamientos m\u00e1s intensos. Con un dise\u00f1o elegante y un color vibrante, no solo te sentir\u00e1s genial, sino que tambi\u00e9n lucir\u00e1s genial. \u00a1Mejora tu carrera y consigue las tuyas hoy mismo!","og_url":"https:\/\/snkrstore.shop\/jhon\/producto\/sneaker-nike-air-zoom-2\/","og_site_name":"SNKR Store","article_modified_time":"2026-05-09T21:08:07+00:00","twitter_card":"summary_large_image","schema":{"@context":"https:\/\/schema.org","@graph":[{"@type":"WebPage","@id":"https:\/\/snkrstore.shop\/jhon\/producto\/sneaker-nike-air-zoom-2\/","url":"https:\/\/snkrstore.shop\/jhon\/producto\/sneaker-nike-air-zoom-2\/","name":"Sneaker Nike Air Zoom 2 - SNKR Store","isPartOf":{"@id":"https:\/\/snkrstore.shop\/jhon\/#website"},"primaryImageOfPage":{"@id":"https:\/\/snkrstore.shop\/jhon\/producto\/sneaker-nike-air-zoom-2\/#primaryimage"},"image":{"@id":"https:\/\/snkrstore.shop\/jhon\/producto\/sneaker-nike-air-zoom-2\/#primaryimage"},"thumbnailUrl":"https:\/\/snkrstore.shop\/jhon\/wp-content\/uploads\/2026\/03\/910960-1200-auto_converted.avif","datePublished":"2026-03-28T00:11:23+00:00","dateModified":"2026-05-09T21:08:07+00:00","breadcrumb":{"@id":"https:\/\/snkrstore.shop\/jhon\/producto\/sneaker-nike-air-zoom-2\/#breadcrumb"},"inLanguage":"es","potentialAction":[{"@type":"ReadAction","target":["https:\/\/snkrstore.shop\/jhon\/producto\/sneaker-nike-air-zoom-2\/"]}]},{"@type":"ImageObject","inLanguage":"es","@id":"https:\/\/snkrstore.shop\/jhon\/producto\/sneaker-nike-air-zoom-2\/#primaryimage","url":"https:\/\/snkrstore.shop\/jhon\/wp-content\/uploads\/2026\/03\/910960-1200-auto_converted.avif","contentUrl":"https:\/\/snkrstore.shop\/jhon\/wp-content\/uploads\/2026\/03\/910960-1200-auto_converted.avif","width":1000,"height":1000,"caption":"Sneaker Dragon"},{"@type":"BreadcrumbList","@id":"https:\/\/snkrstore.shop\/jhon\/producto\/sneaker-nike-air-zoom-2\/#breadcrumb","itemListElement":[{"@type":"ListItem","position":1,"name":"Portada","item":"https:\/\/snkrstore.shop\/jhon\/"},{"@type":"ListItem","position":2,"name":"Tienda","item":"https:\/\/snkrstore.shop\/jhon\/tienda\/"},{"@type":"ListItem","position":3,"name":"Sneaker Nike Air Zoom 2"}]},{"@type":"WebSite","@id":"https:\/\/snkrstore.shop\/jhon\/#website","url":"https:\/\/snkrstore.shop\/jhon\/","name":"SNKR Store","description":"","potentialAction":[{"@type":"SearchAction","target":{"@type":"EntryPoint","urlTemplate":"https:\/\/snkrstore.shop\/jhon\/?s={search_term_string}"},"query-input":{"@type":"PropertyValueSpecification","valueRequired":true,"valueName":"search_term_string"}}],"inLanguage":"es"}]}},"_links":{"self":[{"href":"https:\/\/snkrstore.shop\/jhon\/wp-json\/wp\/v2\/product\/48","targetHints":{"allow":["GET"]}}],"collection":[{"href":"https:\/\/snkrstore.shop\/jhon\/wp-json\/wp\/v2\/product"}],"about":[{"href":"https:\/\/snkrstore.shop\/jhon\/wp-json\/wp\/v2\/types\/product"}],"replies":[{"embeddable":true,"href":"https:\/\/snkrstore.shop\/jhon\/wp-json\/wp\/v2\/comments?post=48"}],"wp:featuredmedia":[{"embeddable":true,"href":"https:\/\/snkrstore.shop\/jhon\/wp-json\/wp\/v2\/media\/49"}],"wp:attachment":[{"href":"https:\/\/snkrstore.shop\/jhon\/wp-json\/wp\/v2\/media?parent=48"}],"wp:term":[{"taxonomy":"product_brand","embeddable":true,"href":"https:\/\/snkrstore.shop\/jhon\/wp-json\/wp\/v2\/product_brand?post=48"},{"taxonomy":"product_cat","embeddable":true,"href":"https:\/\/snkrstore.shop\/jhon\/wp-json\/wp\/v2\/product_cat?post=48"},{"taxonomy":"product_tag","embeddable":true,"href":"https:\/\/snkrstore.shop\/jhon\/wp-json\/wp\/v2\/product_tag?post=48"}],"curies":[{"name":"wp","href":"https:\/\/api.w.org\/{rel}","templated":true}]}}