{"id":208,"date":"2026-04-18T17:43:22","date_gmt":"2026-04-18T15:43:22","guid":{"rendered":"https:\/\/snkrstore.shop\/jhon\/?page_id=208"},"modified":"2026-04-18T19:27:46","modified_gmt":"2026-04-18T17:27:46","slug":"landing-page","status":"publish","type":"page","link":"https:\/\/snkrstore.shop\/jhon\/landing-page\/","title":{"rendered":"Landing Page"},"content":{"rendered":"\t\t<div data-elementor-type=\"wp-page\" data-elementor-id=\"208\" class=\"elementor elementor-208\" data-elementor-post-type=\"page\">\n\t\t\t\t<div class=\"elementor-element elementor-element-8f3b0d9 e-flex e-con-boxed e-con e-parent\" data-id=\"8f3b0d9\" data-element_type=\"container\" data-e-type=\"container\">\n\t\t\t\t\t<div class=\"e-con-inner\">\n\t\t\t\t<div class=\"elementor-element elementor-element-20b140a elementor-widget elementor-widget-image\" data-id=\"20b140a\" data-element_type=\"widget\" data-e-type=\"widget\" data-widget_type=\"image.default\">\n\t\t\t\t\t\t\t\t\t\t\t\t\t\t\t<img fetchpriority=\"high\" decoding=\"async\" width=\"700\" height=\"800\" src=\"https:\/\/snkrstore.shop\/jhon\/wp-content\/uploads\/2026\/04\/Black-Modern-Elegant-Sportswear-Ads-Banner-2_converted.avif\" class=\"attachment-large size-large wp-image-144\" alt=\"Modo Sneaker Formulario Contactanos\" srcset=\"https:\/\/snkrstore.shop\/jhon\/wp-content\/uploads\/2026\/04\/Black-Modern-Elegant-Sportswear-Ads-Banner-2_converted.avif 700w, https:\/\/snkrstore.shop\/jhon\/wp-content\/uploads\/2026\/04\/Black-Modern-Elegant-Sportswear-Ads-Banner-2_converted-263x300.avif 263w, https:\/\/snkrstore.shop\/jhon\/wp-content\/uploads\/2026\/04\/Black-Modern-Elegant-Sportswear-Ads-Banner-2_converted-600x686.avif 600w\" sizes=\"(max-width: 700px) 100vw, 700px\" \/>\t\t\t\t\t\t\t\t\t\t\t\t\t\t\t<\/div>\n\t\t<div class=\"elementor-element elementor-element-04a3420 e-con-full e-flex e-con e-child\" data-id=\"04a3420\" data-element_type=\"container\" data-e-type=\"container\">\n\t\t\t\t<div class=\"elementor-element elementor-element-0e7c394 elementor-widget elementor-widget-text-editor\" data-id=\"0e7c394\" data-element_type=\"widget\" data-e-type=\"widget\" data-widget_type=\"text-editor.default\">\n\t\t\t\t\t\t\t\t\t<h2><strong data-start=\"110\" data-end=\"149\">No son solo sneakers, es tu estilo.<\/strong><\/h2><p data-start=\"153\" data-end=\"362\">En SNKR Store entendemos que los sneakers no son solo un par de tenis\u2026 son una forma de mostrar qui\u00e9n eres. Son ese detalle que transforma tu outfit, te da confianza y hace que destaques sin decir una palabra.<\/p><p data-start=\"364\" data-end=\"562\">Por eso te traemos sneakers r\u00e9plica premium con dise\u00f1os en tendencia, excelente calidad y acabados que marcan la diferencia. Queremos que tengas el estilo que te gusta, sin pagar precios exagerados.<\/p><p data-start=\"564\" data-end=\"671\">Aqu\u00ed no vienes solo a comprar, vienes a encontrar ese par que va contigo, con tu flow y tu forma de vestir.<\/p><p data-start=\"673\" data-end=\"803\"><img decoding=\"async\" class=\"emoji\" role=\"img\" draggable=\"false\" src=\"https:\/\/s.w.org\/images\/core\/emoji\/17.0.2\/svg\/1f525.svg\" alt=\"\ud83d\udd25\" \/> Modelos exclusivos y en tendencia<br data-start=\"709\" data-end=\"712\" \/><img decoding=\"async\" class=\"emoji\" role=\"img\" draggable=\"false\" src=\"https:\/\/s.w.org\/images\/core\/emoji\/17.0.2\/svg\/1f680.svg\" alt=\"\ud83d\ude80\" \/> Env\u00edos a todo Colombia<br data-start=\"737\" data-end=\"740\" \/><img decoding=\"async\" class=\"emoji\" role=\"img\" draggable=\"false\" src=\"https:\/\/s.w.org\/images\/core\/emoji\/17.0.2\/svg\/1f4e6.svg\" alt=\"\ud83d\udce6\" \/> Pago contra entrega disponible<br data-start=\"773\" data-end=\"776\" \/><img decoding=\"async\" class=\"emoji\" role=\"img\" draggable=\"false\" src=\"https:\/\/s.w.org\/images\/core\/emoji\/17.0.2\/svg\/1f4ac.svg\" alt=\"\ud83d\udcac\" \/> Atenci\u00f3n personalizada<\/p><p data-start=\"805\" data-end=\"883\" data-is-last-node=\"\" data-is-only-node=\"\"><strong data-start=\"805\" data-end=\"840\">Haz que cada paso hable por ti.<\/strong><br data-start=\"840\" data-end=\"843\" \/><strong data-start=\"843\" data-end=\"883\" data-is-last-node=\"\">Encuentra hoy tus pr\u00f3ximos sneakers.<\/strong><\/p>\t\t\t\t\t\t\t\t<\/div>\n\t\t\t\t<\/div>\n\t\t\t\t\t<\/div>\n\t\t\t\t<\/div>\n\t\t<div class=\"elementor-element elementor-element-39258af e-flex e-con-boxed e-con e-parent\" data-id=\"39258af\" data-element_type=\"container\" data-e-type=\"container\">\n\t\t\t\t\t<div class=\"e-con-inner\">\n\t\t\t\t\t\n<hr class=\"e-divider-base\" data-interaction-id=\"da71d71\"   \/>\n\t\t\t\t\t<\/div>\n\t\t\t\t<\/div>\n\t\t<div class=\"elementor-element elementor-element-f6907b4 e-flex e-con-boxed e-con e-parent\" data-id=\"f6907b4\" data-element_type=\"container\" data-e-type=\"container\">\n\t\t\t\t\t<div class=\"e-con-inner\">\n\t\t<div class=\"elementor-element elementor-element-33c414d e-con-full e-flex e-con e-child\" data-id=\"33c414d\" data-element_type=\"container\" data-e-type=\"container\">\n\t\t\t\t<div class=\"elementor-element elementor-element-09d1590 elementor-arrows-position-inside elementor-pagination-position-outside elementor-widget elementor-widget-image-carousel\" data-id=\"09d1590\" data-element_type=\"widget\" data-e-type=\"widget\" data-settings=\"{&quot;navigation&quot;:&quot;both&quot;,&quot;autoplay&quot;:&quot;yes&quot;,&quot;pause_on_hover&quot;:&quot;yes&quot;,&quot;pause_on_interaction&quot;:&quot;yes&quot;,&quot;autoplay_speed&quot;:5000,&quot;infinite&quot;:&quot;yes&quot;,&quot;speed&quot;:500}\" data-widget_type=\"image-carousel.default\">\n\t\t\t\t\t\t\t<div class=\"elementor-image-carousel-wrapper swiper\" role=\"region\" aria-roledescription=\"carousel\" aria-label=\"Carrusel de im\u00e1genes\" dir=\"ltr\">\n\t\t\t<div class=\"elementor-image-carousel swiper-wrapper\" aria-live=\"off\">\n\t\t\t\t\t\t\t\t<div class=\"swiper-slide\" role=\"group\" aria-roledescription=\"slide\" aria-label=\"1 de 4\"><figure class=\"swiper-slide-inner\"><img decoding=\"async\" class=\"swiper-slide-image\" src=\"https:\/\/snkrstore.shop\/jhon\/wp-content\/uploads\/2026\/03\/910956-1200-auto_converted-150x150.avif\" alt=\"910956-1200-auto_converted\" \/><\/figure><\/div><div class=\"swiper-slide\" role=\"group\" aria-roledescription=\"slide\" aria-label=\"2 de 4\"><figure class=\"swiper-slide-inner\"><img decoding=\"async\" class=\"swiper-slide-image\" src=\"https:\/\/snkrstore.shop\/jhon\/wp-content\/uploads\/2026\/03\/910957-1200-auto_converted-150x150.avif\" alt=\"Sneaker Nike Dragon Azul lado abajo\" \/><\/figure><\/div><div class=\"swiper-slide\" role=\"group\" aria-roledescription=\"slide\" aria-label=\"3 de 4\"><figure class=\"swiper-slide-inner\"><img decoding=\"async\" class=\"swiper-slide-image\" src=\"https:\/\/snkrstore.shop\/jhon\/wp-content\/uploads\/2026\/03\/910958-1200-auto_converted-150x150.avif\" alt=\"Sneaker Nike Dragon Azul lado izquierdo\" \/><\/figure><\/div><div class=\"swiper-slide\" role=\"group\" aria-roledescription=\"slide\" aria-label=\"4 de 4\"><figure class=\"swiper-slide-inner\"><img decoding=\"async\" class=\"swiper-slide-image\" src=\"https:\/\/snkrstore.shop\/jhon\/wp-content\/uploads\/2026\/03\/910960-1200-auto_converted-150x150.avif\" alt=\"Sneaker Dragon\" \/><\/figure><\/div>\t\t\t<\/div>\n\t\t\t\t\t\t\t\t\t\t\t\t<div class=\"elementor-swiper-button elementor-swiper-button-prev\" role=\"button\" tabindex=\"0\">\n\t\t\t\t\t\t<svg aria-hidden=\"true\" class=\"e-font-icon-svg e-eicon-chevron-left\" viewBox=\"0 0 1000 1000\" xmlns=\"http:\/\/www.w3.org\/2000\/svg\"><path d=\"M646 125C629 125 613 133 604 142L308 442C296 454 292 471 292 487 292 504 296 521 308 533L604 854C617 867 629 875 646 875 663 875 679 871 692 858 704 846 713 829 713 812 713 796 708 779 692 767L438 487 692 225C700 217 708 204 708 187 708 171 704 154 692 142 675 129 663 125 646 125Z\"><\/path><\/svg>\t\t\t\t\t<\/div>\n\t\t\t\t\t<div class=\"elementor-swiper-button elementor-swiper-button-next\" role=\"button\" tabindex=\"0\">\n\t\t\t\t\t\t<svg aria-hidden=\"true\" class=\"e-font-icon-svg e-eicon-chevron-right\" viewBox=\"0 0 1000 1000\" xmlns=\"http:\/\/www.w3.org\/2000\/svg\"><path d=\"M696 533C708 521 713 504 713 487 713 471 708 454 696 446L400 146C388 133 375 125 354 125 338 125 325 129 313 142 300 154 292 171 292 187 292 204 296 221 308 233L563 492 304 771C292 783 288 800 288 817 288 833 296 850 308 863 321 871 338 875 354 875 371 875 388 867 400 854L696 533Z\"><\/path><\/svg>\t\t\t\t\t<\/div>\n\t\t\t\t\n\t\t\t\t\t\t\t\t\t<div class=\"swiper-pagination\"><\/div>\n\t\t\t\t\t\t\t\t\t<\/div>\n\t\t\t\t\t\t<\/div>\n\t\t\t\t<\/div>\n\t\t<div class=\"elementor-element elementor-element-7ee47be e-con-full e-flex e-con e-child\" data-id=\"7ee47be\" data-element_type=\"container\" data-e-type=\"container\">\n\t\t\t\t\t\t\t\t<p class=\"e-df48577-45b6260 e-paragraph-base\" data-interaction-id=\"df48577\"  >\n\t\t\t\t\t\t\t\t<strong id=\"e-mo4kxpwc-3qcfplm\">Nike Air Zoom 2 <\/strong><br>Dise\u00f1adas para quienes no pasan desapercibidos. Las Air Zoom 2 combinan estilo moderno, comodidad y ese toque deportivo que eleva cualquier outfit. Perfectas para el d\u00eda a d\u00eda, con un dise\u00f1o que se adapta a tu flow y te hace destacar en cada paso.&nbsp;<br><strong id=\"e-mo4kxpwc-8qvra7j\">Ligeras, c\u00f3modas y hechas para destacar. Este es el par que tu estilo necesita.<\/strong>\n\t\t\t\t\t<\/p>\n\t\t\t\t<\/div>\n\t\t\t\t\t<\/div>\n\t\t\t\t<\/div>\n\t\t<div class=\"elementor-element elementor-element-72a789d e-flex e-con-boxed e-con e-parent\" data-id=\"72a789d\" data-element_type=\"container\" data-e-type=\"container\">\n\t\t\t\t\t<div class=\"e-con-inner\">\n\t\t<div class=\"elementor-element elementor-element-46c6b7a e-con-full e-flex e-con e-child\" data-id=\"46c6b7a\" data-element_type=\"container\" data-e-type=\"container\">\n\t\t\t\t\t\t\t\n\t\t<img class=\"e-image-base \" \n\t\t\t\t\tdata-interaction-id=\"0c5dfb2\" \n\t\t \n\t\t \n\t\t\t\t\t\t\t\t\tid=\"215\"\n\t\t\t\t\t\t\t\t\t\t\t\tsrc=\"https:\/\/snkrstore.shop\/jhon\/wp-content\/uploads\/2026\/04\/ChatGPT-Image-18-abr-2026-11_35_39_converted.avif\"\n\t\t\t\t\t\t\t\t\t\t\t\twidth=\"1536\"\n\t\t\t\t\t\t\t\t\t\t\t\theight=\"1024\"\n\t\t\t\t\t\t\t\t\t\t\t\tsrcset=\"https:\/\/snkrstore.shop\/jhon\/wp-content\/uploads\/2026\/04\/ChatGPT-Image-18-abr-2026-11_35_39_converted.avif 1536w, https:\/\/snkrstore.shop\/jhon\/wp-content\/uploads\/2026\/04\/ChatGPT-Image-18-abr-2026-11_35_39_converted-300x200.avif 300w, https:\/\/snkrstore.shop\/jhon\/wp-content\/uploads\/2026\/04\/ChatGPT-Image-18-abr-2026-11_35_39_converted-1024x683.avif 1024w, https:\/\/snkrstore.shop\/jhon\/wp-content\/uploads\/2026\/04\/ChatGPT-Image-18-abr-2026-11_35_39_converted-768x512.avif 768w, https:\/\/snkrstore.shop\/jhon\/wp-content\/uploads\/2026\/04\/ChatGPT-Image-18-abr-2026-11_35_39_converted-600x400.avif 600w\"\n\t\t\t\t\t\t\t\t\t\t\t\talt=\"\"\n\t\t\t\t\t\t\/>\n\t\t\t\t\t<\/div>\n\t\t<div class=\"elementor-element elementor-element-c04a8e1 e-con-full e-flex e-con e-child\" data-id=\"c04a8e1\" data-element_type=\"container\" data-e-type=\"container\">\n\t\t<div class=\"elementor-element elementor-element-15c981c e-con-full e-flex e-con e-child\" data-id=\"15c981c\" data-element_type=\"container\" data-e-type=\"container\">\n\t\t\t\t\t\t\t\n\t\t<img class=\"e-image-base e-b48052e-99d6908\" \n\t\t\t\t\tdata-interaction-id=\"b48052e\" \n\t\t \n\t\t \n\t\t\t\t\t\t\t\t\tid=\"34\"\n\t\t\t\t\t\t\t\t\t\t\t\tsrc=\"https:\/\/snkrstore.shop\/jhon\/wp-content\/uploads\/2026\/03\/Banner-web-Nuevos-Modelos-Zapatillas-Moderno-Beige-y-Blanco-1920-x-500-px_converted.avif\"\n\t\t\t\t\t\t\t\t\t\t\t\twidth=\"1920\"\n\t\t\t\t\t\t\t\t\t\t\t\theight=\"500\"\n\t\t\t\t\t\t\t\t\t\t\t\tsrcset=\"https:\/\/snkrstore.shop\/jhon\/wp-content\/uploads\/2026\/03\/Banner-web-Nuevos-Modelos-Zapatillas-Moderno-Beige-y-Blanco-1920-x-500-px_converted.avif 1920w, https:\/\/snkrstore.shop\/jhon\/wp-content\/uploads\/2026\/03\/Banner-web-Nuevos-Modelos-Zapatillas-Moderno-Beige-y-Blanco-1920-x-500-px_converted-600x156.avif 600w, https:\/\/snkrstore.shop\/jhon\/wp-content\/uploads\/2026\/03\/Banner-web-Nuevos-Modelos-Zapatillas-Moderno-Beige-y-Blanco-1920-x-500-px_converted-300x78.avif 300w, https:\/\/snkrstore.shop\/jhon\/wp-content\/uploads\/2026\/03\/Banner-web-Nuevos-Modelos-Zapatillas-Moderno-Beige-y-Blanco-1920-x-500-px_converted-1024x267.avif 1024w, https:\/\/snkrstore.shop\/jhon\/wp-content\/uploads\/2026\/03\/Banner-web-Nuevos-Modelos-Zapatillas-Moderno-Beige-y-Blanco-1920-x-500-px_converted-768x200.avif 768w, https:\/\/snkrstore.shop\/jhon\/wp-content\/uploads\/2026\/03\/Banner-web-Nuevos-Modelos-Zapatillas-Moderno-Beige-y-Blanco-1920-x-500-px_converted-1536x400.avif 1536w\"\n\t\t\t\t\t\t\t\t\t\t\t\talt=\"Nuevo Modelos Beige\"\n\t\t\t\t\t\t\/>\n\t\t\t\t\t<\/div>\n\t\t\t\t\t\n<hr class=\"e-3a685c0-e3e2deb e-divider-base\" data-interaction-id=\"3a685c0\"   \/>\n\t\t<div class=\"elementor-element elementor-element-53b5402 e-con-full e-flex e-con e-child\" data-id=\"53b5402\" data-element_type=\"container\" data-e-type=\"container\">\n\t\t\t\t\t\t\t\n\t\t<img class=\"e-image-base e-66b4395-319b5b0\" \n\t\t\t\t\tdata-interaction-id=\"66b4395\" \n\t\t \n\t\t \n\t\t\t\t\t\t\t\t\tid=\"35\"\n\t\t\t\t\t\t\t\t\t\t\t\tsrc=\"https:\/\/snkrstore.shop\/jhon\/wp-content\/uploads\/2026\/03\/Banner-Web-Oferta-50-Off-Sale-Zapatillas-y-Calzado-Moderno-Neon-Lima_converted.avif\"\n\t\t\t\t\t\t\t\t\t\t\t\twidth=\"1920\"\n\t\t\t\t\t\t\t\t\t\t\t\theight=\"500\"\n\t\t\t\t\t\t\t\t\t\t\t\tsrcset=\"https:\/\/snkrstore.shop\/jhon\/wp-content\/uploads\/2026\/03\/Banner-Web-Oferta-50-Off-Sale-Zapatillas-y-Calzado-Moderno-Neon-Lima_converted.avif 1920w, https:\/\/snkrstore.shop\/jhon\/wp-content\/uploads\/2026\/03\/Banner-Web-Oferta-50-Off-Sale-Zapatillas-y-Calzado-Moderno-Neon-Lima_converted-600x156.avif 600w, https:\/\/snkrstore.shop\/jhon\/wp-content\/uploads\/2026\/03\/Banner-Web-Oferta-50-Off-Sale-Zapatillas-y-Calzado-Moderno-Neon-Lima_converted-300x78.avif 300w, https:\/\/snkrstore.shop\/jhon\/wp-content\/uploads\/2026\/03\/Banner-Web-Oferta-50-Off-Sale-Zapatillas-y-Calzado-Moderno-Neon-Lima_converted-1024x267.avif 1024w, https:\/\/snkrstore.shop\/jhon\/wp-content\/uploads\/2026\/03\/Banner-Web-Oferta-50-Off-Sale-Zapatillas-y-Calzado-Moderno-Neon-Lima_converted-768x200.avif 768w, https:\/\/snkrstore.shop\/jhon\/wp-content\/uploads\/2026\/03\/Banner-Web-Oferta-50-Off-Sale-Zapatillas-y-Calzado-Moderno-Neon-Lima_converted-1536x400.avif 1536w\"\n\t\t\t\t\t\t\t\t\t\t\t\talt=\"Mega Sale 50% Dcto Verdes\"\n\t\t\t\t\t\t\/>\n\t\t\t\t\t<\/div>\n\t\t\t\t<\/div>\n\t\t\t\t\t<\/div>\n\t\t\t\t<\/div>\n\t\t<div class=\"elementor-element elementor-element-2b1f0f2 e-flex e-con-boxed e-con e-parent\" data-id=\"2b1f0f2\" data-element_type=\"container\" data-e-type=\"container\">\n\t\t\t\t\t<div class=\"e-con-inner\">\n\t\t<div class=\"elementor-element elementor-element-974fa1f e-con-full e-flex e-con e-child\" data-id=\"974fa1f\" data-element_type=\"container\" data-e-type=\"container\">\n\t\t\t\t<\/div>\n\t\t<div class=\"elementor-element elementor-element-b550ffa e-con-full e-flex e-con e-child\" data-id=\"b550ffa\" data-element_type=\"container\" data-e-type=\"container\">\n\t\t\t\t<\/div>\n\t\t<div class=\"elementor-element elementor-element-4815845 e-con-full e-flex e-con e-child\" data-id=\"4815845\" data-element_type=\"container\" data-e-type=\"container\">\n\t\t\t\t<\/div>\n\t\t\t\t\t<\/div>\n\t\t\t\t<\/div>\n\t\t\t\t<\/div>\n\t\t","protected":false},"excerpt":{"rendered":"<p>No son solo sneakers, es tu estilo. En SNKR Store entendemos que los sneakers no son solo un par de tenis\u2026 son una forma de mostrar qui\u00e9n eres. Son ese detalle que transforma tu outfit, te da confianza y hace que destaques sin decir una palabra. Por eso te traemos sneakers r\u00e9plica premium con dise\u00f1os [&#8230;]\n","protected":false},"author":1,"featured_media":0,"parent":0,"menu_order":0,"comment_status":"closed","ping_status":"closed","template":"page-blank-landingpage.php","meta":{"_joinchat":[],"footnotes":""},"class_list":["post-208","page","type-page","status-publish","hentry"],"yoast_head":"<!-- This site is optimized with the Yoast SEO plugin v27.5 - https:\/\/yoast.com\/product\/yoast-seo-wordpress\/ -->\n<title>Landing Page - SNKR Store<\/title>\n<meta name=\"robots\" content=\"index, follow, max-snippet:-1, max-image-preview:large, max-video-preview:-1\" \/>\n<link rel=\"canonical\" href=\"https:\/\/snkrstore.shop\/jhon\/landing-page\/\" \/>\n<meta property=\"og:locale\" content=\"es_ES\" \/>\n<meta property=\"og:type\" content=\"article\" \/>\n<meta property=\"og:title\" content=\"Landing Page - SNKR Store\" \/>\n<meta property=\"og:description\" content=\"No son solo sneakers, es tu estilo. En SNKR Store entendemos que los sneakers no son solo un par de tenis\u2026 son una forma de mostrar qui\u00e9n eres. Son ese detalle que transforma tu outfit, te da confianza y hace que destaques sin decir una palabra. Por eso te traemos sneakers r\u00e9plica premium con dise\u00f1os [...]\" \/>\n<meta property=\"og:url\" content=\"https:\/\/snkrstore.shop\/jhon\/landing-page\/\" \/>\n<meta property=\"og:site_name\" content=\"SNKR Store\" \/>\n<meta property=\"article:modified_time\" content=\"2026-04-18T17:27:46+00:00\" \/>\n<meta name=\"twitter:card\" content=\"summary_large_image\" \/>\n<meta name=\"twitter:label1\" content=\"Tiempo de lectura\" \/>\n\t<meta name=\"twitter:data1\" content=\"4 minutos\" \/>\n<script type=\"application\/ld+json\" class=\"yoast-schema-graph\">{\"@context\":\"https:\\\/\\\/schema.org\",\"@graph\":[{\"@type\":\"WebPage\",\"@id\":\"https:\\\/\\\/snkrstore.shop\\\/jhon\\\/landing-page\\\/\",\"url\":\"https:\\\/\\\/snkrstore.shop\\\/jhon\\\/landing-page\\\/\",\"name\":\"Landing Page - SNKR Store\",\"isPartOf\":{\"@id\":\"https:\\\/\\\/snkrstore.shop\\\/jhon\\\/#website\"},\"primaryImageOfPage\":{\"@id\":\"https:\\\/\\\/snkrstore.shop\\\/jhon\\\/landing-page\\\/#primaryimage\"},\"image\":{\"@id\":\"https:\\\/\\\/snkrstore.shop\\\/jhon\\\/landing-page\\\/#primaryimage\"},\"thumbnailUrl\":\"https:\\\/\\\/snkrstore.shop\\\/jhon\\\/wp-content\\\/uploads\\\/2026\\\/04\\\/Black-Modern-Elegant-Sportswear-Ads-Banner-2_converted.avif\",\"datePublished\":\"2026-04-18T15:43:22+00:00\",\"dateModified\":\"2026-04-18T17:27:46+00:00\",\"breadcrumb\":{\"@id\":\"https:\\\/\\\/snkrstore.shop\\\/jhon\\\/landing-page\\\/#breadcrumb\"},\"inLanguage\":\"es\",\"potentialAction\":[{\"@type\":\"ReadAction\",\"target\":[\"https:\\\/\\\/snkrstore.shop\\\/jhon\\\/landing-page\\\/\"]}]},{\"@type\":\"ImageObject\",\"inLanguage\":\"es\",\"@id\":\"https:\\\/\\\/snkrstore.shop\\\/jhon\\\/landing-page\\\/#primaryimage\",\"url\":\"https:\\\/\\\/snkrstore.shop\\\/jhon\\\/wp-content\\\/uploads\\\/2026\\\/04\\\/Black-Modern-Elegant-Sportswear-Ads-Banner-2_converted.avif\",\"contentUrl\":\"https:\\\/\\\/snkrstore.shop\\\/jhon\\\/wp-content\\\/uploads\\\/2026\\\/04\\\/Black-Modern-Elegant-Sportswear-Ads-Banner-2_converted.avif\",\"width\":700,\"height\":800,\"caption\":\"Modo Sneaker Formulario Contactanos\"},{\"@type\":\"BreadcrumbList\",\"@id\":\"https:\\\/\\\/snkrstore.shop\\\/jhon\\\/landing-page\\\/#breadcrumb\",\"itemListElement\":[{\"@type\":\"ListItem\",\"position\":1,\"name\":\"Portada\",\"item\":\"https:\\\/\\\/snkrstore.shop\\\/jhon\\\/\"},{\"@type\":\"ListItem\",\"position\":2,\"name\":\"Landing Page\"}]},{\"@type\":\"WebSite\",\"@id\":\"https:\\\/\\\/snkrstore.shop\\\/jhon\\\/#website\",\"url\":\"https:\\\/\\\/snkrstore.shop\\\/jhon\\\/\",\"name\":\"SNKR Store\",\"description\":\"\",\"potentialAction\":[{\"@type\":\"SearchAction\",\"target\":{\"@type\":\"EntryPoint\",\"urlTemplate\":\"https:\\\/\\\/snkrstore.shop\\\/jhon\\\/?s={search_term_string}\"},\"query-input\":{\"@type\":\"PropertyValueSpecification\",\"valueRequired\":true,\"valueName\":\"search_term_string\"}}],\"inLanguage\":\"es\"}]}<\/script>\n<!-- \/ Yoast SEO plugin. -->","yoast_head_json":{"title":"Landing Page - SNKR Store","robots":{"index":"index","follow":"follow","max-snippet":"max-snippet:-1","max-image-preview":"max-image-preview:large","max-video-preview":"max-video-preview:-1"},"canonical":"https:\/\/snkrstore.shop\/jhon\/landing-page\/","og_locale":"es_ES","og_type":"article","og_title":"Landing Page - SNKR Store","og_description":"No son solo sneakers, es tu estilo. En SNKR Store entendemos que los sneakers no son solo un par de tenis\u2026 son una forma de mostrar qui\u00e9n eres. Son ese detalle que transforma tu outfit, te da confianza y hace que destaques sin decir una palabra. Por eso te traemos sneakers r\u00e9plica premium con dise\u00f1os [...]","og_url":"https:\/\/snkrstore.shop\/jhon\/landing-page\/","og_site_name":"SNKR Store","article_modified_time":"2026-04-18T17:27:46+00:00","twitter_card":"summary_large_image","twitter_misc":{"Tiempo de lectura":"4 minutos"},"schema":{"@context":"https:\/\/schema.org","@graph":[{"@type":"WebPage","@id":"https:\/\/snkrstore.shop\/jhon\/landing-page\/","url":"https:\/\/snkrstore.shop\/jhon\/landing-page\/","name":"Landing Page - SNKR Store","isPartOf":{"@id":"https:\/\/snkrstore.shop\/jhon\/#website"},"primaryImageOfPage":{"@id":"https:\/\/snkrstore.shop\/jhon\/landing-page\/#primaryimage"},"image":{"@id":"https:\/\/snkrstore.shop\/jhon\/landing-page\/#primaryimage"},"thumbnailUrl":"https:\/\/snkrstore.shop\/jhon\/wp-content\/uploads\/2026\/04\/Black-Modern-Elegant-Sportswear-Ads-Banner-2_converted.avif","datePublished":"2026-04-18T15:43:22+00:00","dateModified":"2026-04-18T17:27:46+00:00","breadcrumb":{"@id":"https:\/\/snkrstore.shop\/jhon\/landing-page\/#breadcrumb"},"inLanguage":"es","potentialAction":[{"@type":"ReadAction","target":["https:\/\/snkrstore.shop\/jhon\/landing-page\/"]}]},{"@type":"ImageObject","inLanguage":"es","@id":"https:\/\/snkrstore.shop\/jhon\/landing-page\/#primaryimage","url":"https:\/\/snkrstore.shop\/jhon\/wp-content\/uploads\/2026\/04\/Black-Modern-Elegant-Sportswear-Ads-Banner-2_converted.avif","contentUrl":"https:\/\/snkrstore.shop\/jhon\/wp-content\/uploads\/2026\/04\/Black-Modern-Elegant-Sportswear-Ads-Banner-2_converted.avif","width":700,"height":800,"caption":"Modo Sneaker Formulario Contactanos"},{"@type":"BreadcrumbList","@id":"https:\/\/snkrstore.shop\/jhon\/landing-page\/#breadcrumb","itemListElement":[{"@type":"ListItem","position":1,"name":"Portada","item":"https:\/\/snkrstore.shop\/jhon\/"},{"@type":"ListItem","position":2,"name":"Landing Page"}]},{"@type":"WebSite","@id":"https:\/\/snkrstore.shop\/jhon\/#website","url":"https:\/\/snkrstore.shop\/jhon\/","name":"SNKR Store","description":"","potentialAction":[{"@type":"SearchAction","target":{"@type":"EntryPoint","urlTemplate":"https:\/\/snkrstore.shop\/jhon\/?s={search_term_string}"},"query-input":{"@type":"PropertyValueSpecification","valueRequired":true,"valueName":"search_term_string"}}],"inLanguage":"es"}]}},"_links":{"self":[{"href":"https:\/\/snkrstore.shop\/jhon\/wp-json\/wp\/v2\/pages\/208","targetHints":{"allow":["GET"]}}],"collection":[{"href":"https:\/\/snkrstore.shop\/jhon\/wp-json\/wp\/v2\/pages"}],"about":[{"href":"https:\/\/snkrstore.shop\/jhon\/wp-json\/wp\/v2\/types\/page"}],"author":[{"embeddable":true,"href":"https:\/\/snkrstore.shop\/jhon\/wp-json\/wp\/v2\/users\/1"}],"replies":[{"embeddable":true,"href":"https:\/\/snkrstore.shop\/jhon\/wp-json\/wp\/v2\/comments?post=208"}],"version-history":[{"count":16,"href":"https:\/\/snkrstore.shop\/jhon\/wp-json\/wp\/v2\/pages\/208\/revisions"}],"predecessor-version":[{"id":232,"href":"https:\/\/snkrstore.shop\/jhon\/wp-json\/wp\/v2\/pages\/208\/revisions\/232"}],"wp:attachment":[{"href":"https:\/\/snkrstore.shop\/jhon\/wp-json\/wp\/v2\/media?parent=208"}],"curies":[{"name":"wp","href":"https:\/\/api.w.org\/{rel}","templated":true}]}}