{"id":354,"date":"2026-05-06T23:02:45","date_gmt":"2026-05-06T21:02:45","guid":{"rendered":"https:\/\/snkrstore.shop\/alejandra\/?post_type=product&#038;p=354"},"modified":"2026-05-06T23:03:56","modified_gmt":"2026-05-06T21:03:56","slug":"adidas-samba","status":"publish","type":"product","link":"https:\/\/snkrstore.shop\/alejandra\/producto\/adidas-samba\/","title":{"rendered":"Adidas samba"},"content":{"rendered":"","protected":false},"excerpt":{"rendered":"<p data-start=\"973\" data-end=\"1201\">Son el equilibrio perfecto entre <strong data-start=\"1013\" data-end=\"1034\">simpleza y estilo<\/strong>. Las Samba no necesitan ser exageradas para destacar: su dise\u00f1o minimalista las hace combinar con absolutamente todo, desde looks casuales hasta outfits m\u00e1s modernos.<\/p>\n<p data-start=\"1203\" data-end=\"1362\">Adem\u00e1s, han pasado de las canchas a la moda global, siendo usadas por celebridades y en tendencias streetwear actuales.<\/p>\n","protected":false},"featured_media":355,"comment_status":"open","ping_status":"closed","template":"","meta":{"_joinchat":[]},"product_brand":[],"product_cat":[17],"product_tag":[],"class_list":{"0":"post-354","1":"product","2":"type-product","3":"status-publish","4":"has-post-thumbnail","6":"product_cat-tenis-clasicos","8":"first","9":"instock","10":"shipping-taxable","11":"purchasable","12":"product-type-simple"},"yoast_head":"<!-- This site is optimized with the Yoast SEO plugin v27.5 - https:\/\/yoast.com\/product\/yoast-seo-wordpress\/ -->\n<title>Adidas samba - SNKR STORE<\/title>\n<meta name=\"robots\" content=\"index, follow, max-snippet:-1, max-image-preview:large, max-video-preview:-1\" \/>\n<link rel=\"canonical\" href=\"https:\/\/snkrstore.shop\/alejandra\/producto\/adidas-samba\/\" \/>\n<meta property=\"og:locale\" content=\"es_ES\" \/>\n<meta property=\"og:type\" content=\"article\" \/>\n<meta property=\"og:title\" content=\"Adidas samba - SNKR STORE\" \/>\n<meta property=\"og:description\" content=\"Son el equilibrio perfecto entre simpleza y estilo. Las Samba no necesitan ser exageradas para destacar: su dise\u00f1o minimalista las hace combinar con absolutamente todo, desde looks casuales hasta outfits m\u00e1s modernos. Adem\u00e1s, han pasado de las canchas a la moda global, siendo usadas por celebridades y en tendencias streetwear actuales.\" \/>\n<meta property=\"og:url\" content=\"https:\/\/snkrstore.shop\/alejandra\/producto\/adidas-samba\/\" \/>\n<meta property=\"og:site_name\" content=\"SNKR STORE\" \/>\n<meta property=\"article:modified_time\" content=\"2026-05-06T21:03:56+00:00\" \/>\n<meta name=\"twitter:card\" content=\"summary_large_image\" \/>\n<meta name=\"twitter:label1\" content=\"Tiempo de lectura\" \/>\n\t<meta name=\"twitter:data1\" content=\"1 minuto\" \/>\n<script type=\"application\/ld+json\" class=\"yoast-schema-graph\">{\"@context\":\"https:\\\/\\\/schema.org\",\"@graph\":[{\"@type\":\"WebPage\",\"@id\":\"https:\\\/\\\/snkrstore.shop\\\/alejandra\\\/producto\\\/adidas-samba\\\/\",\"url\":\"https:\\\/\\\/snkrstore.shop\\\/alejandra\\\/producto\\\/adidas-samba\\\/\",\"name\":\"Adidas samba - SNKR STORE\",\"isPartOf\":{\"@id\":\"https:\\\/\\\/snkrstore.shop\\\/alejandra\\\/#website\"},\"primaryImageOfPage\":{\"@id\":\"https:\\\/\\\/snkrstore.shop\\\/alejandra\\\/producto\\\/adidas-samba\\\/#primaryimage\"},\"image\":{\"@id\":\"https:\\\/\\\/snkrstore.shop\\\/alejandra\\\/producto\\\/adidas-samba\\\/#primaryimage\"},\"thumbnailUrl\":\"https:\\\/\\\/snkrstore.shop\\\/alejandra\\\/wp-content\\\/uploads\\\/2026\\\/05\\\/ImageToStl.com_Tenis-Zapatillas-Adidas-Samba-Unisex.avif\",\"datePublished\":\"2026-05-06T21:02:45+00:00\",\"dateModified\":\"2026-05-06T21:03:56+00:00\",\"breadcrumb\":{\"@id\":\"https:\\\/\\\/snkrstore.shop\\\/alejandra\\\/producto\\\/adidas-samba\\\/#breadcrumb\"},\"inLanguage\":\"es\",\"potentialAction\":[{\"@type\":\"ReadAction\",\"target\":[\"https:\\\/\\\/snkrstore.shop\\\/alejandra\\\/producto\\\/adidas-samba\\\/\"]}]},{\"@type\":\"ImageObject\",\"inLanguage\":\"es\",\"@id\":\"https:\\\/\\\/snkrstore.shop\\\/alejandra\\\/producto\\\/adidas-samba\\\/#primaryimage\",\"url\":\"https:\\\/\\\/snkrstore.shop\\\/alejandra\\\/wp-content\\\/uploads\\\/2026\\\/05\\\/ImageToStl.com_Tenis-Zapatillas-Adidas-Samba-Unisex.avif\",\"contentUrl\":\"https:\\\/\\\/snkrstore.shop\\\/alejandra\\\/wp-content\\\/uploads\\\/2026\\\/05\\\/ImageToStl.com_Tenis-Zapatillas-Adidas-Samba-Unisex.avif\",\"width\":800,\"height\":800,\"caption\":\"Adidas samba\"},{\"@type\":\"BreadcrumbList\",\"@id\":\"https:\\\/\\\/snkrstore.shop\\\/alejandra\\\/producto\\\/adidas-samba\\\/#breadcrumb\",\"itemListElement\":[{\"@type\":\"ListItem\",\"position\":1,\"name\":\"Portada\",\"item\":\"https:\\\/\\\/snkrstore.shop\\\/alejandra\\\/\"},{\"@type\":\"ListItem\",\"position\":2,\"name\":\"Tienda\",\"item\":\"https:\\\/\\\/snkrstore.shop\\\/alejandra\\\/tienda\\\/\"},{\"@type\":\"ListItem\",\"position\":3,\"name\":\"Adidas samba\"}]},{\"@type\":\"WebSite\",\"@id\":\"https:\\\/\\\/snkrstore.shop\\\/alejandra\\\/#website\",\"url\":\"https:\\\/\\\/snkrstore.shop\\\/alejandra\\\/\",\"name\":\"SNKR STORE\",\"description\":\"\",\"potentialAction\":[{\"@type\":\"SearchAction\",\"target\":{\"@type\":\"EntryPoint\",\"urlTemplate\":\"https:\\\/\\\/snkrstore.shop\\\/alejandra\\\/?s={search_term_string}\"},\"query-input\":{\"@type\":\"PropertyValueSpecification\",\"valueRequired\":true,\"valueName\":\"search_term_string\"}}],\"inLanguage\":\"es\"}]}<\/script>\n<!-- \/ Yoast SEO plugin. -->","yoast_head_json":{"title":"Adidas samba - SNKR STORE","robots":{"index":"index","follow":"follow","max-snippet":"max-snippet:-1","max-image-preview":"max-image-preview:large","max-video-preview":"max-video-preview:-1"},"canonical":"https:\/\/snkrstore.shop\/alejandra\/producto\/adidas-samba\/","og_locale":"es_ES","og_type":"article","og_title":"Adidas samba - SNKR STORE","og_description":"Son el equilibrio perfecto entre simpleza y estilo. Las Samba no necesitan ser exageradas para destacar: su dise\u00f1o minimalista las hace combinar con absolutamente todo, desde looks casuales hasta outfits m\u00e1s modernos. Adem\u00e1s, han pasado de las canchas a la moda global, siendo usadas por celebridades y en tendencias streetwear actuales.","og_url":"https:\/\/snkrstore.shop\/alejandra\/producto\/adidas-samba\/","og_site_name":"SNKR STORE","article_modified_time":"2026-05-06T21:03:56+00:00","twitter_card":"summary_large_image","twitter_misc":{"Tiempo de lectura":"1 minuto"},"schema":{"@context":"https:\/\/schema.org","@graph":[{"@type":"WebPage","@id":"https:\/\/snkrstore.shop\/alejandra\/producto\/adidas-samba\/","url":"https:\/\/snkrstore.shop\/alejandra\/producto\/adidas-samba\/","name":"Adidas samba - SNKR STORE","isPartOf":{"@id":"https:\/\/snkrstore.shop\/alejandra\/#website"},"primaryImageOfPage":{"@id":"https:\/\/snkrstore.shop\/alejandra\/producto\/adidas-samba\/#primaryimage"},"image":{"@id":"https:\/\/snkrstore.shop\/alejandra\/producto\/adidas-samba\/#primaryimage"},"thumbnailUrl":"https:\/\/snkrstore.shop\/alejandra\/wp-content\/uploads\/2026\/05\/ImageToStl.com_Tenis-Zapatillas-Adidas-Samba-Unisex.avif","datePublished":"2026-05-06T21:02:45+00:00","dateModified":"2026-05-06T21:03:56+00:00","breadcrumb":{"@id":"https:\/\/snkrstore.shop\/alejandra\/producto\/adidas-samba\/#breadcrumb"},"inLanguage":"es","potentialAction":[{"@type":"ReadAction","target":["https:\/\/snkrstore.shop\/alejandra\/producto\/adidas-samba\/"]}]},{"@type":"ImageObject","inLanguage":"es","@id":"https:\/\/snkrstore.shop\/alejandra\/producto\/adidas-samba\/#primaryimage","url":"https:\/\/snkrstore.shop\/alejandra\/wp-content\/uploads\/2026\/05\/ImageToStl.com_Tenis-Zapatillas-Adidas-Samba-Unisex.avif","contentUrl":"https:\/\/snkrstore.shop\/alejandra\/wp-content\/uploads\/2026\/05\/ImageToStl.com_Tenis-Zapatillas-Adidas-Samba-Unisex.avif","width":800,"height":800,"caption":"Adidas samba"},{"@type":"BreadcrumbList","@id":"https:\/\/snkrstore.shop\/alejandra\/producto\/adidas-samba\/#breadcrumb","itemListElement":[{"@type":"ListItem","position":1,"name":"Portada","item":"https:\/\/snkrstore.shop\/alejandra\/"},{"@type":"ListItem","position":2,"name":"Tienda","item":"https:\/\/snkrstore.shop\/alejandra\/tienda\/"},{"@type":"ListItem","position":3,"name":"Adidas samba"}]},{"@type":"WebSite","@id":"https:\/\/snkrstore.shop\/alejandra\/#website","url":"https:\/\/snkrstore.shop\/alejandra\/","name":"SNKR STORE","description":"","potentialAction":[{"@type":"SearchAction","target":{"@type":"EntryPoint","urlTemplate":"https:\/\/snkrstore.shop\/alejandra\/?s={search_term_string}"},"query-input":{"@type":"PropertyValueSpecification","valueRequired":true,"valueName":"search_term_string"}}],"inLanguage":"es"}]}},"jetpack_sharing_enabled":true,"_links":{"self":[{"href":"https:\/\/snkrstore.shop\/alejandra\/wp-json\/wp\/v2\/product\/354","targetHints":{"allow":["GET"]}}],"collection":[{"href":"https:\/\/snkrstore.shop\/alejandra\/wp-json\/wp\/v2\/product"}],"about":[{"href":"https:\/\/snkrstore.shop\/alejandra\/wp-json\/wp\/v2\/types\/product"}],"replies":[{"embeddable":true,"href":"https:\/\/snkrstore.shop\/alejandra\/wp-json\/wp\/v2\/comments?post=354"}],"wp:featuredmedia":[{"embeddable":true,"href":"https:\/\/snkrstore.shop\/alejandra\/wp-json\/wp\/v2\/media\/355"}],"wp:attachment":[{"href":"https:\/\/snkrstore.shop\/alejandra\/wp-json\/wp\/v2\/media?parent=354"}],"wp:term":[{"taxonomy":"product_brand","embeddable":true,"href":"https:\/\/snkrstore.shop\/alejandra\/wp-json\/wp\/v2\/product_brand?post=354"},{"taxonomy":"product_cat","embeddable":true,"href":"https:\/\/snkrstore.shop\/alejandra\/wp-json\/wp\/v2\/product_cat?post=354"},{"taxonomy":"product_tag","embeddable":true,"href":"https:\/\/snkrstore.shop\/alejandra\/wp-json\/wp\/v2\/product_tag?post=354"}],"curies":[{"name":"wp","href":"https:\/\/api.w.org\/{rel}","templated":true}]}}