{"id":345,"date":"2026-05-06T22:25:30","date_gmt":"2026-05-06T20:25:30","guid":{"rendered":"https:\/\/snkrstore.shop\/alejandra\/?post_type=product&#038;p=345"},"modified":"2026-05-06T22:25:32","modified_gmt":"2026-05-06T20:25:32","slug":"nike-air-force-1","status":"publish","type":"product","link":"https:\/\/snkrstore.shop\/alejandra\/producto\/nike-air-force-1\/","title":{"rendered":"Nike Air Force 1"},"content":{"rendered":"","protected":false},"excerpt":{"rendered":"<p data-start=\"200\" data-end=\"421\">Las <strong data-start=\"204\" data-end=\"245\">zapatillas blancas estilo Air Force 1<\/strong> son un \u00edcono del streetwear que nunca pasa de moda. Su dise\u00f1o totalmente blanco transmite limpieza, versatilidad y un estilo urbano premium que combina con absolutamente todo.<\/p>\n<p data-start=\"423\" data-end=\"757\">Fabricadas con material tipo cuero, ofrecen resistencia, comodidad y un ajuste perfecto para el uso diario. Su suela gruesa con tecnolog\u00eda de amortiguaci\u00f3n brinda confort en cada paso, mientras que los detalles cl\u00e1sicos como la puntera perforada y el logo lateral mantienen su esencia original.<\/p>\n","protected":false},"featured_media":346,"comment_status":"open","ping_status":"closed","template":"","meta":{"_joinchat":[]},"product_brand":[],"product_cat":[17],"product_tag":[],"class_list":{"0":"post-345","1":"product","2":"type-product","3":"status-publish","4":"has-post-thumbnail","6":"product_cat-tenis-clasicos","8":"first","9":"instock","10":"shipping-taxable","11":"purchasable","12":"product-type-simple"},"yoast_head":"<!-- This site is optimized with the Yoast SEO plugin v27.5 - https:\/\/yoast.com\/product\/yoast-seo-wordpress\/ -->\n<title>Nike Air Force 1 - SNKR STORE<\/title>\n<meta name=\"robots\" content=\"index, follow, max-snippet:-1, max-image-preview:large, max-video-preview:-1\" \/>\n<link rel=\"canonical\" href=\"https:\/\/snkrstore.shop\/alejandra\/producto\/nike-air-force-1\/\" \/>\n<meta property=\"og:locale\" content=\"es_ES\" \/>\n<meta property=\"og:type\" content=\"article\" \/>\n<meta property=\"og:title\" content=\"Nike Air Force 1 - SNKR STORE\" \/>\n<meta property=\"og:description\" content=\"Las zapatillas blancas estilo Air Force 1 son un \u00edcono del streetwear que nunca pasa de moda. Su dise\u00f1o totalmente blanco transmite limpieza, versatilidad y un estilo urbano premium que combina con absolutamente todo. Fabricadas con material tipo cuero, ofrecen resistencia, comodidad y un ajuste perfecto para el uso diario. Su suela gruesa con tecnolog\u00eda de amortiguaci\u00f3n brinda confort en cada paso, mientras que los detalles cl\u00e1sicos como la puntera perforada y el logo lateral mantienen su esencia original.\" \/>\n<meta property=\"og:url\" content=\"https:\/\/snkrstore.shop\/alejandra\/producto\/nike-air-force-1\/\" \/>\n<meta property=\"og:site_name\" content=\"SNKR STORE\" \/>\n<meta property=\"article:modified_time\" content=\"2026-05-06T20:25:32+00:00\" \/>\n<meta name=\"twitter:card\" content=\"summary_large_image\" \/>\n<meta name=\"twitter:label1\" content=\"Tiempo de lectura\" \/>\n\t<meta name=\"twitter:data1\" content=\"1 minuto\" \/>\n<script type=\"application\/ld+json\" class=\"yoast-schema-graph\">{\"@context\":\"https:\\\/\\\/schema.org\",\"@graph\":[{\"@type\":\"WebPage\",\"@id\":\"https:\\\/\\\/snkrstore.shop\\\/alejandra\\\/producto\\\/nike-air-force-1\\\/\",\"url\":\"https:\\\/\\\/snkrstore.shop\\\/alejandra\\\/producto\\\/nike-air-force-1\\\/\",\"name\":\"Nike Air Force 1 - SNKR STORE\",\"isPartOf\":{\"@id\":\"https:\\\/\\\/snkrstore.shop\\\/alejandra\\\/#website\"},\"primaryImageOfPage\":{\"@id\":\"https:\\\/\\\/snkrstore.shop\\\/alejandra\\\/producto\\\/nike-air-force-1\\\/#primaryimage\"},\"image\":{\"@id\":\"https:\\\/\\\/snkrstore.shop\\\/alejandra\\\/producto\\\/nike-air-force-1\\\/#primaryimage\"},\"thumbnailUrl\":\"https:\\\/\\\/snkrstore.shop\\\/alejandra\\\/wp-content\\\/uploads\\\/2026\\\/05\\\/ImageToStl.com_image2.avif\",\"datePublished\":\"2026-05-06T20:25:30+00:00\",\"dateModified\":\"2026-05-06T20:25:32+00:00\",\"breadcrumb\":{\"@id\":\"https:\\\/\\\/snkrstore.shop\\\/alejandra\\\/producto\\\/nike-air-force-1\\\/#breadcrumb\"},\"inLanguage\":\"es\",\"potentialAction\":[{\"@type\":\"ReadAction\",\"target\":[\"https:\\\/\\\/snkrstore.shop\\\/alejandra\\\/producto\\\/nike-air-force-1\\\/\"]}]},{\"@type\":\"ImageObject\",\"inLanguage\":\"es\",\"@id\":\"https:\\\/\\\/snkrstore.shop\\\/alejandra\\\/producto\\\/nike-air-force-1\\\/#primaryimage\",\"url\":\"https:\\\/\\\/snkrstore.shop\\\/alejandra\\\/wp-content\\\/uploads\\\/2026\\\/05\\\/ImageToStl.com_image2.avif\",\"contentUrl\":\"https:\\\/\\\/snkrstore.shop\\\/alejandra\\\/wp-content\\\/uploads\\\/2026\\\/05\\\/ImageToStl.com_image2.avif\",\"width\":828,\"height\":1042,\"caption\":\"Nike Air\"},{\"@type\":\"BreadcrumbList\",\"@id\":\"https:\\\/\\\/snkrstore.shop\\\/alejandra\\\/producto\\\/nike-air-force-1\\\/#breadcrumb\",\"itemListElement\":[{\"@type\":\"ListItem\",\"position\":1,\"name\":\"Portada\",\"item\":\"https:\\\/\\\/snkrstore.shop\\\/alejandra\\\/\"},{\"@type\":\"ListItem\",\"position\":2,\"name\":\"Tienda\",\"item\":\"https:\\\/\\\/snkrstore.shop\\\/alejandra\\\/tienda\\\/\"},{\"@type\":\"ListItem\",\"position\":3,\"name\":\"Nike Air Force 1\"}]},{\"@type\":\"WebSite\",\"@id\":\"https:\\\/\\\/snkrstore.shop\\\/alejandra\\\/#website\",\"url\":\"https:\\\/\\\/snkrstore.shop\\\/alejandra\\\/\",\"name\":\"SNKR STORE\",\"description\":\"\",\"potentialAction\":[{\"@type\":\"SearchAction\",\"target\":{\"@type\":\"EntryPoint\",\"urlTemplate\":\"https:\\\/\\\/snkrstore.shop\\\/alejandra\\\/?s={search_term_string}\"},\"query-input\":{\"@type\":\"PropertyValueSpecification\",\"valueRequired\":true,\"valueName\":\"search_term_string\"}}],\"inLanguage\":\"es\"}]}<\/script>\n<!-- \/ Yoast SEO plugin. -->","yoast_head_json":{"title":"Nike Air Force 1 - SNKR STORE","robots":{"index":"index","follow":"follow","max-snippet":"max-snippet:-1","max-image-preview":"max-image-preview:large","max-video-preview":"max-video-preview:-1"},"canonical":"https:\/\/snkrstore.shop\/alejandra\/producto\/nike-air-force-1\/","og_locale":"es_ES","og_type":"article","og_title":"Nike Air Force 1 - SNKR STORE","og_description":"Las zapatillas blancas estilo Air Force 1 son un \u00edcono del streetwear que nunca pasa de moda. Su dise\u00f1o totalmente blanco transmite limpieza, versatilidad y un estilo urbano premium que combina con absolutamente todo. Fabricadas con material tipo cuero, ofrecen resistencia, comodidad y un ajuste perfecto para el uso diario. Su suela gruesa con tecnolog\u00eda de amortiguaci\u00f3n brinda confort en cada paso, mientras que los detalles cl\u00e1sicos como la puntera perforada y el logo lateral mantienen su esencia original.","og_url":"https:\/\/snkrstore.shop\/alejandra\/producto\/nike-air-force-1\/","og_site_name":"SNKR STORE","article_modified_time":"2026-05-06T20:25:32+00:00","twitter_card":"summary_large_image","twitter_misc":{"Tiempo de lectura":"1 minuto"},"schema":{"@context":"https:\/\/schema.org","@graph":[{"@type":"WebPage","@id":"https:\/\/snkrstore.shop\/alejandra\/producto\/nike-air-force-1\/","url":"https:\/\/snkrstore.shop\/alejandra\/producto\/nike-air-force-1\/","name":"Nike Air Force 1 - SNKR STORE","isPartOf":{"@id":"https:\/\/snkrstore.shop\/alejandra\/#website"},"primaryImageOfPage":{"@id":"https:\/\/snkrstore.shop\/alejandra\/producto\/nike-air-force-1\/#primaryimage"},"image":{"@id":"https:\/\/snkrstore.shop\/alejandra\/producto\/nike-air-force-1\/#primaryimage"},"thumbnailUrl":"https:\/\/snkrstore.shop\/alejandra\/wp-content\/uploads\/2026\/05\/ImageToStl.com_image2.avif","datePublished":"2026-05-06T20:25:30+00:00","dateModified":"2026-05-06T20:25:32+00:00","breadcrumb":{"@id":"https:\/\/snkrstore.shop\/alejandra\/producto\/nike-air-force-1\/#breadcrumb"},"inLanguage":"es","potentialAction":[{"@type":"ReadAction","target":["https:\/\/snkrstore.shop\/alejandra\/producto\/nike-air-force-1\/"]}]},{"@type":"ImageObject","inLanguage":"es","@id":"https:\/\/snkrstore.shop\/alejandra\/producto\/nike-air-force-1\/#primaryimage","url":"https:\/\/snkrstore.shop\/alejandra\/wp-content\/uploads\/2026\/05\/ImageToStl.com_image2.avif","contentUrl":"https:\/\/snkrstore.shop\/alejandra\/wp-content\/uploads\/2026\/05\/ImageToStl.com_image2.avif","width":828,"height":1042,"caption":"Nike Air"},{"@type":"BreadcrumbList","@id":"https:\/\/snkrstore.shop\/alejandra\/producto\/nike-air-force-1\/#breadcrumb","itemListElement":[{"@type":"ListItem","position":1,"name":"Portada","item":"https:\/\/snkrstore.shop\/alejandra\/"},{"@type":"ListItem","position":2,"name":"Tienda","item":"https:\/\/snkrstore.shop\/alejandra\/tienda\/"},{"@type":"ListItem","position":3,"name":"Nike Air Force 1"}]},{"@type":"WebSite","@id":"https:\/\/snkrstore.shop\/alejandra\/#website","url":"https:\/\/snkrstore.shop\/alejandra\/","name":"SNKR STORE","description":"","potentialAction":[{"@type":"SearchAction","target":{"@type":"EntryPoint","urlTemplate":"https:\/\/snkrstore.shop\/alejandra\/?s={search_term_string}"},"query-input":{"@type":"PropertyValueSpecification","valueRequired":true,"valueName":"search_term_string"}}],"inLanguage":"es"}]}},"jetpack_sharing_enabled":true,"_links":{"self":[{"href":"https:\/\/snkrstore.shop\/alejandra\/wp-json\/wp\/v2\/product\/345","targetHints":{"allow":["GET"]}}],"collection":[{"href":"https:\/\/snkrstore.shop\/alejandra\/wp-json\/wp\/v2\/product"}],"about":[{"href":"https:\/\/snkrstore.shop\/alejandra\/wp-json\/wp\/v2\/types\/product"}],"replies":[{"embeddable":true,"href":"https:\/\/snkrstore.shop\/alejandra\/wp-json\/wp\/v2\/comments?post=345"}],"wp:featuredmedia":[{"embeddable":true,"href":"https:\/\/snkrstore.shop\/alejandra\/wp-json\/wp\/v2\/media\/346"}],"wp:attachment":[{"href":"https:\/\/snkrstore.shop\/alejandra\/wp-json\/wp\/v2\/media?parent=345"}],"wp:term":[{"taxonomy":"product_brand","embeddable":true,"href":"https:\/\/snkrstore.shop\/alejandra\/wp-json\/wp\/v2\/product_brand?post=345"},{"taxonomy":"product_cat","embeddable":true,"href":"https:\/\/snkrstore.shop\/alejandra\/wp-json\/wp\/v2\/product_cat?post=345"},{"taxonomy":"product_tag","embeddable":true,"href":"https:\/\/snkrstore.shop\/alejandra\/wp-json\/wp\/v2\/product_tag?post=345"}],"curies":[{"name":"wp","href":"https:\/\/api.w.org\/{rel}","templated":true}]}}