{"id":26,"date":"2026-03-21T17:08:57","date_gmt":"2026-03-21T16:08:57","guid":{"rendered":"https:\/\/snkrstore.shop\/alejandra\/?page_id=26"},"modified":"2026-05-09T02:56:27","modified_gmt":"2026-05-09T00:56:27","slug":"garantias","status":"publish","type":"page","link":"https:\/\/snkrstore.shop\/alejandra\/garantias\/","title":{"rendered":"Garantias"},"content":{"rendered":"<h3 data-section-id=\"1p0fztx\" data-start=\"896\" data-end=\"908\">Garant\u00eda<\/h3>\r\n<p data-start=\"909\" data-end=\"1074\">Todos nuestros productos cuentan con garant\u00eda por defectos de fabricaci\u00f3n de hasta <strong data-start=\"992\" data-end=\"1014\">30 d\u00edas calendario<\/strong> despu\u00e9s de recibido el pedido.<br data-start=\"1045\" data-end=\"1048\" \/>La garant\u00eda no aplica por:<\/p>\r\n<ul data-start=\"1075\" data-end=\"1168\">\r\n<li data-section-id=\"x12dy9\" data-start=\"1075\" data-end=\"1084\">Mal uso<\/li>\r\n<li data-section-id=\"jtmhtb\" data-start=\"1085\" data-end=\"1103\">Desgaste natural<\/li>\r\n<li data-section-id=\"1ioac9g\" data-start=\"1104\" data-end=\"1133\">Humedad o lavado incorrecto<\/li>\r\n<li data-section-id=\"1ywszrr\" data-start=\"1134\" data-end=\"1168\">Da\u00f1os ocasionados por el cliente<\/li>\r\n<\/ul>\r\n","protected":false},"excerpt":{"rendered":"<p>Garant\u00eda Todos nuestros productos cuentan con garant\u00eda por defectos de fabricaci\u00f3n de hasta 30 d\u00edas calendario despu\u00e9s de recibido el pedido.La garant\u00eda no aplica por: Mal uso Desgaste natural Humedad o lavado incorrecto Da\u00f1os ocasionados por el cliente<\/p>\n","protected":false},"author":1,"featured_media":0,"parent":0,"menu_order":0,"comment_status":"closed","ping_status":"closed","template":"","meta":{"_joinchat":[],"footnotes":""},"class_list":["post-26","page","type-page","status-publish","hentry"],"yoast_head":"<!-- This site is optimized with the Yoast SEO plugin v27.5 - https:\/\/yoast.com\/product\/yoast-seo-wordpress\/ -->\n<title>Garantias - SNKR STORE<\/title>\n<meta name=\"robots\" content=\"index, follow, max-snippet:-1, max-image-preview:large, max-video-preview:-1\" \/>\n<link rel=\"canonical\" href=\"https:\/\/snkrstore.shop\/alejandra\/garantias\/\" \/>\n<meta property=\"og:locale\" content=\"es_ES\" \/>\n<meta property=\"og:type\" content=\"article\" \/>\n<meta property=\"og:title\" content=\"Garantias - SNKR STORE\" \/>\n<meta property=\"og:description\" content=\"Garant\u00eda Todos nuestros productos cuentan con garant\u00eda por defectos de fabricaci\u00f3n de hasta 30 d\u00edas calendario despu\u00e9s de recibido el pedido.La garant\u00eda no aplica por: Mal uso Desgaste natural Humedad o lavado incorrecto Da\u00f1os ocasionados por el cliente\" \/>\n<meta property=\"og:url\" content=\"https:\/\/snkrstore.shop\/alejandra\/garantias\/\" \/>\n<meta property=\"og:site_name\" content=\"SNKR STORE\" \/>\n<meta property=\"article:modified_time\" content=\"2026-05-09T00:56:27+00:00\" \/>\n<meta name=\"twitter:card\" content=\"summary_large_image\" \/>\n<script type=\"application\/ld+json\" class=\"yoast-schema-graph\">{\"@context\":\"https:\\\/\\\/schema.org\",\"@graph\":[{\"@type\":\"WebPage\",\"@id\":\"https:\\\/\\\/snkrstore.shop\\\/alejandra\\\/garantias\\\/\",\"url\":\"https:\\\/\\\/snkrstore.shop\\\/alejandra\\\/garantias\\\/\",\"name\":\"Garantias - SNKR STORE\",\"isPartOf\":{\"@id\":\"https:\\\/\\\/snkrstore.shop\\\/alejandra\\\/#website\"},\"datePublished\":\"2026-03-21T16:08:57+00:00\",\"dateModified\":\"2026-05-09T00:56:27+00:00\",\"breadcrumb\":{\"@id\":\"https:\\\/\\\/snkrstore.shop\\\/alejandra\\\/garantias\\\/#breadcrumb\"},\"inLanguage\":\"es\",\"potentialAction\":[{\"@type\":\"ReadAction\",\"target\":[\"https:\\\/\\\/snkrstore.shop\\\/alejandra\\\/garantias\\\/\"]}]},{\"@type\":\"BreadcrumbList\",\"@id\":\"https:\\\/\\\/snkrstore.shop\\\/alejandra\\\/garantias\\\/#breadcrumb\",\"itemListElement\":[{\"@type\":\"ListItem\",\"position\":1,\"name\":\"Portada\",\"item\":\"https:\\\/\\\/snkrstore.shop\\\/alejandra\\\/\"},{\"@type\":\"ListItem\",\"position\":2,\"name\":\"Garantias\"}]},{\"@type\":\"WebSite\",\"@id\":\"https:\\\/\\\/snkrstore.shop\\\/alejandra\\\/#website\",\"url\":\"https:\\\/\\\/snkrstore.shop\\\/alejandra\\\/\",\"name\":\"SNKR STORE\",\"description\":\"\",\"potentialAction\":[{\"@type\":\"SearchAction\",\"target\":{\"@type\":\"EntryPoint\",\"urlTemplate\":\"https:\\\/\\\/snkrstore.shop\\\/alejandra\\\/?s={search_term_string}\"},\"query-input\":{\"@type\":\"PropertyValueSpecification\",\"valueRequired\":true,\"valueName\":\"search_term_string\"}}],\"inLanguage\":\"es\"}]}<\/script>\n<!-- \/ Yoast SEO plugin. -->","yoast_head_json":{"title":"Garantias - SNKR STORE","robots":{"index":"index","follow":"follow","max-snippet":"max-snippet:-1","max-image-preview":"max-image-preview:large","max-video-preview":"max-video-preview:-1"},"canonical":"https:\/\/snkrstore.shop\/alejandra\/garantias\/","og_locale":"es_ES","og_type":"article","og_title":"Garantias - SNKR STORE","og_description":"Garant\u00eda Todos nuestros productos cuentan con garant\u00eda por defectos de fabricaci\u00f3n de hasta 30 d\u00edas calendario despu\u00e9s de recibido el pedido.La garant\u00eda no aplica por: Mal uso Desgaste natural Humedad o lavado incorrecto Da\u00f1os ocasionados por el cliente","og_url":"https:\/\/snkrstore.shop\/alejandra\/garantias\/","og_site_name":"SNKR STORE","article_modified_time":"2026-05-09T00:56:27+00:00","twitter_card":"summary_large_image","schema":{"@context":"https:\/\/schema.org","@graph":[{"@type":"WebPage","@id":"https:\/\/snkrstore.shop\/alejandra\/garantias\/","url":"https:\/\/snkrstore.shop\/alejandra\/garantias\/","name":"Garantias - SNKR STORE","isPartOf":{"@id":"https:\/\/snkrstore.shop\/alejandra\/#website"},"datePublished":"2026-03-21T16:08:57+00:00","dateModified":"2026-05-09T00:56:27+00:00","breadcrumb":{"@id":"https:\/\/snkrstore.shop\/alejandra\/garantias\/#breadcrumb"},"inLanguage":"es","potentialAction":[{"@type":"ReadAction","target":["https:\/\/snkrstore.shop\/alejandra\/garantias\/"]}]},{"@type":"BreadcrumbList","@id":"https:\/\/snkrstore.shop\/alejandra\/garantias\/#breadcrumb","itemListElement":[{"@type":"ListItem","position":1,"name":"Portada","item":"https:\/\/snkrstore.shop\/alejandra\/"},{"@type":"ListItem","position":2,"name":"Garantias"}]},{"@type":"WebSite","@id":"https:\/\/snkrstore.shop\/alejandra\/#website","url":"https:\/\/snkrstore.shop\/alejandra\/","name":"SNKR STORE","description":"","potentialAction":[{"@type":"SearchAction","target":{"@type":"EntryPoint","urlTemplate":"https:\/\/snkrstore.shop\/alejandra\/?s={search_term_string}"},"query-input":{"@type":"PropertyValueSpecification","valueRequired":true,"valueName":"search_term_string"}}],"inLanguage":"es"}]}},"jetpack_sharing_enabled":true,"_links":{"self":[{"href":"https:\/\/snkrstore.shop\/alejandra\/wp-json\/wp\/v2\/pages\/26","targetHints":{"allow":["GET"]}}],"collection":[{"href":"https:\/\/snkrstore.shop\/alejandra\/wp-json\/wp\/v2\/pages"}],"about":[{"href":"https:\/\/snkrstore.shop\/alejandra\/wp-json\/wp\/v2\/types\/page"}],"author":[{"embeddable":true,"href":"https:\/\/snkrstore.shop\/alejandra\/wp-json\/wp\/v2\/users\/1"}],"replies":[{"embeddable":true,"href":"https:\/\/snkrstore.shop\/alejandra\/wp-json\/wp\/v2\/comments?post=26"}],"version-history":[{"count":2,"href":"https:\/\/snkrstore.shop\/alejandra\/wp-json\/wp\/v2\/pages\/26\/revisions"}],"predecessor-version":[{"id":362,"href":"https:\/\/snkrstore.shop\/alejandra\/wp-json\/wp\/v2\/pages\/26\/revisions\/362"}],"wp:attachment":[{"href":"https:\/\/snkrstore.shop\/alejandra\/wp-json\/wp\/v2\/media?parent=26"}],"curies":[{"name":"wp","href":"https:\/\/api.w.org\/{rel}","templated":true}]}}