{"id":24,"date":"2026-03-21T17:08:35","date_gmt":"2026-03-21T16:08:35","guid":{"rendered":"https:\/\/snkrstore.shop\/alejandra\/?page_id=24"},"modified":"2026-05-09T02:55:52","modified_gmt":"2026-05-09T00:55:52","slug":"cambios-y-devoluciones","status":"publish","type":"page","link":"https:\/\/snkrstore.shop\/alejandra\/cambios-y-devoluciones\/","title":{"rendered":"Cambios y devoluciones"},"content":{"rendered":"<p data-start=\"40\" data-end=\"299\">En <a class=\"decorated-link cursor-pointer\" target=\"_new\" rel=\"noopener\" data-start=\"43\" data-end=\"100\">SNKR STORE<\/a> queremos que tengas la mejor experiencia con tu compra. Por eso, contamos con una pol\u00edtica de cambios clara y sencilla para nuestros clientes en <span class=\"hover:entity-accent entity-underline inline cursor-pointer align-baseline\"><span class=\"whitespace-normal\">Cali<\/span><\/span> y todo el pa\u00eds.<\/p>\r\n<h3 data-section-id=\"1n2zvxa\" data-start=\"301\" data-end=\"312\">Cambios<\/h3>\r\n<ul data-start=\"313\" data-end=\"613\">\r\n<li data-section-id=\"1hparpt\" data-start=\"313\" data-end=\"420\">Los cambios pueden solicitarse dentro de los primeros <strong data-start=\"369\" data-end=\"390\">5 d\u00edas calendario<\/strong> despu\u00e9s de recibir el pedido.<\/li>\r\n<li data-section-id=\"1i7i9fx\" data-start=\"421\" data-end=\"509\">El producto debe estar <strong data-start=\"446\" data-end=\"508\">sin uso, en perfecto estado, limpio y con su caja original<\/strong>.<\/li>\r\n<li data-section-id=\"y1ipd\" data-start=\"510\" data-end=\"613\">Solo se realizan cambios por:\r\n<ul data-start=\"544\" data-end=\"613\">\r\n<li data-section-id=\"17822cc\" data-start=\"544\" data-end=\"551\">Talla<\/li>\r\n<li data-section-id=\"tmxdwj\" data-start=\"554\" data-end=\"577\">Referencia disponible<\/li>\r\n<li data-section-id=\"rgpaq1\" data-start=\"580\" data-end=\"613\">Producto con defecto de f\u00e1brica<\/li>\r\n<\/ul>\r\n<\/li>\r\n<\/ul>\r\n<h3 data-section-id=\"de09ph\" data-start=\"615\" data-end=\"629\">Importante<\/h3>\r\n<ul data-start=\"630\" data-end=\"894\">\r\n<li data-section-id=\"1rruvwd\" data-start=\"630\" data-end=\"711\">No realizamos devoluci\u00f3n de dinero, excepto en casos contemplados por garant\u00eda.<\/li>\r\n<li data-section-id=\"wxm44f\" data-start=\"712\" data-end=\"829\">Los costos de env\u00edo por cambio corren por cuenta del cliente, salvo que el producto presente un defecto de f\u00e1brica.<\/li>\r\n<li data-section-id=\"1w12zww\" data-start=\"830\" data-end=\"894\">Las referencias en promoci\u00f3n o con descuento no tienen cambio.<\/li>\r\n<\/ul>\r\n<h3 data-section-id=\"iwcng0\" data-start=\"1170\" data-end=\"1200\">\u00bfC\u00f3mo solicitar un cambio?<\/h3>\r\n<p data-start=\"1201\" data-end=\"1245\">Puedes comunicarte con nosotros a trav\u00e9s de:<\/p>\r\n<ul data-start=\"1246\" data-end=\"1289\">\r\n<li data-section-id=\"vmqg9c\" data-start=\"1246\" data-end=\"1256\">WhatsApp<\/li>\r\n<li data-section-id=\"b7govk\" data-start=\"1257\" data-end=\"1268\">Instagram<\/li>\r\n<li data-section-id=\"1eebj6u\" data-start=\"1269\" data-end=\"1289\">Correo\u00a0<\/li>\r\n<\/ul>\r\n<p data-start=\"1291\" data-end=\"1301\">Indicando:<\/p>\r\n<ol data-start=\"1302\" data-end=\"1401\">\r\n<li data-section-id=\"16z1ex\" data-start=\"1302\" data-end=\"1323\">N\u00famero de pedido<\/li>\r\n<li data-section-id=\"1ebvdwj\" data-start=\"1324\" data-end=\"1344\">Nombre completo<\/li>\r\n<li data-section-id=\"mjig0o\" data-start=\"1345\" data-end=\"1367\">Motivo del cambio<\/li>\r\n<li data-section-id=\"1mcyxiy\" data-start=\"1368\" data-end=\"1401\">Fotos del producto (si aplica)<\/li>\r\n<\/ol>\r\n<p data-start=\"1403\" data-end=\"1516\" data-is-last-node=\"\" data-is-only-node=\"\">SNKR STORE se reserva el derecho de aceptar cambios que no cumplan con las condiciones anteriormente mencionadas.<\/p>\r\n","protected":false},"excerpt":{"rendered":"<p>En SNKR STORE queremos que tengas la mejor experiencia con tu compra. Por eso, contamos con una pol\u00edtica de cambios clara y sencilla para nuestros clientes en Cali y todo el pa\u00eds. Cambios Los cambios pueden solicitarse dentro de los primeros 5 d\u00edas calendario despu\u00e9s de recibir el pedido. El producto debe estar sin uso, [&#8230;]\n","protected":false},"author":1,"featured_media":0,"parent":0,"menu_order":0,"comment_status":"closed","ping_status":"closed","template":"","meta":{"_joinchat":[],"footnotes":""},"class_list":["post-24","page","type-page","status-publish","hentry"],"yoast_head":"<!-- This site is optimized with the Yoast SEO plugin v27.5 - https:\/\/yoast.com\/product\/yoast-seo-wordpress\/ -->\n<title>Cambios y devoluciones - SNKR STORE<\/title>\n<meta name=\"robots\" content=\"index, follow, max-snippet:-1, max-image-preview:large, max-video-preview:-1\" \/>\n<link rel=\"canonical\" href=\"https:\/\/snkrstore.shop\/alejandra\/cambios-y-devoluciones\/\" \/>\n<meta property=\"og:locale\" content=\"es_ES\" \/>\n<meta property=\"og:type\" content=\"article\" \/>\n<meta property=\"og:title\" content=\"Cambios y devoluciones - SNKR STORE\" \/>\n<meta property=\"og:description\" content=\"En SNKR STORE queremos que tengas la mejor experiencia con tu compra. Por eso, contamos con una pol\u00edtica de cambios clara y sencilla para nuestros clientes en Cali y todo el pa\u00eds. Cambios Los cambios pueden solicitarse dentro de los primeros 5 d\u00edas calendario despu\u00e9s de recibir el pedido. El producto debe estar sin uso, [...]\" \/>\n<meta property=\"og:url\" content=\"https:\/\/snkrstore.shop\/alejandra\/cambios-y-devoluciones\/\" \/>\n<meta property=\"og:site_name\" content=\"SNKR STORE\" \/>\n<meta property=\"article:modified_time\" content=\"2026-05-09T00:55:52+00:00\" \/>\n<meta name=\"twitter:card\" content=\"summary_large_image\" \/>\n<meta name=\"twitter:label1\" content=\"Tiempo de lectura\" \/>\n\t<meta name=\"twitter:data1\" content=\"1 minuto\" \/>\n<script type=\"application\/ld+json\" class=\"yoast-schema-graph\">{\"@context\":\"https:\\\/\\\/schema.org\",\"@graph\":[{\"@type\":\"WebPage\",\"@id\":\"https:\\\/\\\/snkrstore.shop\\\/alejandra\\\/cambios-y-devoluciones\\\/\",\"url\":\"https:\\\/\\\/snkrstore.shop\\\/alejandra\\\/cambios-y-devoluciones\\\/\",\"name\":\"Cambios y devoluciones - SNKR STORE\",\"isPartOf\":{\"@id\":\"https:\\\/\\\/snkrstore.shop\\\/alejandra\\\/#website\"},\"datePublished\":\"2026-03-21T16:08:35+00:00\",\"dateModified\":\"2026-05-09T00:55:52+00:00\",\"breadcrumb\":{\"@id\":\"https:\\\/\\\/snkrstore.shop\\\/alejandra\\\/cambios-y-devoluciones\\\/#breadcrumb\"},\"inLanguage\":\"es\",\"potentialAction\":[{\"@type\":\"ReadAction\",\"target\":[\"https:\\\/\\\/snkrstore.shop\\\/alejandra\\\/cambios-y-devoluciones\\\/\"]}]},{\"@type\":\"BreadcrumbList\",\"@id\":\"https:\\\/\\\/snkrstore.shop\\\/alejandra\\\/cambios-y-devoluciones\\\/#breadcrumb\",\"itemListElement\":[{\"@type\":\"ListItem\",\"position\":1,\"name\":\"Portada\",\"item\":\"https:\\\/\\\/snkrstore.shop\\\/alejandra\\\/\"},{\"@type\":\"ListItem\",\"position\":2,\"name\":\"Cambios y devoluciones\"}]},{\"@type\":\"WebSite\",\"@id\":\"https:\\\/\\\/snkrstore.shop\\\/alejandra\\\/#website\",\"url\":\"https:\\\/\\\/snkrstore.shop\\\/alejandra\\\/\",\"name\":\"SNKR STORE\",\"description\":\"\",\"potentialAction\":[{\"@type\":\"SearchAction\",\"target\":{\"@type\":\"EntryPoint\",\"urlTemplate\":\"https:\\\/\\\/snkrstore.shop\\\/alejandra\\\/?s={search_term_string}\"},\"query-input\":{\"@type\":\"PropertyValueSpecification\",\"valueRequired\":true,\"valueName\":\"search_term_string\"}}],\"inLanguage\":\"es\"}]}<\/script>\n<!-- \/ Yoast SEO plugin. -->","yoast_head_json":{"title":"Cambios y devoluciones - SNKR STORE","robots":{"index":"index","follow":"follow","max-snippet":"max-snippet:-1","max-image-preview":"max-image-preview:large","max-video-preview":"max-video-preview:-1"},"canonical":"https:\/\/snkrstore.shop\/alejandra\/cambios-y-devoluciones\/","og_locale":"es_ES","og_type":"article","og_title":"Cambios y devoluciones - SNKR STORE","og_description":"En SNKR STORE queremos que tengas la mejor experiencia con tu compra. Por eso, contamos con una pol\u00edtica de cambios clara y sencilla para nuestros clientes en Cali y todo el pa\u00eds. Cambios Los cambios pueden solicitarse dentro de los primeros 5 d\u00edas calendario despu\u00e9s de recibir el pedido. El producto debe estar sin uso, [...]","og_url":"https:\/\/snkrstore.shop\/alejandra\/cambios-y-devoluciones\/","og_site_name":"SNKR STORE","article_modified_time":"2026-05-09T00:55:52+00:00","twitter_card":"summary_large_image","twitter_misc":{"Tiempo de lectura":"1 minuto"},"schema":{"@context":"https:\/\/schema.org","@graph":[{"@type":"WebPage","@id":"https:\/\/snkrstore.shop\/alejandra\/cambios-y-devoluciones\/","url":"https:\/\/snkrstore.shop\/alejandra\/cambios-y-devoluciones\/","name":"Cambios y devoluciones - SNKR STORE","isPartOf":{"@id":"https:\/\/snkrstore.shop\/alejandra\/#website"},"datePublished":"2026-03-21T16:08:35+00:00","dateModified":"2026-05-09T00:55:52+00:00","breadcrumb":{"@id":"https:\/\/snkrstore.shop\/alejandra\/cambios-y-devoluciones\/#breadcrumb"},"inLanguage":"es","potentialAction":[{"@type":"ReadAction","target":["https:\/\/snkrstore.shop\/alejandra\/cambios-y-devoluciones\/"]}]},{"@type":"BreadcrumbList","@id":"https:\/\/snkrstore.shop\/alejandra\/cambios-y-devoluciones\/#breadcrumb","itemListElement":[{"@type":"ListItem","position":1,"name":"Portada","item":"https:\/\/snkrstore.shop\/alejandra\/"},{"@type":"ListItem","position":2,"name":"Cambios y devoluciones"}]},{"@type":"WebSite","@id":"https:\/\/snkrstore.shop\/alejandra\/#website","url":"https:\/\/snkrstore.shop\/alejandra\/","name":"SNKR STORE","description":"","potentialAction":[{"@type":"SearchAction","target":{"@type":"EntryPoint","urlTemplate":"https:\/\/snkrstore.shop\/alejandra\/?s={search_term_string}"},"query-input":{"@type":"PropertyValueSpecification","valueRequired":true,"valueName":"search_term_string"}}],"inLanguage":"es"}]}},"jetpack_sharing_enabled":true,"_links":{"self":[{"href":"https:\/\/snkrstore.shop\/alejandra\/wp-json\/wp\/v2\/pages\/24","targetHints":{"allow":["GET"]}}],"collection":[{"href":"https:\/\/snkrstore.shop\/alejandra\/wp-json\/wp\/v2\/pages"}],"about":[{"href":"https:\/\/snkrstore.shop\/alejandra\/wp-json\/wp\/v2\/types\/page"}],"author":[{"embeddable":true,"href":"https:\/\/snkrstore.shop\/alejandra\/wp-json\/wp\/v2\/users\/1"}],"replies":[{"embeddable":true,"href":"https:\/\/snkrstore.shop\/alejandra\/wp-json\/wp\/v2\/comments?post=24"}],"version-history":[{"count":2,"href":"https:\/\/snkrstore.shop\/alejandra\/wp-json\/wp\/v2\/pages\/24\/revisions"}],"predecessor-version":[{"id":361,"href":"https:\/\/snkrstore.shop\/alejandra\/wp-json\/wp\/v2\/pages\/24\/revisions\/361"}],"wp:attachment":[{"href":"https:\/\/snkrstore.shop\/alejandra\/wp-json\/wp\/v2\/media?parent=24"}],"curies":[{"name":"wp","href":"https:\/\/api.w.org\/{rel}","templated":true}]}}