{"id":22,"date":"2026-03-21T17:07:40","date_gmt":"2026-03-21T16:07:40","guid":{"rendered":"https:\/\/snkrstore.shop\/alejandra\/?page_id=22"},"modified":"2026-04-11T16:45:46","modified_gmt":"2026-04-11T14:45:46","slug":"preguntas-frecuentes","status":"publish","type":"page","link":"https:\/\/snkrstore.shop\/alejandra\/preguntas-frecuentes\/","title":{"rendered":"Preguntas frecuentes"},"content":{"rendered":"<div class=\"container section-title-container\" ><h1 class=\"section-title section-title-center\"><b aria-hidden=\"true\"><\/b><span class=\"section-title-main\" style=\"color:#00a0d2;\"><i class=\"icon-chat\" aria-hidden=\"true\"><\/i>Preguntas frecuentes<\/span><b aria-hidden=\"true\"><\/b><\/h1><\/div>\n<div class=\"accordion\">\n\t<div id=\"accordion-3144558796\" class=\"accordion-item\">\n\t\t<a id=\"accordion-3144558796-label\" class=\"accordion-title plain\" href=\"#accordion-item-\u00bflos-productos-son-originales?\" aria-expanded=\"false\" aria-controls=\"accordion-3144558796-content\">\n\t\t\t<button class=\"toggle\" aria-label=\"Toggle\"><i class=\"icon-angle-down\" aria-hidden=\"true\"><\/i><\/button>\n\t\t\t<span>\u00bfLos productos son originales?<\/span>\n\t\t<\/a>\n\t\t<div id=\"accordion-3144558796-content\" class=\"accordion-inner\" aria-labelledby=\"accordion-3144558796-label\">\n\t\t\t\n<p>En SNKR STORE ofrecemos r\u00e9plicas AAA de alta calidad<\/p>\n\t\t<\/div>\n\t<\/div>\n\t\n\t<div id=\"accordion-3360866417\" class=\"accordion-item\">\n\t\t<a id=\"accordion-3360866417-label\" class=\"accordion-title plain\" href=\"#accordion-item-\u00bfc\u00f3mo-elijo-mi-talla-correcta?\" aria-expanded=\"false\" aria-controls=\"accordion-3360866417-content\">\n\t\t\t<button class=\"toggle\" aria-label=\"Toggle\"><i class=\"icon-angle-down\" aria-hidden=\"true\"><\/i><\/button>\n\t\t\t<span>\u00bfC\u00f3mo elijo mi talla correcta?<\/span>\n\t\t<\/a>\n\t\t<div id=\"accordion-3360866417-content\" class=\"accordion-inner\" aria-labelledby=\"accordion-3360866417-label\">\n\t\t\t\n<p>Recomendamos elegir tu talla habitual. Si tienes dudas, puedes escribirnos por <strong><em><a href=\"https:\/\/wa.me\/573148457701\" target=\"_blank\" rel=\"noopener\">WhatsApp<\/a> <\/em><\/strong>y te asesoramos seg\u00fan el modelo.<\/p>\n\t\t<\/div>\n\t<\/div>\n\t\n\t<div id=\"accordion-3206129529\" class=\"accordion-item\">\n\t\t<a id=\"accordion-3206129529-label\" class=\"accordion-title plain\" href=\"#accordion-item-\u00bfhacen-env\u00edos-a-todo-el-pa\u00eds?\" aria-expanded=\"false\" aria-controls=\"accordion-3206129529-content\">\n\t\t\t<button class=\"toggle\" aria-label=\"Toggle\"><i class=\"icon-angle-down\" aria-hidden=\"true\"><\/i><\/button>\n\t\t\t<span>\u00bfHacen env\u00edos a todo el pa\u00eds?<\/span>\n\t\t<\/a>\n\t\t<div id=\"accordion-3206129529-content\" class=\"accordion-inner\" aria-labelledby=\"accordion-3206129529-label\">\n\t\t\t\n<p>S\u00ed, realizamos env\u00edos a toda Colombia. El costo y tiempo de entrega pueden variar seg\u00fan la ciudad.<\/p>\n\t\t<\/div>\n\t<\/div>\n\t\n\t<div id=\"accordion-902864581\" class=\"accordion-item\">\n\t\t<a id=\"accordion-902864581-label\" class=\"accordion-title plain\" href=\"#accordion-item-\u00bfcu\u00e1nto-tarda-en-llegar-mi-pedido?\" aria-expanded=\"false\" aria-controls=\"accordion-902864581-content\">\n\t\t\t<button class=\"toggle\" aria-label=\"Toggle\"><i class=\"icon-angle-down\" aria-hidden=\"true\"><\/i><\/button>\n\t\t\t<span>\u00bfCu\u00e1nto tarda en llegar mi pedido?<\/span>\n\t\t<\/a>\n\t\t<div id=\"accordion-902864581-content\" class=\"accordion-inner\" aria-labelledby=\"accordion-902864581-label\">\n\t\t\t\n<p>El tiempo de entrega normalmente es de 2 a 5 d\u00edas h\u00e1biles, dependiendo de tu ubicaci\u00f3n.<\/p>\n\t\t<\/div>\n\t<\/div>\n\t\n\t<div id=\"accordion-3051533602\" class=\"accordion-item\">\n\t\t<a id=\"accordion-3051533602-label\" class=\"accordion-title plain\" href=\"#accordion-item-\u00bfqu\u00e9-m\u00e9todos-de-pago-aceptan?\" aria-expanded=\"false\" aria-controls=\"accordion-3051533602-content\">\n\t\t\t<button class=\"toggle\" aria-label=\"Toggle\"><i class=\"icon-angle-down\" aria-hidden=\"true\"><\/i><\/button>\n\t\t\t<span>\u00bfQu\u00e9 m\u00e9todos de pago aceptan?<\/span>\n\t\t<\/a>\n\t\t<div id=\"accordion-3051533602-content\" class=\"accordion-inner\" aria-labelledby=\"accordion-3051533602-label\">\n\t\t\t\n<p>Aceptamos:<\/p>\n<p>Transferencias bancarias<br \/>\nNequi<br \/>\nDaviplata<br \/>\nPago contra entrega <\/p>\n\t\t<\/div>\n\t<\/div>\n\t\n<\/div>\n","protected":false},"excerpt":{"rendered":"","protected":false},"author":1,"featured_media":0,"parent":0,"menu_order":0,"comment_status":"closed","ping_status":"closed","template":"","meta":{"_joinchat":[],"footnotes":""},"class_list":["post-22","page","type-page","status-publish","hentry"],"yoast_head":"<!-- This site is optimized with the Yoast SEO plugin v27.5 - https:\/\/yoast.com\/product\/yoast-seo-wordpress\/ -->\n<title>Preguntas frecuentes - SNKR STORE<\/title>\n<meta name=\"robots\" content=\"index, follow, max-snippet:-1, max-image-preview:large, max-video-preview:-1\" \/>\n<link rel=\"canonical\" href=\"https:\/\/snkrstore.shop\/alejandra\/preguntas-frecuentes\/\" \/>\n<meta property=\"og:locale\" content=\"es_ES\" \/>\n<meta property=\"og:type\" content=\"article\" \/>\n<meta property=\"og:title\" content=\"Preguntas frecuentes - SNKR STORE\" \/>\n<meta property=\"og:url\" content=\"https:\/\/snkrstore.shop\/alejandra\/preguntas-frecuentes\/\" \/>\n<meta property=\"og:site_name\" content=\"SNKR STORE\" \/>\n<meta property=\"article:modified_time\" content=\"2026-04-11T14:45:46+00:00\" \/>\n<meta name=\"twitter:card\" content=\"summary_large_image\" \/>\n<meta name=\"twitter:label1\" content=\"Tiempo de lectura\" \/>\n\t<meta name=\"twitter:data1\" content=\"1 minuto\" \/>\n<script type=\"application\/ld+json\" class=\"yoast-schema-graph\">{\"@context\":\"https:\\\/\\\/schema.org\",\"@graph\":[{\"@type\":\"WebPage\",\"@id\":\"https:\\\/\\\/snkrstore.shop\\\/alejandra\\\/preguntas-frecuentes\\\/\",\"url\":\"https:\\\/\\\/snkrstore.shop\\\/alejandra\\\/preguntas-frecuentes\\\/\",\"name\":\"Preguntas frecuentes - SNKR STORE\",\"isPartOf\":{\"@id\":\"https:\\\/\\\/snkrstore.shop\\\/alejandra\\\/#website\"},\"datePublished\":\"2026-03-21T16:07:40+00:00\",\"dateModified\":\"2026-04-11T14:45:46+00:00\",\"breadcrumb\":{\"@id\":\"https:\\\/\\\/snkrstore.shop\\\/alejandra\\\/preguntas-frecuentes\\\/#breadcrumb\"},\"inLanguage\":\"es\",\"potentialAction\":[{\"@type\":\"ReadAction\",\"target\":[\"https:\\\/\\\/snkrstore.shop\\\/alejandra\\\/preguntas-frecuentes\\\/\"]}]},{\"@type\":\"BreadcrumbList\",\"@id\":\"https:\\\/\\\/snkrstore.shop\\\/alejandra\\\/preguntas-frecuentes\\\/#breadcrumb\",\"itemListElement\":[{\"@type\":\"ListItem\",\"position\":1,\"name\":\"Portada\",\"item\":\"https:\\\/\\\/snkrstore.shop\\\/alejandra\\\/\"},{\"@type\":\"ListItem\",\"position\":2,\"name\":\"Preguntas frecuentes\"}]},{\"@type\":\"WebSite\",\"@id\":\"https:\\\/\\\/snkrstore.shop\\\/alejandra\\\/#website\",\"url\":\"https:\\\/\\\/snkrstore.shop\\\/alejandra\\\/\",\"name\":\"SNKR STORE\",\"description\":\"\",\"potentialAction\":[{\"@type\":\"SearchAction\",\"target\":{\"@type\":\"EntryPoint\",\"urlTemplate\":\"https:\\\/\\\/snkrstore.shop\\\/alejandra\\\/?s={search_term_string}\"},\"query-input\":{\"@type\":\"PropertyValueSpecification\",\"valueRequired\":true,\"valueName\":\"search_term_string\"}}],\"inLanguage\":\"es\"}]}<\/script>\n<!-- \/ Yoast SEO plugin. -->","yoast_head_json":{"title":"Preguntas frecuentes - SNKR STORE","robots":{"index":"index","follow":"follow","max-snippet":"max-snippet:-1","max-image-preview":"max-image-preview:large","max-video-preview":"max-video-preview:-1"},"canonical":"https:\/\/snkrstore.shop\/alejandra\/preguntas-frecuentes\/","og_locale":"es_ES","og_type":"article","og_title":"Preguntas frecuentes - SNKR STORE","og_url":"https:\/\/snkrstore.shop\/alejandra\/preguntas-frecuentes\/","og_site_name":"SNKR STORE","article_modified_time":"2026-04-11T14:45:46+00:00","twitter_card":"summary_large_image","twitter_misc":{"Tiempo de lectura":"1 minuto"},"schema":{"@context":"https:\/\/schema.org","@graph":[{"@type":"WebPage","@id":"https:\/\/snkrstore.shop\/alejandra\/preguntas-frecuentes\/","url":"https:\/\/snkrstore.shop\/alejandra\/preguntas-frecuentes\/","name":"Preguntas frecuentes - SNKR STORE","isPartOf":{"@id":"https:\/\/snkrstore.shop\/alejandra\/#website"},"datePublished":"2026-03-21T16:07:40+00:00","dateModified":"2026-04-11T14:45:46+00:00","breadcrumb":{"@id":"https:\/\/snkrstore.shop\/alejandra\/preguntas-frecuentes\/#breadcrumb"},"inLanguage":"es","potentialAction":[{"@type":"ReadAction","target":["https:\/\/snkrstore.shop\/alejandra\/preguntas-frecuentes\/"]}]},{"@type":"BreadcrumbList","@id":"https:\/\/snkrstore.shop\/alejandra\/preguntas-frecuentes\/#breadcrumb","itemListElement":[{"@type":"ListItem","position":1,"name":"Portada","item":"https:\/\/snkrstore.shop\/alejandra\/"},{"@type":"ListItem","position":2,"name":"Preguntas frecuentes"}]},{"@type":"WebSite","@id":"https:\/\/snkrstore.shop\/alejandra\/#website","url":"https:\/\/snkrstore.shop\/alejandra\/","name":"SNKR STORE","description":"","potentialAction":[{"@type":"SearchAction","target":{"@type":"EntryPoint","urlTemplate":"https:\/\/snkrstore.shop\/alejandra\/?s={search_term_string}"},"query-input":{"@type":"PropertyValueSpecification","valueRequired":true,"valueName":"search_term_string"}}],"inLanguage":"es"}]}},"jetpack_sharing_enabled":true,"_links":{"self":[{"href":"https:\/\/snkrstore.shop\/alejandra\/wp-json\/wp\/v2\/pages\/22","targetHints":{"allow":["GET"]}}],"collection":[{"href":"https:\/\/snkrstore.shop\/alejandra\/wp-json\/wp\/v2\/pages"}],"about":[{"href":"https:\/\/snkrstore.shop\/alejandra\/wp-json\/wp\/v2\/types\/page"}],"author":[{"embeddable":true,"href":"https:\/\/snkrstore.shop\/alejandra\/wp-json\/wp\/v2\/users\/1"}],"replies":[{"embeddable":true,"href":"https:\/\/snkrstore.shop\/alejandra\/wp-json\/wp\/v2\/comments?post=22"}],"version-history":[{"count":4,"href":"https:\/\/snkrstore.shop\/alejandra\/wp-json\/wp\/v2\/pages\/22\/revisions"}],"predecessor-version":[{"id":219,"href":"https:\/\/snkrstore.shop\/alejandra\/wp-json\/wp\/v2\/pages\/22\/revisions\/219"}],"wp:attachment":[{"href":"https:\/\/snkrstore.shop\/alejandra\/wp-json\/wp\/v2\/media?parent=22"}],"curies":[{"name":"wp","href":"https:\/\/api.w.org\/{rel}","templated":true}]}}