{"id":211,"date":"2026-04-11T16:01:59","date_gmt":"2026-04-11T14:01:59","guid":{"rendered":"https:\/\/snkrstore.shop\/alejandra\/?page_id=211"},"modified":"2026-05-09T02:29:12","modified_gmt":"2026-05-09T00:29:12","slug":"envios","status":"publish","type":"page","link":"https:\/\/snkrstore.shop\/alejandra\/envios\/","title":{"rendered":"Env\u00edos"},"content":{"rendered":"<p data-start=\"83\" data-end=\"218\">En SNKR STORE realizamos env\u00edos a toda <span class=\"hover:entity-accent entity-underline inline cursor-pointer align-baseline\"><span class=\"whitespace-normal\">Colombia<\/span><\/span> para que recibas tus zapatillas de manera r\u00e1pida y segura.<\/p>\n<h3 data-section-id=\"1i2d32o\" data-start=\"220\" data-end=\"242\">Tiempos de entrega<\/h3>\n<p data-start=\"243\" data-end=\"307\">Los tiempos de entrega pueden variar seg\u00fan la ciudad de destino:<\/p>\n<ul data-start=\"309\" data-end=\"506\">\n<li data-section-id=\"9neumj\" data-start=\"309\" data-end=\"381\"><span class=\"hover:entity-accent entity-underline inline cursor-pointer align-baseline\"><span class=\"whitespace-normal\">Cali<\/span><\/span>: entre <strong data-start=\"356\" data-end=\"381\">24 y 48 horas h\u00e1biles<\/strong><\/li>\n<li data-section-id=\"1fqh19n\" data-start=\"382\" data-end=\"434\">Ciudades principales: entre <strong data-start=\"412\" data-end=\"434\">2 y 5 d\u00edas h\u00e1biles<\/strong><\/li>\n<li data-section-id=\"1y9ylww\" data-start=\"435\" data-end=\"506\">Municipios alejados o de dif\u00edcil acceso: entre <strong data-start=\"484\" data-end=\"506\">5 y 8 d\u00edas h\u00e1biles<\/strong><\/li>\n<\/ul>\n<p data-start=\"508\" data-end=\"591\">Los tiempos comienzan a contar una vez el pedido haya sido confirmado y despachado.<\/p>\n<h3 data-section-id=\"qcos6n\" data-start=\"593\" data-end=\"612\">Costos de env\u00edo<\/h3>\n<ul data-start=\"613\" data-end=\"796\">\n<li data-section-id=\"10f0vlv\" data-start=\"613\" data-end=\"695\">El valor del env\u00edo se calcula autom\u00e1ticamente al momento de finalizar la compra.<\/li>\n<li data-section-id=\"13kkp5n\" data-start=\"696\" data-end=\"796\">En algunas promociones especiales, SNKR STORE podr\u00e1 ofrecer env\u00edo gratis en pedidos seleccionados.<\/li>\n<\/ul>\n<h3 data-section-id=\"19i996q\" data-start=\"798\" data-end=\"824\">Informaci\u00f3n importante<\/h3>\n<ul data-start=\"825\" data-end=\"1120\">\n<li data-section-id=\"uibsuq\" data-start=\"825\" data-end=\"885\">Todos los pedidos son despachados con gu\u00eda de seguimiento.<\/li>\n<li data-section-id=\"1xsmf2f\" data-start=\"886\" data-end=\"995\">Una vez enviado el pedido, el cliente recibir\u00e1 la informaci\u00f3n de rastreo por WhatsApp o correo electr\u00f3nico.<\/li>\n<li data-section-id=\"hvj7uh\" data-start=\"996\" data-end=\"1120\">Los tiempos de entrega pueden verse afectados por novedades de la transportadora, clima, alta demanda o fechas especiales.<\/li>\n<\/ul>\n<h3 data-section-id=\"144d5lm\" data-start=\"1122\" data-end=\"1143\">Datos del cliente<\/h3>\n<p data-start=\"1144\" data-end=\"1198\">Es responsabilidad del cliente ingresar correctamente:<\/p>\n<ul data-start=\"1199\" data-end=\"1269\">\n<li data-section-id=\"1q4k5ma\" data-start=\"1199\" data-end=\"1216\">Nombre completo<\/li>\n<li data-section-id=\"108c8x2\" data-start=\"1217\" data-end=\"1228\">Direcci\u00f3n<\/li>\n<li data-section-id=\"13lschz\" data-start=\"1229\" data-end=\"1249\">N\u00famero de contacto<\/li>\n<li data-section-id=\"avxlkp\" data-start=\"1250\" data-end=\"1269\">Ciudad de destino<\/li>\n<\/ul>\n<p data-start=\"1271\" data-end=\"1401\">SNKR STORE no se hace responsable por retrasos o entregas fallidas ocasionadas por datos incorrectos suministrados por el cliente.<\/p>\n<h3 data-section-id=\"n6r8wh\" data-start=\"1403\" data-end=\"1428\">Pedidos no entregados<\/h3>\n<p data-start=\"1429\" data-end=\"1458\">Si el pedido es devuelto por:<\/p>\n<ul data-start=\"1459\" data-end=\"1522\">\n<li data-section-id=\"15uf0ce\" data-start=\"1459\" data-end=\"1481\">Direcci\u00f3n incorrecta<\/li>\n<li data-section-id=\"1kr4h6m\" data-start=\"1482\" data-end=\"1504\">Ausencia del cliente<\/li>\n<li data-section-id=\"kyfu3b\" data-start=\"1505\" data-end=\"1522\">N\u00famero inv\u00e1lido<\/li>\n<\/ul>\n<p data-start=\"1524\" data-end=\"1576\">El cliente deber\u00e1 asumir el costo de un nuevo env\u00edo.<\/p>\n<h3 data-section-id=\"1x1oo4p\" data-start=\"1578\" data-end=\"1590\">Contacto<\/h3>\n<p data-start=\"1591\" data-end=\"1706\" data-is-last-node=\"\" data-is-only-node=\"\">Si tienes dudas sobre tu env\u00edo, puedes comunicarte con nuestro equipo de atenci\u00f3n a trav\u00e9s de WhatsApp o Instagram.<\/p>\n","protected":false},"excerpt":{"rendered":"<p>En SNKR STORE realizamos env\u00edos a toda Colombia para que recibas tus zapatillas de manera r\u00e1pida y segura. Tiempos de entrega Los tiempos de entrega pueden variar seg\u00fan la ciudad de destino: Cali: entre 24 y 48 horas h\u00e1biles Ciudades principales: entre 2 y 5 d\u00edas h\u00e1biles Municipios alejados o de dif\u00edcil acceso: entre 5 [&#8230;]\n","protected":false},"author":1,"featured_media":0,"parent":0,"menu_order":0,"comment_status":"closed","ping_status":"closed","template":"","meta":{"_joinchat":[],"footnotes":""},"class_list":["post-211","page","type-page","status-publish","hentry"],"yoast_head":"<!-- This site is optimized with the Yoast SEO plugin v27.5 - https:\/\/yoast.com\/product\/yoast-seo-wordpress\/ -->\n<title>Env\u00edos - SNKR STORE<\/title>\n<meta name=\"robots\" content=\"index, follow, max-snippet:-1, max-image-preview:large, max-video-preview:-1\" \/>\n<link rel=\"canonical\" href=\"https:\/\/snkrstore.shop\/alejandra\/envios\/\" \/>\n<meta property=\"og:locale\" content=\"es_ES\" \/>\n<meta property=\"og:type\" content=\"article\" \/>\n<meta property=\"og:title\" content=\"Env\u00edos - SNKR STORE\" \/>\n<meta property=\"og:description\" content=\"En SNKR STORE realizamos env\u00edos a toda Colombia para que recibas tus zapatillas de manera r\u00e1pida y segura. Tiempos de entrega Los tiempos de entrega pueden variar seg\u00fan la ciudad de destino: Cali: entre 24 y 48 horas h\u00e1biles Ciudades principales: entre 2 y 5 d\u00edas h\u00e1biles Municipios alejados o de dif\u00edcil acceso: entre 5 [...]\" \/>\n<meta property=\"og:url\" content=\"https:\/\/snkrstore.shop\/alejandra\/envios\/\" \/>\n<meta property=\"og:site_name\" content=\"SNKR STORE\" \/>\n<meta property=\"article:modified_time\" content=\"2026-05-09T00:29:12+00:00\" \/>\n<meta name=\"twitter:card\" content=\"summary_large_image\" \/>\n<meta name=\"twitter:label1\" content=\"Tiempo de lectura\" \/>\n\t<meta name=\"twitter:data1\" content=\"2 minutos\" \/>\n<script type=\"application\/ld+json\" class=\"yoast-schema-graph\">{\"@context\":\"https:\\\/\\\/schema.org\",\"@graph\":[{\"@type\":\"WebPage\",\"@id\":\"https:\\\/\\\/snkrstore.shop\\\/alejandra\\\/envios\\\/\",\"url\":\"https:\\\/\\\/snkrstore.shop\\\/alejandra\\\/envios\\\/\",\"name\":\"Env\u00edos - SNKR STORE\",\"isPartOf\":{\"@id\":\"https:\\\/\\\/snkrstore.shop\\\/alejandra\\\/#website\"},\"datePublished\":\"2026-04-11T14:01:59+00:00\",\"dateModified\":\"2026-05-09T00:29:12+00:00\",\"breadcrumb\":{\"@id\":\"https:\\\/\\\/snkrstore.shop\\\/alejandra\\\/envios\\\/#breadcrumb\"},\"inLanguage\":\"es\",\"potentialAction\":[{\"@type\":\"ReadAction\",\"target\":[\"https:\\\/\\\/snkrstore.shop\\\/alejandra\\\/envios\\\/\"]}]},{\"@type\":\"BreadcrumbList\",\"@id\":\"https:\\\/\\\/snkrstore.shop\\\/alejandra\\\/envios\\\/#breadcrumb\",\"itemListElement\":[{\"@type\":\"ListItem\",\"position\":1,\"name\":\"Portada\",\"item\":\"https:\\\/\\\/snkrstore.shop\\\/alejandra\\\/\"},{\"@type\":\"ListItem\",\"position\":2,\"name\":\"Env\u00edos\"}]},{\"@type\":\"WebSite\",\"@id\":\"https:\\\/\\\/snkrstore.shop\\\/alejandra\\\/#website\",\"url\":\"https:\\\/\\\/snkrstore.shop\\\/alejandra\\\/\",\"name\":\"SNKR STORE\",\"description\":\"\",\"potentialAction\":[{\"@type\":\"SearchAction\",\"target\":{\"@type\":\"EntryPoint\",\"urlTemplate\":\"https:\\\/\\\/snkrstore.shop\\\/alejandra\\\/?s={search_term_string}\"},\"query-input\":{\"@type\":\"PropertyValueSpecification\",\"valueRequired\":true,\"valueName\":\"search_term_string\"}}],\"inLanguage\":\"es\"}]}<\/script>\n<!-- \/ Yoast SEO plugin. -->","yoast_head_json":{"title":"Env\u00edos - SNKR STORE","robots":{"index":"index","follow":"follow","max-snippet":"max-snippet:-1","max-image-preview":"max-image-preview:large","max-video-preview":"max-video-preview:-1"},"canonical":"https:\/\/snkrstore.shop\/alejandra\/envios\/","og_locale":"es_ES","og_type":"article","og_title":"Env\u00edos - SNKR STORE","og_description":"En SNKR STORE realizamos env\u00edos a toda Colombia para que recibas tus zapatillas de manera r\u00e1pida y segura. Tiempos de entrega Los tiempos de entrega pueden variar seg\u00fan la ciudad de destino: Cali: entre 24 y 48 horas h\u00e1biles Ciudades principales: entre 2 y 5 d\u00edas h\u00e1biles Municipios alejados o de dif\u00edcil acceso: entre 5 [...]","og_url":"https:\/\/snkrstore.shop\/alejandra\/envios\/","og_site_name":"SNKR STORE","article_modified_time":"2026-05-09T00:29:12+00:00","twitter_card":"summary_large_image","twitter_misc":{"Tiempo de lectura":"2 minutos"},"schema":{"@context":"https:\/\/schema.org","@graph":[{"@type":"WebPage","@id":"https:\/\/snkrstore.shop\/alejandra\/envios\/","url":"https:\/\/snkrstore.shop\/alejandra\/envios\/","name":"Env\u00edos - SNKR STORE","isPartOf":{"@id":"https:\/\/snkrstore.shop\/alejandra\/#website"},"datePublished":"2026-04-11T14:01:59+00:00","dateModified":"2026-05-09T00:29:12+00:00","breadcrumb":{"@id":"https:\/\/snkrstore.shop\/alejandra\/envios\/#breadcrumb"},"inLanguage":"es","potentialAction":[{"@type":"ReadAction","target":["https:\/\/snkrstore.shop\/alejandra\/envios\/"]}]},{"@type":"BreadcrumbList","@id":"https:\/\/snkrstore.shop\/alejandra\/envios\/#breadcrumb","itemListElement":[{"@type":"ListItem","position":1,"name":"Portada","item":"https:\/\/snkrstore.shop\/alejandra\/"},{"@type":"ListItem","position":2,"name":"Env\u00edos"}]},{"@type":"WebSite","@id":"https:\/\/snkrstore.shop\/alejandra\/#website","url":"https:\/\/snkrstore.shop\/alejandra\/","name":"SNKR STORE","description":"","potentialAction":[{"@type":"SearchAction","target":{"@type":"EntryPoint","urlTemplate":"https:\/\/snkrstore.shop\/alejandra\/?s={search_term_string}"},"query-input":{"@type":"PropertyValueSpecification","valueRequired":true,"valueName":"search_term_string"}}],"inLanguage":"es"}]}},"jetpack_sharing_enabled":true,"_links":{"self":[{"href":"https:\/\/snkrstore.shop\/alejandra\/wp-json\/wp\/v2\/pages\/211","targetHints":{"allow":["GET"]}}],"collection":[{"href":"https:\/\/snkrstore.shop\/alejandra\/wp-json\/wp\/v2\/pages"}],"about":[{"href":"https:\/\/snkrstore.shop\/alejandra\/wp-json\/wp\/v2\/types\/page"}],"author":[{"embeddable":true,"href":"https:\/\/snkrstore.shop\/alejandra\/wp-json\/wp\/v2\/users\/1"}],"replies":[{"embeddable":true,"href":"https:\/\/snkrstore.shop\/alejandra\/wp-json\/wp\/v2\/comments?post=211"}],"version-history":[{"count":4,"href":"https:\/\/snkrstore.shop\/alejandra\/wp-json\/wp\/v2\/pages\/211\/revisions"}],"predecessor-version":[{"id":360,"href":"https:\/\/snkrstore.shop\/alejandra\/wp-json\/wp\/v2\/pages\/211\/revisions\/360"}],"wp:attachment":[{"href":"https:\/\/snkrstore.shop\/alejandra\/wp-json\/wp\/v2\/media?parent=211"}],"curies":[{"name":"wp","href":"https:\/\/api.w.org\/{rel}","templated":true}]}}