{"id":16,"date":"2026-03-21T17:05:36","date_gmt":"2026-03-21T16:05:36","guid":{"rendered":"https:\/\/snkrstore.shop\/alejandra\/?page_id=16"},"modified":"2026-04-11T14:39:41","modified_gmt":"2026-04-11T12:39:41","slug":"quienes-somos","status":"publish","type":"page","link":"https:\/\/snkrstore.shop\/alejandra\/quienes-somos\/","title":{"rendered":"Quienes somos"},"content":{"rendered":"\n\t<section class=\"section dark\" id=\"section_476086330\">\n\t\t<div class=\"section-bg fill\" >\n\t\t\t\t\t\t\t\t\t\n\t\t\t\n\n\t\t<\/div>\n\n\t\t\n\n\t\t<div class=\"section-content relative\">\n\t\t\t\n<div class=\"row row-collapse row-full-width align-middle\"  id=\"row-1170117587\">\n\n\t<div id=\"col-994775543\" class=\"col medium-12 small-12 large-6 medium-col-first\"  >\n\t\t\t\t<div class=\"col-inner\"  >\n\t\t\t\n\t\t\t\n\n  <div class=\"banner has-hover\" id=\"banner-900845732\">\n          <div class=\"banner-inner fill\">\n        <div class=\"banner-bg fill\" >\n            <img fetchpriority=\"high\" decoding=\"async\" width=\"1920\" height=\"1080\" src=\"https:\/\/snkrstore.shop\/alejandra\/wp-content\/uploads\/2026\/04\/ImageToStl.com_SNEAKERSESTRATEGIADEMEDIOS.pptx.avif\" class=\"bg attachment-original size-original\" alt=\"SNKR STORE\" \/>                                    \n                    <\/div>\n\t\t\n        <div class=\"banner-layers container\">\n            <div class=\"fill banner-link\"><\/div>            \n   <div id=\"text-box-1776051206\" class=\"text-box banner-layer x50 md-x50 lg-x50 y50 md-y50 lg-y50 res-text\">\n                                <div class=\"text-box-content text dark\">\n              \n              <div class=\"text-inner text-center\">\n                  \n              <\/div>\n           <\/div>\n                            \n<style>\n#text-box-1776051206 {\n  width: 60%;\n}\n#text-box-1776051206 .text-box-content {\n  font-size: 100%;\n}\n@media (min-width:550px) {\n  #text-box-1776051206 {\n    width: 60%;\n  }\n}\n<\/style>\n    <\/div>\n \n        <\/div>\n      <\/div>\n\n            \n<style>\n#banner-900845732 {\n  padding-top: 300px;\n  background-color: rgb(36, 38, 42);\n}\n#banner-900845732 .banner-bg img {\n  object-position: 51% 71%;\n}\n@media (min-width:550px) {\n  #banner-900845732 {\n    padding-top: 400px;\n  }\n}\n@media (min-width:850px) {\n  #banner-900845732 {\n    padding-top: 700px;\n  }\n}\n<\/style>\n  <\/div>\n\n\n\t\t<\/div>\n\t\t\t\t\t<\/div>\n\n\t\n\n\t<div id=\"col-1213787876\" class=\"col medium-12 small-12 large-6\"  >\n\t\t\t\t<div class=\"col-inner text-left\"  >\n\t\t\t\n\t\t\t\n<div class=\"row align-center\"  id=\"row-14843304\">\n\n\t<div id=\"col-1807012537\" class=\"col medium-10 small-10 large-8\"  >\n\t\t\t\t<div class=\"col-inner\"  >\n\t\t\t\n\t\t\t\n<div class=\"is-divider divider clearfix\" style=\"max-width:100px;height:4px;background-color:#3d6193;\"><\/div>\n\t<div id=\"text-482927134\" class=\"text\">\n\t\t\n<h1>QUIENES SOMOS<\/h1>\n\t\t\n<style>\n#text-482927134 {\n  font-size: 1.5rem;\n  line-height: 1.9;\n  color: #3d6193;\n}\n#text-482927134 > * {\n  color: #3d6193;\n}\n@media (min-width:550px) {\n  #text-482927134 {\n    font-size: 1.45rem;\n  }\n}\n<\/style>\n\t<\/div>\n\t\n<p>SNKR Store es un emprendimiento dedicado a la venta de zapatillas deportivas y cl\u00e1sicas, ofreciendo modelos modernos, c\u00f3modos y de alta calidad. La marca busca combinar estilo y funcionalidad, brindando a sus clientes opciones vers\u00e1tiles para el d\u00eda a d\u00eda y el deporte, con las \u00faltimas tendencias del mercado sneaker.<\/p>\n\t<div id=\"gap-1607927409\" class=\"gap-element clearfix\" style=\"display:block; height:auto;\">\n\t\t\n<style>\n#gap-1607927409 {\n  padding-top: 10px;\n}\n<\/style>\n\t<\/div>\n\t\n\t<div id=\"gap-526955306\" class=\"gap-element clearfix\" style=\"display:block; height:auto;\">\n\t\t\n<style>\n#gap-526955306 {\n  padding-top: 0px;\n}\n@media (min-width:550px) {\n  #gap-526955306 {\n    padding-top: 30px;\n  }\n}\n<\/style>\n\t<\/div>\n\t\n\t\t<\/div>\n\t\t\t\t\t<\/div>\n\n\t\n\n<style>\n#row-14843304 > .col > .col-inner {\n  padding: 20px 0px 20px 0px;\n}\n@media (min-width:550px) {\n  #row-14843304 > .col > .col-inner {\n    padding: 60px 0px 60px 0px;\n  }\n}\n@media (min-width:850px) {\n  #row-14843304 > .col > .col-inner {\n    padding: 60px 0px 40px 0px;\n  }\n}\n<\/style>\n<\/div>\n\t\t<\/div>\n\t\t\t\t\t<\/div>\n\n\t\n<\/div>\n\t\t<\/div>\n\n\t\t\n<style>\n#section_476086330 {\n  padding-top: 0px;\n  padding-bottom: 0px;\n  background-color: rgb(36, 38, 42);\n}\n<\/style>\n\t<\/section>\n\t\n","protected":false},"excerpt":{"rendered":"","protected":false},"author":1,"featured_media":0,"parent":0,"menu_order":0,"comment_status":"closed","ping_status":"closed","template":"","meta":{"_joinchat":[],"footnotes":""},"class_list":["post-16","page","type-page","status-publish","hentry"],"yoast_head":"<!-- This site is optimized with the Yoast SEO plugin v27.5 - https:\/\/yoast.com\/product\/yoast-seo-wordpress\/ -->\n<title>Quienes somos - SNKR STORE<\/title>\n<meta name=\"robots\" content=\"index, follow, max-snippet:-1, max-image-preview:large, max-video-preview:-1\" \/>\n<link rel=\"canonical\" href=\"https:\/\/snkrstore.shop\/alejandra\/quienes-somos\/\" \/>\n<meta property=\"og:locale\" content=\"es_ES\" \/>\n<meta property=\"og:type\" content=\"article\" \/>\n<meta property=\"og:title\" content=\"Quienes somos - SNKR STORE\" \/>\n<meta property=\"og:url\" content=\"https:\/\/snkrstore.shop\/alejandra\/quienes-somos\/\" \/>\n<meta property=\"og:site_name\" content=\"SNKR STORE\" \/>\n<meta property=\"article:modified_time\" content=\"2026-04-11T12:39:41+00:00\" \/>\n<meta name=\"twitter:card\" content=\"summary_large_image\" \/>\n<meta name=\"twitter:label1\" content=\"Tiempo de lectura\" \/>\n\t<meta name=\"twitter:data1\" content=\"1 minuto\" \/>\n<script type=\"application\/ld+json\" class=\"yoast-schema-graph\">{\"@context\":\"https:\\\/\\\/schema.org\",\"@graph\":[{\"@type\":\"WebPage\",\"@id\":\"https:\\\/\\\/snkrstore.shop\\\/alejandra\\\/quienes-somos\\\/\",\"url\":\"https:\\\/\\\/snkrstore.shop\\\/alejandra\\\/quienes-somos\\\/\",\"name\":\"Quienes somos - SNKR STORE\",\"isPartOf\":{\"@id\":\"https:\\\/\\\/snkrstore.shop\\\/alejandra\\\/#website\"},\"datePublished\":\"2026-03-21T16:05:36+00:00\",\"dateModified\":\"2026-04-11T12:39:41+00:00\",\"breadcrumb\":{\"@id\":\"https:\\\/\\\/snkrstore.shop\\\/alejandra\\\/quienes-somos\\\/#breadcrumb\"},\"inLanguage\":\"es\",\"potentialAction\":[{\"@type\":\"ReadAction\",\"target\":[\"https:\\\/\\\/snkrstore.shop\\\/alejandra\\\/quienes-somos\\\/\"]}]},{\"@type\":\"BreadcrumbList\",\"@id\":\"https:\\\/\\\/snkrstore.shop\\\/alejandra\\\/quienes-somos\\\/#breadcrumb\",\"itemListElement\":[{\"@type\":\"ListItem\",\"position\":1,\"name\":\"Portada\",\"item\":\"https:\\\/\\\/snkrstore.shop\\\/alejandra\\\/\"},{\"@type\":\"ListItem\",\"position\":2,\"name\":\"Quienes somos\"}]},{\"@type\":\"WebSite\",\"@id\":\"https:\\\/\\\/snkrstore.shop\\\/alejandra\\\/#website\",\"url\":\"https:\\\/\\\/snkrstore.shop\\\/alejandra\\\/\",\"name\":\"SNKR STORE\",\"description\":\"\",\"potentialAction\":[{\"@type\":\"SearchAction\",\"target\":{\"@type\":\"EntryPoint\",\"urlTemplate\":\"https:\\\/\\\/snkrstore.shop\\\/alejandra\\\/?s={search_term_string}\"},\"query-input\":{\"@type\":\"PropertyValueSpecification\",\"valueRequired\":true,\"valueName\":\"search_term_string\"}}],\"inLanguage\":\"es\"}]}<\/script>\n<!-- \/ Yoast SEO plugin. -->","yoast_head_json":{"title":"Quienes somos - SNKR STORE","robots":{"index":"index","follow":"follow","max-snippet":"max-snippet:-1","max-image-preview":"max-image-preview:large","max-video-preview":"max-video-preview:-1"},"canonical":"https:\/\/snkrstore.shop\/alejandra\/quienes-somos\/","og_locale":"es_ES","og_type":"article","og_title":"Quienes somos - SNKR STORE","og_url":"https:\/\/snkrstore.shop\/alejandra\/quienes-somos\/","og_site_name":"SNKR STORE","article_modified_time":"2026-04-11T12:39:41+00:00","twitter_card":"summary_large_image","twitter_misc":{"Tiempo de lectura":"1 minuto"},"schema":{"@context":"https:\/\/schema.org","@graph":[{"@type":"WebPage","@id":"https:\/\/snkrstore.shop\/alejandra\/quienes-somos\/","url":"https:\/\/snkrstore.shop\/alejandra\/quienes-somos\/","name":"Quienes somos - SNKR STORE","isPartOf":{"@id":"https:\/\/snkrstore.shop\/alejandra\/#website"},"datePublished":"2026-03-21T16:05:36+00:00","dateModified":"2026-04-11T12:39:41+00:00","breadcrumb":{"@id":"https:\/\/snkrstore.shop\/alejandra\/quienes-somos\/#breadcrumb"},"inLanguage":"es","potentialAction":[{"@type":"ReadAction","target":["https:\/\/snkrstore.shop\/alejandra\/quienes-somos\/"]}]},{"@type":"BreadcrumbList","@id":"https:\/\/snkrstore.shop\/alejandra\/quienes-somos\/#breadcrumb","itemListElement":[{"@type":"ListItem","position":1,"name":"Portada","item":"https:\/\/snkrstore.shop\/alejandra\/"},{"@type":"ListItem","position":2,"name":"Quienes somos"}]},{"@type":"WebSite","@id":"https:\/\/snkrstore.shop\/alejandra\/#website","url":"https:\/\/snkrstore.shop\/alejandra\/","name":"SNKR STORE","description":"","potentialAction":[{"@type":"SearchAction","target":{"@type":"EntryPoint","urlTemplate":"https:\/\/snkrstore.shop\/alejandra\/?s={search_term_string}"},"query-input":{"@type":"PropertyValueSpecification","valueRequired":true,"valueName":"search_term_string"}}],"inLanguage":"es"}]}},"jetpack_sharing_enabled":true,"_links":{"self":[{"href":"https:\/\/snkrstore.shop\/alejandra\/wp-json\/wp\/v2\/pages\/16","targetHints":{"allow":["GET"]}}],"collection":[{"href":"https:\/\/snkrstore.shop\/alejandra\/wp-json\/wp\/v2\/pages"}],"about":[{"href":"https:\/\/snkrstore.shop\/alejandra\/wp-json\/wp\/v2\/types\/page"}],"author":[{"embeddable":true,"href":"https:\/\/snkrstore.shop\/alejandra\/wp-json\/wp\/v2\/users\/1"}],"replies":[{"embeddable":true,"href":"https:\/\/snkrstore.shop\/alejandra\/wp-json\/wp\/v2\/comments?post=16"}],"version-history":[{"count":8,"href":"https:\/\/snkrstore.shop\/alejandra\/wp-json\/wp\/v2\/pages\/16\/revisions"}],"predecessor-version":[{"id":202,"href":"https:\/\/snkrstore.shop\/alejandra\/wp-json\/wp\/v2\/pages\/16\/revisions\/202"}],"wp:attachment":[{"href":"https:\/\/snkrstore.shop\/alejandra\/wp-json\/wp\/v2\/media?parent=16"}],"curies":[{"name":"wp","href":"https:\/\/api.w.org\/{rel}","templated":true}]}}